{"id":9990,"date":"2023-09-28T22:26:17","date_gmt":"2023-09-28T19:26:17","guid":{"rendered":"https:\/\/shop.bestudio.ee\/?post_type=product&#038;p=9990"},"modified":"2025-12-01T00:25:00","modified_gmt":"2025-11-30T22:25:00","slug":"dual-forms-square-120pcs","status":"publish","type":"product","link":"https:\/\/shop.bestudio.ee\/fi\/tuote\/dual-forms-square-120pcs\/","title":{"rendered":"Dual Forms Square, 120 kpl"},"content":{"rendered":"<p>Laatikossa on 12 kokoa, joista jokaisessa koossa on 10 lomaketta.<\/p>\n<p>Pakkaus sis\u00e4lt\u00e4\u00e4 120 kappaletta lomakkeita.<\/p>","protected":false},"excerpt":{"rendered":"<p><strong>Dual Silicone Forms luonnollisten kynsien pident\u00e4miseen ja kovettamiseen k\u00e4ytett\u00e4ess\u00e4 akryyligeeli\u00e4, akryylia ja geelej\u00e4.<\/strong><\/p>\n<p>Edut:<\/p>\n<ul>\n<li>Uudelleenk\u00e4ytett\u00e4vyys - muotoilun ja lampun alla kovettumisen j\u00e4lkeen voit k\u00e4ytt\u00e4\u00e4 lomakkeita uudelleen<\/li>\n<li>Ne sopivat hyvin, rakentavat kynnen rungon, luovat tunnelin ja C-muodon<\/li>\n<li>Muoto on kest\u00e4v\u00e4 ja joustava.<\/li>\n<li>Ty\u00f6skentely kaksoismuotojen kanssa nopeuttaa stylistin ty\u00f6t\u00e4.<\/li>\n<li>Ylim\u00e4\u00e4r\u00e4iset, tasaisin v\u00e4lein olevat rivit mahdollistavat jatkeen pituuden valinnan.<\/li>\n<\/ul>","protected":false},"featured_media":9991,"template":"","meta":[],"product_brand":[],"product_cat":[116,143,226,230],"product_tag":[144,145],"class_list":{"0":"post-9990","1":"product","2":"type-product","3":"status-publish","4":"has-post-thumbnail","6":"product_cat-makear","7":"product_cat-acrylogel-gelacryl","8":"product_cat-accessories","9":"product_cat-nail-accessories","10":"product_tag-kuunte-vormid","11":"product_tag-nail-forms","13":"first","14":"outofstock","15":"taxable","16":"shipping-taxable","17":"purchasable","18":"product-type-simple"},"jetpack_sharing_enabled":true,"_links":{"self":[{"href":"https:\/\/shop.bestudio.ee\/fi\/wp-json\/wp\/v2\/product\/9990","targetHints":{"allow":["GET"]}}],"collection":[{"href":"https:\/\/shop.bestudio.ee\/fi\/wp-json\/wp\/v2\/product"}],"about":[{"href":"https:\/\/shop.bestudio.ee\/fi\/wp-json\/wp\/v2\/types\/product"}],"wp:featuredmedia":[{"embeddable":true,"href":"https:\/\/shop.bestudio.ee\/fi\/wp-json\/wp\/v2\/media\/9991"}],"wp:attachment":[{"href":"https:\/\/shop.bestudio.ee\/fi\/wp-json\/wp\/v2\/media?parent=9990"}],"wp:term":[{"taxonomy":"product_brand","embeddable":true,"href":"https:\/\/shop.bestudio.ee\/fi\/wp-json\/wp\/v2\/product_brand?post=9990"},{"taxonomy":"product_cat","embeddable":true,"href":"https:\/\/shop.bestudio.ee\/fi\/wp-json\/wp\/v2\/product_cat?post=9990"},{"taxonomy":"product_tag","embeddable":true,"href":"https:\/\/shop.bestudio.ee\/fi\/wp-json\/wp\/v2\/product_tag?post=9990"}],"curies":[{"name":"wp","href":"https:\/\/api.w.org\/{rel}","templated":true}]}}