{"id":182,"date":"2022-10-22T11:01:58","date_gmt":"2022-10-22T11:01:58","guid":{"rendered":"https:\/\/shop.bestudio.ee\/?page_id=182"},"modified":"2022-11-21T08:48:12","modified_gmt":"2022-11-21T08:48:12","slug":"privacy-policy-and-terms","status":"publish","type":"page","link":"https:\/\/shop.bestudio.ee\/lv\/privacy-policy-and-terms\/","title":{"rendered":"Noteikumi un nosac\u012bjumi"},"content":{"rendered":"<h2 class=\"wp-block-heading\">Noteikumi un nosac\u012bjumi<\/h2>\n\n\n\n<p>Interneta veikala shop.bestudio.ee \u012bpa\u0161nieks ir De Sol Beauty O\u00dc, kas atrodas J. Vilmsi 53b, 10147 Tallina, Igaunija.<\/p>\n\n\n\n<hr class=\"wp-block-separator has-alpha-channel-opacity\"\/>\n\n\n\n<p><strong>P\u0101rdo\u0161anas l\u012bguma sp\u0113k\u0101 esam\u012bba, inform\u0101cija par produktu un cenu<\/strong><\/p>\n\n\n\n<p>Interneta veikal\u0101 nop\u0113rkamo pre\u010du cenas ir nor\u0101d\u012btas pie prec\u0113m. Cen\u0101 iek\u013cauta maksa par pre\u010du pieg\u0101di. Maksa par pre\u010du pieg\u0101di ir atkar\u012bga no pirc\u0113ja atra\u0161an\u0101s vietas un pieg\u0101des veida. Pieg\u0101des maksa tiek uzr\u0101d\u012bta pirc\u0113jam, noform\u0113jot pas\u016bt\u012bjumu.<br>Inform\u0101cija par preci tiek sniegta Interneta veikal\u0101 tie\u0161i pie preces.<br>Pre\u010du pirk\u0161anas un p\u0101rdo\u0161anas l\u012bgums tiek uzskat\u012bts par nosl\u0113gtu p\u0113c tam, kad Pirc\u0113js ir veicis pas\u016bt\u012bjumu un pas\u016bt\u012bjums ir apstiprin\u0101ts no P\u0101rdev\u0113ja puses. Pas\u016bt\u012bjuma apstiprin\u0101jums tiks nos\u016bt\u012bts uz e-pastu.<\/p>\n\n\n\n<hr class=\"wp-block-separator has-alpha-channel-opacity\"\/>\n\n\n\n<p><strong>Pas\u016bt\u012bjuma noform\u0113\u0161ana<\/strong><\/p>\n\n\n\n<p>Lai pas\u016bt\u012btu preces, v\u0113lam\u0101s preces j\u0101pievieno iepirkumu grozam. Lai pabeigtu pas\u016bt\u012bjumu, j\u0101aizpilda nepiecie\u0161amie datu lauki un j\u0101izv\u0113las atbilsto\u0161\u0101 preces pieg\u0101des metode. P\u0113c tam ekr\u0101n\u0101 tiek par\u0101d\u012bta nodevas summa, kuru var samaks\u0101t, izmantojot bankas saiti vai citu maks\u0101juma risin\u0101jumu. Maks\u0101jot ar bankas saiti, bankas lap\u0101 noteikti nospiediet pogu \u201cAtpaka\u013c pie tirgot\u0101ja\u201d.<\/p>\n\n\n\n<p>Maks\u0101jums tiek veikts \u0101rpus shop.bestudio.ee dro\u0161\u0101 vid\u0113 \u2013 nor\u0113\u0137inoties ar bankas saiti, attiec\u012bg\u0101s bankas dro\u0161aj\u0101 vid\u0113 un Maksekeskus AS dro\u0161aj\u0101 vid\u0113, nor\u0113\u0137inoties ar kred\u012btkarti. P\u0101rdev\u0113jam nav piek\u013cuves klienta bankas un kred\u012btkartes datiem.<\/p>\n\n\n\n<p>L\u012bgums st\u0101jas sp\u0113k\u0101 no iemaks\u0101jam\u0101s summas sa\u0146em\u0161anas Interneta veikala nor\u0113\u0137inu kont\u0101. Ja pas\u016bt\u012bt\u0101s preces nevar pieg\u0101d\u0101t preces beigu vai cita iemesla d\u0113\u013c, pirc\u0113js par to tiks inform\u0113ts p\u0113c iesp\u0113jas \u0101tr\u0101k un samaks\u0101t\u0101 nauda (t.sk. preces pieg\u0101des izmaksas) tiks nekav\u0113joties atgriezta, bet ne v\u0113l\u0101k k\u0101 14 dienu laik\u0101 no pazi\u0146ojuma nos\u016bt\u012b\u0161anas.<\/p>\n\n\n\n<hr class=\"wp-block-separator has-alpha-channel-opacity\"\/>\n\n\n\n<p><strong>Pieg\u0101de<\/strong><\/p>\n\n\n\n<p>Preces tiek s\u016bt\u012btas uz \u0161\u0101d\u0101m valst\u012bm: Igaunija, Somija, Latvija.<br>Pre\u010du pieg\u0101des izmaksas sedz pirc\u0113js, un atbilsto\u0161\u0101 inform\u0101cija par cenu tiek par\u0101d\u012bta blakus pieg\u0101des veidam. S\u016bt\u012bjumi Igaunijas robe\u017e\u0101s parasti non\u0101k pirc\u0113ja nor\u0101d\u012btaj\u0101 galam\u0113r\u0137\u012b 1-7 darba dienu laik\u0101 no p\u0101rdo\u0161anas l\u012bguma st\u0101\u0161an\u0101s sp\u0113k\u0101. Starptautiskie s\u016bt\u012bjumi parasti pien\u0101k galam\u0113r\u0137\u012b 2\u20137 darba dienu laik\u0101.<br>Iz\u0146\u0113muma gad\u012bjumos mums ir ties\u012bbas preces pieg\u0101d\u0101t 45 kalend\u0101ro dienu laik\u0101.<\/p>\n\n\n\n<p>M\u016bsu pieg\u0101des partneri ir: Omniva, SmartPost\/Itella, DPD<\/p>\n\n\n\n<p>S\u016bt\u012bjums tiks pieg\u0101d\u0101ts pakom\u0101t\u0101.<\/p>\n\n\n\n<hr class=\"wp-block-separator has-alpha-channel-opacity\"\/>\n\n\n\n<p><strong>Maks\u0101jumi<\/strong><\/p>\n\n\n\n<p>De Sol Beauty O\u00dc ir atbild\u012bgais personas datu apstr\u0101d\u0101t\u0101js, De Sol Beauty O\u00dc nodod maks\u0101jumu veik\u0161anai nepiecie\u0161amos personas datus pilnvarotajam apstr\u0101d\u0101t\u0101jam Maksekeskus AS. Maks\u0101jumi tiek veikti caur Maksekeskus AS v\u0101rteju (bankas saites), PayPal, tie\u0161o bankas p\u0101rskait\u012bjumu vai skaidru naudu salon\u0101 BE Studio. Maks\u0101jumi tiek apstr\u0101d\u0101ti val\u016bt\u0101 eiro (EUR).<\/p>\n\n\n\n<p>Banku saites (autoriz\u0113tais apstr\u0101d\u0101t\u0101js Maksekeskus AS): Swedbank, SEB, LHV, Luminor, Coop Pank, Citadele, Pocopay, Indivy, Liisi ID, Aktia, \u00c5landsbanken, Danske, Handelsbanken, Nordea, Oma S\u00e4\u00e4st\u00f6pankki, OP, POP Pankki, S-Pankki un S\u00e4\u00e4stopankki.<\/p>\n\n\n\n<p><\/p>\n\n\n\n<p>Tie\u0161ajam bankas p\u0101rskait\u012bjumam:<\/p>\n\n\n\n<p>De Sol Beauty O\u00dc<br>Adrese: Paasiku 22-204 13916 Tallina, Igaunija<br>Bankas konta nr.: EE751010220218399221<br>SWIFT kods: EEUHEE2x<br>Bankas nosaukums: SEB banka<\/p>\n\n\n\n<hr class=\"wp-block-separator has-alpha-channel-opacity\"\/>\n\n\n\n<p><strong>Atteikuma ties\u012bbas<\/strong><\/p>\n\n\n\n<p>Pirc\u0113jam p\u0113c pas\u016bt\u012bjuma sa\u0146em\u0161anas ir ties\u012bbas 14 dienu laik\u0101 atk\u0101pties no e-veikal\u0101 nosl\u0113gt\u0101 l\u012bguma. Kosm\u0113tikas un parfim\u0113rijas preces ar atv\u0113rtu iepakojumu nevar atgriezt. Preces, kuru lieto\u0161anu (vai nelieto\u0161anu) nevar kontrol\u0113t, ar\u012b nav piem\u0113rotas atgrie\u0161anai. Piem\u0113ram, dekorat\u012bv\u0101s kosm\u0113tikas l\u012bdzek\u013ci, kuru der\u012bguma termi\u0146\u0161 ir sal\u012bdzino\u0161i \u012bss un tie\u0161i atkar\u012bgs no produkta atv\u0113r\u0161anas laika. Atteikuma ties\u012bbas nav sp\u0113k\u0101, ja pirc\u0113js ir juridiska persona. Lai izmantotu 14 dienu atgrie\u0161anas ties\u012bbas, pas\u016bt\u012bt\u0101s preces nedr\u012bkst izmantot cit\u0101di, k\u0101 vien nepiecie\u0161ams pre\u010du rakstura, \u012bpa\u0161\u012bbu un darb\u012bbas p\u0101rbaudei t\u0101d\u0101 veid\u0101, kas \u013cauj preces p\u0101rbaud\u012bt fiziski. veikals. Ja preces ir izmantotas citiem m\u0113r\u0137iem, nek\u0101 tas ir nepiecie\u0161ams, lai p\u0101rliecin\u0101tos par pre\u010du raksturu, \u012bpa\u0161\u012bb\u0101m un funkcion\u0113\u0161anu, vai ja t\u0101m ir lieto\u0161anas vai nolietojuma paz\u012bmes, Interneta veikalam ir ties\u012bbas samazin\u0101t atmaks\u0101jamo maksu atbilsto\u0161i samazin\u0101jumam. pre\u010du v\u0113rt\u012bb\u0101. Lai atgrieztu preces, Jums j\u0101iesniedz br\u012bvas formas pieteikums par atteik\u0161anos no preces pirkuma un j\u0101nos\u016bta uz e-pasta adresi info@bestudio.ee ne v\u0113l\u0101k k\u0101 14 dienu laik\u0101 no preces sa\u0146em\u0161anas. Pre\u010du atgrie\u0161anas izmaksas sedz pirc\u0113js, ja vien atgrie\u0161anas iemesls nav t\u0101ds, ka atgrie\u017eam\u0101 prece neatbilst pas\u016bt\u012btajai (piem\u0113ram, nepareiza vai boj\u0101ta prece). Pirc\u0113jam ir j\u0101atgrie\u017e prece 14 dienu laik\u0101 p\u0113c pieteikuma iesnieg\u0161anas vai j\u0101iesniedz pier\u0101d\u012bjums, ka vi\u0146\u0161 ir nodevis preci preces p\u0101rvad\u0101t\u0101jam iepriek\u0161 min\u0113taj\u0101 termi\u0146\u0101. Sa\u0146emot atgriezto preci, interneta veikals pirc\u0113jam nekav\u0113joties, bet ne v\u0113l\u0101k k\u0101 14 dienu laik\u0101 p\u0113c atteikuma sa\u0146em\u0161anas atgrie\u017e visas no pirc\u0113ja saska\u0146\u0101 ar l\u012bgumu sa\u0146emt\u0101s maksas. Interneta veikals var atteikties izsniegt naudas atmaksu l\u012bdz br\u012bdim, kad tas ir sa\u0146\u0113mis preci, kas ir l\u012bguma priek\u0161mets, vai ar\u012b l\u012bdz pirc\u0113js ir iesniedzis pier\u0101d\u012bjumus, ka tas preci ir atgriezis, atkar\u012bb\u0101 no t\u0101, kas notiek \u0101tr\u0101k. Ja pirc\u0113js ir nep\u0101rprotami izv\u0113l\u0113jies pieg\u0101des veidu, kas at\u0161\u0137iras no Interneta veikala pied\u0101v\u0101t\u0101 l\u0113t\u0101k\u0101 parast\u0101 pieg\u0101des veida, Interneta veikalam nav j\u0101atmaks\u0101 pat\u0113r\u0113t\u0101jam izmaksas, kas p\u0101rsniedz izmaksas, kas saist\u012btas ar parasto pieg\u0101des veidu. Interneta veikalam ir ties\u012bbas atk\u0101pties no p\u0101rdo\u0161anas dar\u012bjuma un piepras\u012bt no pirc\u0113ja preces atgrie\u0161anu, ja preces cena interneta veikal\u0101 k\u013c\u016bdas d\u0113\u013c ir nor\u0101d\u012bta iev\u0113rojami zem\u0101ka par preces tirgus cenu.<\/p>\n\n\n\n<hr class=\"wp-block-separator has-alpha-channel-opacity\"\/>\n\n\n\n<p><strong>Tie\u0161ais m\u0101rketings un personas datu apstr\u0101de<\/strong><\/p>\n\n\n\n<p>Interneta veikals izmanto pirc\u0113ja ievad\u012btos personas datus (tai skait\u0101 v\u0101rdu, t\u0101lru\u0146a numuru, adresi, e-pasta adresi, bankas rekviz\u012btus) tikai pas\u016bt\u012bjuma apstr\u0101dei un pre\u010du nos\u016bt\u012b\u0161anai pirc\u0113jam.<br>Interneta veikals nos\u016bta personas datus uz\u0146\u0113mumiem, kas sniedz transporta pakalpojumus, lai preces pieg\u0101d\u0101tu.<br>Interneta veikals nos\u016bta pirc\u0113jam jaunumus un pied\u0101v\u0101jumus uz pirc\u0113ja e-pasta adresi tikai tad, ja pirc\u0113js ir izteicis savu v\u0113lmi to dar\u012bt, ievadot m\u0101jaslap\u0101 e-pasta adresi un nor\u0101d\u012bjis v\u0113lmi sa\u0146emt tie\u0161\u0101 pasta pazi\u0146ojumus. Pirc\u0113js var jebkur\u0101 laik\u0101 atteikties no pied\u0101v\u0101jumiem un jaunumiem, kas tiek s\u016bt\u012bti uz e-pastu, inform\u0113jot m\u016bs pa e-pastu uz info@bestudio.ee vai sekojot nor\u0101d\u012bjumiem e-past\u0101, kur\u0101 ir pied\u0101v\u0101jumi.<\/p>\n\n\n\n<p>Interneta veikals nodod personas datus pilnvarotiem apstr\u0101d\u0101t\u0101jiem:<\/p>\n\n\n\n<p>Itella<br>Omniva<br>DPD<br>Swedbank<br>SEB<br>Maksekeskus AS<\/p>\n\n\n\n<hr class=\"wp-block-separator has-alpha-channel-opacity\"\/>\n\n\n\n<p><strong>S\u012bkdat\u0146u izmanto\u0161ana<\/strong><\/p>\n\n\n\n<p>Lai lab\u0101k apkalpotu lietot\u0101jus, vietne shop.bestudio.ee izmanto s\u012bkdatnes.<\/p>\n\n\n\n<hr class=\"wp-block-separator has-alpha-channel-opacity\"\/>\n\n\n\n<p><strong>S\u012bkdat\u0146u atteikums<\/strong><\/p>\n\n\n\n<p>Lietot\u0101jam ir ties\u012bbas atteikties no s\u012bkfailu saglab\u0101\u0161anas dator\u0101. Ja v\u0113las, lietot\u0101jam ir j\u0101maina sava t\u012bmek\u013ca p\u0101rl\u016bkprogrammas iestat\u012bjumi. Da\u017e\u0101das t\u012bmek\u013ca p\u0101rl\u016bkprogrammas izmanto da\u017e\u0101das metodes, lai atsp\u0113jotu s\u012bkfailus. Detaliz\u0113t\u0101ka inform\u0101cija ir redzama vietn\u0113 http:\/\/www.aki.ee\/et\/kupsised. Blo\u0137\u0113jot s\u012bkfailus, lietot\u0101jam j\u0101r\u0113\u0137in\u0101s, ka p\u0113c s\u012bkdat\u0146u blo\u0137\u0113\u0161anas lietot\u0101jam visas vietnes funkcijas var vairs neb\u016bt pieejamas.<\/p>\n\n\n\n<hr class=\"wp-block-separator has-alpha-channel-opacity\"\/>\n\n\n\n<p><strong>Kas ir s\u012bkdatne?<\/strong><\/p>\n\n\n\n<p>S\u012bkdatne ir teksta fails, ko lietot\u0101ja apmekl\u0113t\u0101s t\u012bmek\u013ca lapas nos\u016bta un saglab\u0101 lietot\u0101ja dator\u0101. S\u012bkdatne tiek saglab\u0101ta lietot\u0101ja t\u012bmek\u013ca p\u0101rl\u016bkprogrammas failu direktorij\u0101. Ja lietot\u0101js t\u012bmek\u013ca lapu ir apmekl\u0113jis iepriek\u0161, t\u012bmek\u013ca p\u0101rl\u016bkprogramma nolasa s\u012bkfailu un nos\u016bta attiec\u012bgo inform\u0101ciju t\u012bmek\u013ca lapai vai elementam, kur\u0101 s\u012bkfails s\u0101kotn\u0113ji tika saglab\u0101ts. Pla\u0161\u0101ka inform\u0101cija par s\u012bkdatn\u0113m ir pieejama vietn\u0113 http:\/\/www.aki.ee\/et\/kupsised. S\u012bkdatnes \u013cauj p\u0101rraudz\u012bt vietnes lieto\u0161anas statistiku, sada\u013cu popularit\u0101ti un citas vietn\u0113 veikt\u0101s darb\u012bbas. No s\u012bkdatnes ieg\u016bt\u0101 inform\u0101cija tiek izmantota, lai uzlabotu vietnes lietojam\u012bbu un saturu.<\/p>\n\n\n\n<hr class=\"wp-block-separator has-alpha-channel-opacity\"\/>\n\n\n\n<p><strong>Vietn\u0113 izmantoto s\u012bkdat\u0146u veidi<\/strong><\/p>\n\n\n\n<p>Past\u0101v\u012bg\u0101s s\u012bkdatnes ir b\u016btiskas, lai p\u0101rvietotos vietn\u0113 un izmantotu t\u0101s funkcijas. Ja nepast\u0101v\u0113tu past\u0101v\u012bg\u0101s s\u012bkdatnes, lietot\u0101js nevar\u0113tu izmantot visas vietnes funkcijas. Sesijas s\u012bkfaili \u013cauj vietnei atcer\u0113ties lietot\u0101ja iepriek\u0161\u0113j\u0101s izv\u0113les (piem\u0113ram, lietot\u0101jv\u0101rdu, valodas izv\u0113li utt.) un t\u0101d\u0113j\u0101di pied\u0101v\u0101t efekt\u012bv\u0101kas un personaliz\u0113t\u0101kas funkcijas. Izseko\u0161anas s\u012bkfaili apkopo datus par lietot\u0101ja uzved\u012bbu vietn\u0113. Inform\u0101cija, kas ieg\u016bta no izseko\u0161anas s\u012bkdatnes, \u013cauj palielin\u0101t vietnes lieto\u0161anas \u0113rtumu. Rekl\u0101mas s\u012bkdatnes apkopo datus par lietot\u0101ja p\u0101rl\u016bko\u0161anas paradumiem, kas savuk\u0101rt \u013cauj vietnei prezent\u0113t rekl\u0101mas saturu atbilsto\u0161i lietot\u0101ja v\u0113lm\u0113m. Turkl\u0101t atbilsto\u0161ais s\u012bkfailu veids \u013cauj izm\u0113r\u012bt rekl\u0101mas kampa\u0146as efektivit\u0101ti.<\/p>\n\n\n\n<hr class=\"wp-block-separator has-alpha-channel-opacity\"\/>\n\n\n\n<p><strong>Ties\u012bbas iesniegt pras\u012bbu<\/strong><\/p>\n\n\n\n<p>Interneta veikals atbild par pirc\u0113jam p\u0101rdot\u0101s preces neatbilst\u012bbu l\u012bguma nosac\u012bjumiem vai defektu, kas jau past\u0101v\u0113ja preces nodo\u0161anas br\u012bd\u012b un kas par\u0101d\u0101s divu gadu laik\u0101 no preces nodo\u0161anas br\u012b\u017ea. pirc\u0113js. Pirmo se\u0161u m\u0113ne\u0161u laik\u0101 no preces pieg\u0101des pirc\u0113jam tiek pie\u0146emts, ka defekts jau bija preces pieg\u0101des br\u012bd\u012b. Interneta veikala pien\u0101kums ir atsp\u0113kot attiec\u012bgo pie\u0146\u0113mumu. Pirc\u0113jam ir ties\u012bbas ne v\u0113l\u0101k k\u0101 divu m\u0113ne\u0161u laik\u0101 defektu gad\u012bjum\u0101 sazin\u0101ties ar interneta veikalu, s\u016btot e-pastu uz info@bestudio.ee vai zvanot pa t\u0101lruni +372 5555 4437. Interneta veikals neatbild par defektiem kas notiku\u0161as p\u0113c preces nodo\u0161anas pirc\u0113jam. Ja Interneta veikal\u0101 ieg\u0101d\u0101taj\u0101m prec\u0113m ir defekti, par kuriem Internetveikals ir atbild\u012bgs, Interneta veikals salabo vai nomain\u012bs boj\u0101t\u0101s preces. Ja preces nav iesp\u0113jams salabot vai nomain\u012bt, interneta veikals atmaks\u0101 pirc\u0113jam visas ar p\u0101rdo\u0161anas l\u012bgumu saist\u012bt\u0101s maksas. Interneta veikals uz pat\u0113r\u0113t\u0101ja s\u016bdz\u012bbu atbild rakstiski vai rakstiski pavairot\u0101 form\u0101 15 dienu laik\u0101.<\/p>\n\n\n\n<hr class=\"wp-block-separator has-alpha-channel-opacity\"\/>\n\n\n\n<p><strong>Argumentu risin\u0101\u0161ana<\/strong><\/p>\n\n\n\n<p>Ja pirc\u0113jam ir pretenzijas par Interneta veikalu, t\u0101s j\u0101s\u016bta uz info@bestudio.ee vai zvanot pa t\u0101lruni +372 5555 4437. Ja pirc\u0113js un Internetveikals nevar atrisin\u0101t str\u012bdu vienojoties, pirc\u0113js var v\u0113rsties Pat\u0113r\u0113t\u0101ju str\u012bdu komisij\u0101. . J\u016bs varat iepaz\u012bties ar procesu\u0101lajiem nosac\u012bjumiem un iesniegt pieteikumu <a href=\"https:\/\/ttja.ee\/tarbijavaidluste-komisjon#esitaavaldus\" data-type=\"URL\" data-id=\"https:\/\/ttja.ee\/tarbijavaidluste-komisjon#esitaavaldus\" target=\"_blank\" rel=\"noreferrer noopener\">\u0161eit<\/a>. Pat\u0113r\u0113t\u0101ju str\u012bdu komisijas kompetenc\u0113 ir risin\u0101t str\u012bdus, kas izriet no l\u012bguma, kas nosl\u0113gts starp pirc\u0113ju un Interneta veikalu. Pirc\u0113ja s\u016bdz\u012bbas izskat\u012b\u0161ana komisij\u0101 ir bez maksas. Pirc\u0113js var v\u0113rsties Eiropas Savien\u012bbas pat\u0113r\u0113t\u0101ju str\u012bdu risin\u0101\u0161anas platform\u0101.<\/p>\n\n\n\n<p><\/p>","protected":false},"excerpt":{"rendered":"<p>Noteikumi un nosac\u012bjumi Interneta veikala shop.bestudio.ee \u012bpa\u0161nieks ir De Sol Beauty O\u00dc, kas atrodas J. Vilmsi 53b,\u2026<\/p>","protected":false},"author":1,"featured_media":0,"parent":0,"menu_order":0,"comment_status":"closed","ping_status":"closed","template":"","meta":{"footnotes":""},"class_list":["post-182","page","type-page","status-publish","hentry"],"jetpack_sharing_enabled":true,"_links":{"self":[{"href":"https:\/\/shop.bestudio.ee\/lv\/wp-json\/wp\/v2\/pages\/182","targetHints":{"allow":["GET"]}}],"collection":[{"href":"https:\/\/shop.bestudio.ee\/lv\/wp-json\/wp\/v2\/pages"}],"about":[{"href":"https:\/\/shop.bestudio.ee\/lv\/wp-json\/wp\/v2\/types\/page"}],"author":[{"embeddable":true,"href":"https:\/\/shop.bestudio.ee\/lv\/wp-json\/wp\/v2\/users\/1"}],"replies":[{"embeddable":true,"href":"https:\/\/shop.bestudio.ee\/lv\/wp-json\/wp\/v2\/comments?post=182"}],"version-history":[{"count":16,"href":"https:\/\/shop.bestudio.ee\/lv\/wp-json\/wp\/v2\/pages\/182\/revisions"}],"predecessor-version":[{"id":9466,"href":"https:\/\/shop.bestudio.ee\/lv\/wp-json\/wp\/v2\/pages\/182\/revisions\/9466"}],"wp:attachment":[{"href":"https:\/\/shop.bestudio.ee\/lv\/wp-json\/wp\/v2\/media?parent=182"}],"curies":[{"name":"wp","href":"https:\/\/api.w.org\/{rel}","templated":true}]}}