{"id":8717,"date":"2022-11-12T08:59:02","date_gmt":"2022-11-12T08:59:02","guid":{"rendered":"https:\/\/shop.bestudio.ee\/?page_id=8717"},"modified":"2023-12-01T22:07:59","modified_gmt":"2023-12-01T22:07:59","slug":"privacy-policy","status":"publish","type":"page","link":"https:\/\/shop.bestudio.ee\/lv\/privacy-policy\/","title":{"rendered":"Priv\u0101tuma politika"},"content":{"rendered":"<ol class=\"wp-block-list\">\n<li><strong>\u0122ener\u0101lis <\/strong><\/li>\n<\/ol>\n\n\n\n<p>1.1. \u0160\u012b priv\u0101tuma politika regul\u0113 personas datu v\u0101k\u0161anas, apstr\u0101des un uzglab\u0101\u0161anas principus. Personas datus v\u0101c, apstr\u0101d\u0101 un uzglab\u0101 personas datu p\u0101rzinis De Sol Beauty O\u00dc (turpm\u0101k \u2013 datu apstr\u0101d\u0101t\u0101js).<\/p>\n\n\n\n<p>1.2. Datu subjekts priv\u0101tuma politikas izpratn\u0113 ir klients vai cita fiziska persona, kuras personas datus apstr\u0101d\u0101 datu apstr\u0101d\u0101t\u0101js.<\/p>\n\n\n\n<p>1.3. Klients priv\u0101tuma politikas izpratn\u0113 ir ikviens, kas p\u0113rk preces vai pakalpojumus no datu apstr\u0101d\u0101t\u0101ja t\u012bmek\u013ca vietnes.<\/p>\n\n\n\n<p>1.4. Datu apstr\u0101d\u0101t\u0101js iev\u0113ro ties\u012bbu aktos noteiktos datu apstr\u0101des principus, cita starp\u0101 datu apstr\u0101d\u0101t\u0101js personas datus apstr\u0101d\u0101 likum\u012bgi, god\u012bgi un dro\u0161i. Datu apstr\u0101d\u0101t\u0101js var apstiprin\u0101t, ka personas dati ir apstr\u0101d\u0101ti saska\u0146\u0101 ar ties\u012bbu aktu noteikumiem.<\/p>\n\n\n\n<hr class=\"wp-block-separator has-alpha-channel-opacity\"\/>\n\n\n\n<ol class=\"wp-block-list\" start=\"2\">\n<li><strong>Personas datu v\u0101k\u0161ana, apstr\u0101de un uzglab\u0101\u0161ana<\/strong><\/li>\n<\/ol>\n\n\n\n<p>2.1. Personas dati, ko datu apstr\u0101d\u0101t\u0101js v\u0101c, apstr\u0101d\u0101 un glab\u0101, tiek v\u0101kti elektroniski, galvenok\u0101rt izmantojot t\u012bmek\u013ca vietni un e-pastu.<\/p>\n\n\n\n<p>2.2. Kop\u012bgojot savus personas datus, datu subjekts dod ties\u012bbas datu apstr\u0101d\u0101t\u0101jam priv\u0101tuma politik\u0101 noteiktajiem m\u0113r\u0137iem v\u0101kt, organiz\u0113t, izmantot un p\u0101rvald\u012bt personas datus, kurus datu subjekts tie\u0161i vai netie\u0161i kop\u012bgo ar datu apstr\u0101d\u0101t\u0101ju, ieg\u0101d\u0101joties preces vai pakalpojumus vietn\u0113.<\/p>\n\n\n\n<p>2.3. Datu subjekts ir atbild\u012bgs par to, lai vi\u0146a sniegtie dati b\u016btu prec\u012bzi, pareizi un piln\u012bgi. Apzin\u0101ti nepatiesas inform\u0101cijas snieg\u0161ana tiek uzskat\u012bta par Priv\u0101tuma politikas p\u0101rk\u0101pumu. Datu subjekta pien\u0101kums ir nekav\u0113joties pazi\u0146ot datu apstr\u0101d\u0101t\u0101jam par izmai\u0146\u0101m sniegtajos datos.<\/p>\n\n\n\n<p>2.4. Datu apstr\u0101d\u0101t\u0101js nav atbild\u012bgs par kait\u0113jumu datu subjektam vai tre\u0161aj\u0101m person\u0101m, kas nodar\u012bti, datu subjektam sniedzot nepatiesu inform\u0101ciju.<\/p>\n\n\n\n<hr class=\"wp-block-separator has-alpha-channel-opacity\"\/>\n\n\n\n<ol class=\"wp-block-list\" start=\"3\">\n<li><strong>Klientu personas datu apstr\u0101de<\/strong><\/li>\n<\/ol>\n\n\n\n<p>3.1. Datu apstr\u0101d\u0101t\u0101js var apstr\u0101d\u0101t \u0161\u0101dus datu subjekta personas datus:<br>3.1.1. V\u0101rds un uzv\u0101rds;<br>3.1.2. Dzim\u0161anas datums;<br>3.1.3. Telefona numurs;<br>3.1.4. Epasta adrese;<br>3.1.5. Pieg\u0101des adrese;<br>3.1.6. Nor\u0113\u0137inu konta numurs;<br>3.1.7. Maks\u0101jumu kartes dati;<\/p>\n\n\n\n<p>3.2. Papildus iepriek\u0161min\u0113tajam datu apstr\u0101d\u0101t\u0101jam ir ties\u012bbas v\u0101kt datus par klientu, kas ir pieejami publiskajos re\u0123istros.<\/p>\n\n\n\n<p>3.3. Personas datu apstr\u0101des juridiskais pamats ir Visp\u0101r\u012bg\u0101s personas datu aizsardz\u012bbas regulas 6. panta 1. punkta a), b), c) un f) apak\u0161punkts:<\/p>\n\n\n\n<p>a) datu subjekts ir devis piekri\u0161anu vi\u0146a personas datu apstr\u0101dei vienam vai vair\u0101kiem konkr\u0113tiem m\u0113r\u0137iem;<\/p>\n\n\n\n<p>b) personas datu apstr\u0101de ir nepiecie\u0161ama, lai izpild\u012btu l\u012bgumu, kas nosl\u0113gts, piedaloties datu subjektam, vai veiktu pas\u0101kumus pirms l\u012bguma nosl\u0113g\u0161anas saska\u0146\u0101 ar datu subjekta piepras\u012bjumu;<\/p>\n\n\n\n<p>c) personas datu apstr\u0101de ir nepiecie\u0161ama, lai izpild\u012btu datu p\u0101rzi\u0146a juridisko pien\u0101kumu;<\/p>\n\n\n\n<p>f) personas datu apstr\u0101de ir nepiecie\u0161ama datu p\u0101rzi\u0146a vai tre\u0161\u0101s personas likum\u012bgu intere\u0161u gad\u012bjum\u0101, ja vien \u0161\u0101das intereses neatsver datu subjekta intereses vai pamatties\u012bbas un br\u012bv\u012bbas, kuru d\u0113\u013c personas dati ir j\u0101aizsarg\u0101 , \u012bpa\u0161i, ja datu subjekts ir b\u0113rns.<\/p>\n\n\n\n<p>3.4. Personas datu apstr\u0101de atbilsto\u0161i apstr\u0101des m\u0113r\u0137im:<\/p>\n\n\n\n<p>3.4.1. Apstr\u0101des m\u0113r\u0137is \u2013 dro\u0161\u012bba un dro\u0161ums<br>Maksim\u0101lais personas datu glab\u0101\u0161anas laiks \u2013 saska\u0146\u0101 ar likum\u0101 noteiktajiem termi\u0146iem<\/p>\n\n\n\n<p>3.4.2. Apstr\u0101des m\u0113r\u0137is \u2013 pas\u016bt\u012bjuma apstr\u0101de<br>Maksim\u0101lais personas datu glab\u0101\u0161anas laiks ir 10 gadi.<\/p>\n\n\n\n<p>3.4.3. Apstr\u0101des m\u0113r\u0137is \u2013 e-veikala pakalpojumu funkcion\u0113\u0161anas nodro\u0161in\u0101\u0161ana<br>Maksim\u0101lais personas datu glab\u0101\u0161anas laiks ir 10 gadi.<\/p>\n\n\n\n<p>3.4.4. Apstr\u0101des m\u0113r\u0137is \u2013 klientu vad\u012bba<br>Maksim\u0101lais personas datu glab\u0101\u0161anas laiks ir 10 gadi.<\/p>\n\n\n\n<p>3.4.5. Apstr\u0101des m\u0113r\u0137is \u2013 finan\u0161u darb\u012bba, gr\u0101matved\u012bba<br>Maksim\u0101lais personas datu glab\u0101\u0161anas laiks \u2013 saska\u0146\u0101 ar likum\u0101 noteiktajiem termi\u0146iem<\/p>\n\n\n\n<p>3.4.6. Apstr\u0101des m\u0113r\u0137is \u2013 m\u0101rketings<br>Maksim\u0101lais personas datu glab\u0101\u0161anas laiks ir 10 gadi.<\/p>\n\n\n\n<p>3.5. Datu apstr\u0101d\u0101t\u0101jam ir ties\u012bbas kop\u012bgot klientu personas datus ar tre\u0161aj\u0101m person\u0101m, piem\u0113ram, pilnvarotajiem datu apstr\u0101d\u0101t\u0101jiem, gr\u0101matve\u017eiem, transporta un kurjerpasta uz\u0146\u0113mumiem, uz\u0146\u0113mumiem, kas sniedz p\u0101rs\u016bt\u012b\u0161anas pakalpojumus. Datu apstr\u0101d\u0101t\u0101js ir atbild\u012bgais personas datu apstr\u0101d\u0101t\u0101js. Maks\u0101jumu veik\u0161anai nepiecie\u0161amos personas datus datu apstr\u0101d\u0101t\u0101js nos\u016bta pilnvarotajam apstr\u0101d\u0101t\u0101jam Maksekeskus AS.<\/p>\n\n\n\n<p>3.6. Apstr\u0101d\u0101jot un uzglab\u0101jot datu subjekta personas datus, datu apstr\u0101d\u0101t\u0101js \u012bsteno organizatoriskus un tehniskos pas\u0101kumus, kas nodro\u0161ina personas datu aizsardz\u012bbu pret nejau\u0161u vai nelikum\u012bgu izn\u012bcin\u0101\u0161anu, p\u0101rveido\u0161anu, izpau\u0161anu un jebk\u0101du citu nelikum\u012bgu apstr\u0101di.<\/p>\n\n\n\n<p>3.7. Datu apstr\u0101d\u0101t\u0101js uzglab\u0101 datu subjektu datus atkar\u012bb\u0101 no apstr\u0101des m\u0113r\u0137a, bet ne ilg\u0101k k\u0101 10 gadus.<\/p>\n\n\n\n<hr class=\"wp-block-separator has-alpha-channel-opacity\"\/>\n\n\n\n<ol class=\"wp-block-list\" start=\"4\">\n<li><strong>Datu subjekta ties\u012bbas<\/strong><\/li>\n<\/ol>\n\n\n\n<p>4.1. Datu subjektam ir ties\u012bbas piek\u013c\u016bt saviem personas datiem un iepaz\u012bties ar tiem.<\/p>\n\n\n\n<p>4.2. Datu subjektam ir ties\u012bbas sa\u0146emt inform\u0101ciju par savu personas datu apstr\u0101di.<\/p>\n\n\n\n<p>4.3. Datu subjektam ir ties\u012bbas papildin\u0101t vai labot neprecizit\u0101ti<\/p>","protected":false},"excerpt":{"rendered":"<p>1.1. \u0160\u012b priv\u0101tuma politika regul\u0113 personas datu v\u0101k\u0161anas, apstr\u0101des un uzglab\u0101\u0161anas principus. Personas dati tiek v\u0101kti,\u2026<\/p>","protected":false},"author":2,"featured_media":0,"parent":0,"menu_order":0,"comment_status":"closed","ping_status":"closed","template":"","meta":{"footnotes":""},"class_list":["post-8717","page","type-page","status-publish","hentry"],"jetpack_sharing_enabled":true,"_links":{"self":[{"href":"https:\/\/shop.bestudio.ee\/lv\/wp-json\/wp\/v2\/pages\/8717","targetHints":{"allow":["GET"]}}],"collection":[{"href":"https:\/\/shop.bestudio.ee\/lv\/wp-json\/wp\/v2\/pages"}],"about":[{"href":"https:\/\/shop.bestudio.ee\/lv\/wp-json\/wp\/v2\/types\/page"}],"author":[{"embeddable":true,"href":"https:\/\/shop.bestudio.ee\/lv\/wp-json\/wp\/v2\/users\/2"}],"replies":[{"embeddable":true,"href":"https:\/\/shop.bestudio.ee\/lv\/wp-json\/wp\/v2\/comments?post=8717"}],"version-history":[{"count":5,"href":"https:\/\/shop.bestudio.ee\/lv\/wp-json\/wp\/v2\/pages\/8717\/revisions"}],"predecessor-version":[{"id":10083,"href":"https:\/\/shop.bestudio.ee\/lv\/wp-json\/wp\/v2\/pages\/8717\/revisions\/10083"}],"wp:attachment":[{"href":"https:\/\/shop.bestudio.ee\/lv\/wp-json\/wp\/v2\/media?parent=8717"}],"curies":[{"name":"wp","href":"https:\/\/api.w.org\/{rel}","templated":true}]}}