{"id":9141,"date":"2022-11-20T11:24:44","date_gmt":"2022-11-20T11:24:44","guid":{"rendered":"https:\/\/shop.bestudio.ee\/?page_id=9141"},"modified":"2022-11-20T11:30:44","modified_gmt":"2022-11-20T11:30:44","slug":"reseller-info","status":"publish","type":"page","link":"https:\/\/shop.bestudio.ee\/lv\/reseller-info\/","title":{"rendered":"T\u0101l\u0101kp\u0101rdev\u0113ja inform\u0101cija"},"content":{"rendered":"<div style=\"height:100px\" aria-hidden=\"true\" class=\"wp-block-spacer\"><\/div>\n\n\n\n<p><strong>Cien\u012bjamie nagu tehni\u0137i un t\u0101l\u0101kp\u0101rdev\u0113ji! <\/strong><\/p>\n\n\n\n<div style=\"height:100px\" aria-hidden=\"true\" class=\"wp-block-spacer\"><\/div>\n\n\n\n<p>L\u016bdzu, \u0146emiet v\u0113r\u0101, ka mums ir \u012bpa\u0161as cenas k\u0101 pied\u0101v\u0101jums jums. <\/p>\n\n\n\n<p>Ko tas noz\u012bm\u0113? <\/p>\n\n\n\n<p>Lai j\u016bs var\u0113tu t\u0101l\u0101kp\u0101rdot m\u016bsu produktus un sa\u0146emt tos par daudz l\u0113t\u0101ku cenu. <\/p>\n\n\n\n<p>Lai piek\u013c\u016btu mazumtirdzniec\u012bbas kontam: <\/p>\n\n\n\n<p>- Re\u0123istr\u0113jiet savu kontu <\/p>\n\n\n\n<p>\u2013 Nos\u016btiet piepras\u012bjumu pa e-pastu uz info@bestudio.ee <\/p>\n\n\n\n<p>\u2013 M\u0113s apstiprin\u0101sim un atv\u0113rsim jums mazumtirdzniec\u012bbas kontu ar mazumtirdzniec\u012bbas cen\u0101m. <\/p>\n\n\n\n<p><\/p>\n\n\n\n<p>L\u016bdzu, \u0146emiet v\u0113r\u0101, ka, ieg\u0101d\u0101joties IBX System produktus, ir nepiecie\u0161ams der\u012bgs IBX sertifik\u0101ts. <\/p>\n\n\n\n<p><\/p>\n\n\n\n<p>Paldies un izbaudiet iepirk\u0161an\u0101s pieredzi!\u00a0<\/p>\n\n\n\n<p><a href=\"https:\/\/shop.bestudio.ee\/lv\/?customize_changeset_uuid=f003b774-b0dd-4b08-8db8-deb58f28c9e9&amp;trp-edit-translation=preview\"><\/a><\/p>\n\n\n\n<div style=\"height:100px\" aria-hidden=\"true\" class=\"wp-block-spacer\"><\/div>","protected":false},"excerpt":{"rendered":"<p>Cien\u012bjamie nagu tehni\u0137i un t\u0101l\u0101kp\u0101rdev\u0113ji! L\u016bdzu, \u0146emiet v\u0113r\u0101, ka mums ir \u012bpa\u0161as cenas k\u0101 pied\u0101v\u0101jums jums. Ko tas noz\u012bm\u0113\u2026<\/p>","protected":false},"author":1,"featured_media":0,"parent":0,"menu_order":0,"comment_status":"closed","ping_status":"closed","template":"","meta":{"footnotes":""},"class_list":["post-9141","page","type-page","status-publish","hentry"],"jetpack_sharing_enabled":true,"_links":{"self":[{"href":"https:\/\/shop.bestudio.ee\/lv\/wp-json\/wp\/v2\/pages\/9141","targetHints":{"allow":["GET"]}}],"collection":[{"href":"https:\/\/shop.bestudio.ee\/lv\/wp-json\/wp\/v2\/pages"}],"about":[{"href":"https:\/\/shop.bestudio.ee\/lv\/wp-json\/wp\/v2\/types\/page"}],"author":[{"embeddable":true,"href":"https:\/\/shop.bestudio.ee\/lv\/wp-json\/wp\/v2\/users\/1"}],"replies":[{"embeddable":true,"href":"https:\/\/shop.bestudio.ee\/lv\/wp-json\/wp\/v2\/comments?post=9141"}],"version-history":[{"count":4,"href":"https:\/\/shop.bestudio.ee\/lv\/wp-json\/wp\/v2\/pages\/9141\/revisions"}],"predecessor-version":[{"id":9469,"href":"https:\/\/shop.bestudio.ee\/lv\/wp-json\/wp\/v2\/pages\/9141\/revisions\/9469"}],"wp:attachment":[{"href":"https:\/\/shop.bestudio.ee\/lv\/wp-json\/wp\/v2\/media?parent=9141"}],"curies":[{"name":"wp","href":"https:\/\/api.w.org\/{rel}","templated":true}]}}