{"id":10054,"date":"2023-11-28T19:08:35","date_gmt":"2023-11-28T17:08:35","guid":{"rendered":"https:\/\/shop.bestudio.ee\/?post_type=product&#038;p=10054"},"modified":"2025-12-01T00:24:49","modified_gmt":"2025-11-30T22:24:49","slug":"kera-base-keratin-strengthening-base-8ml","status":"publish","type":"product","link":"https:\/\/shop.bestudio.ee\/lv\/products\/kera-base-keratin-strengthening-base-8ml\/","title":{"rendered":"KERA BASE \u2013 kerat\u012bnu nostiprino\u0161a b\u0101ze, 8ml"},"content":{"rendered":"<ul>\n<li>Kr\u0101sa: bezkr\u0101sains<\/li>\n<li>Konsistence: vid\u0113ji bieza<\/li>\n<li>Perfektas formas oti\u0146a padara produkta uzkl\u0101\u0161anu vieglu un \u0113rtu \u2013 pat \u013coti gr\u016bti sasniedzam\u0101s viet\u0101s, piem\u0113ram, pie nagu krokas.<\/li>\n<li>P\u0113c lampas ievieto\u0161anas tas nav j\u0101v\u012bl\u0113.<\/li>\n<li>Tilpums: 8ml<\/li>\n<\/ul>\n<p>LED lampa min. 48 \u2013 60 sekundes; UV lampa 36W \u2013 120sek<\/p>\n<p>Kerabase ir paredz\u0113ts tikai profesion\u0101lai lieto\u0161anai.<\/p>\n<p>&nbsp;<\/p>\n<table border=\"0\" width=\"540\" cellspacing=\"0\" cellpadding=\"0\">\n<tbody>\n<tr>\n<td width=\"428\">POLIAKRILSK\u0100BE, IZOBORNILAKRIL\u0100TS, TRIMETILBENZOILDIFENILFOSF\u012aNA OKS\u012aDS, HIDROLIZ\u0112TS KERAT\u012aNS<\/td>\n<\/tr>\n<\/tbody>\n<\/table>","protected":false},"excerpt":{"rendered":"<p><strong>KERA BASE \u2013 kerat\u012bnu stiprino\u0161a b\u0101ze<\/strong><\/p>\n<p>MAKEAR Kera Base ir kerat\u012bna b\u0101ze, kas paredz\u0113ta lieto\u0161anai, ja jums ir delik\u0101ti un trausli nagi. MAKEAR Kera Base sast\u0101v no kerat\u012bniem, kas veido aizsargsl\u0101ni. \u0160is sl\u0101nis r\u016bp\u0113jas par j\u016bsu manik\u012bra un nagu labo st\u0101vokli.<\/p>\n<p>Kera Base nostiprina dabisko pl\u0101ksni, pateicoties t\u0101s ciet\u012bbai. Tas ar\u012b pasarg\u0101 nagus no meh\u0101niskiem boj\u0101jumiem.<\/p>\n<p>Tas b\u016bs ide\u0101li piem\u0113rots lieto\u0161anai ar g\u0113lu, g\u0113la laku vai akrilgelu, jo tas uzlabos \u0161o produktu sa\u0137eri.<\/p>\n<p>Pateicoties vid\u0113ji biezai konsistencei un pa\u0161izl\u012bdzino\u0161ai funkcijai, Kerabase ir viegli uzkl\u0101t. Kera Base b\u016bs ar\u012b lielisks risin\u0101jums pedik\u012bram.<\/p>","protected":false},"featured_media":10055,"template":"","meta":[],"product_brand":[],"product_cat":[116,218,219,228,117,136],"product_tag":[],"class_list":{"0":"post-10054","1":"product","2":"type-product","3":"status-publish","4":"has-post-thumbnail","6":"product_cat-makear","7":"product_cat-nail-gel-polishes","8":"product_cat-base-and-top-coat","9":"product_cat-clear-base-and-top-coat","10":"product_cat-base","11":"product_cat-base-clear","13":"first","14":"instock","15":"taxable","16":"shipping-taxable","17":"purchasable","18":"product-type-simple"},"jetpack_sharing_enabled":true,"_links":{"self":[{"href":"https:\/\/shop.bestudio.ee\/lv\/wp-json\/wp\/v2\/product\/10054","targetHints":{"allow":["GET"]}}],"collection":[{"href":"https:\/\/shop.bestudio.ee\/lv\/wp-json\/wp\/v2\/product"}],"about":[{"href":"https:\/\/shop.bestudio.ee\/lv\/wp-json\/wp\/v2\/types\/product"}],"wp:featuredmedia":[{"embeddable":true,"href":"https:\/\/shop.bestudio.ee\/lv\/wp-json\/wp\/v2\/media\/10055"}],"wp:attachment":[{"href":"https:\/\/shop.bestudio.ee\/lv\/wp-json\/wp\/v2\/media?parent=10054"}],"wp:term":[{"taxonomy":"product_brand","embeddable":true,"href":"https:\/\/shop.bestudio.ee\/lv\/wp-json\/wp\/v2\/product_brand?post=10054"},{"taxonomy":"product_cat","embeddable":true,"href":"https:\/\/shop.bestudio.ee\/lv\/wp-json\/wp\/v2\/product_cat?post=10054"},{"taxonomy":"product_tag","embeddable":true,"href":"https:\/\/shop.bestudio.ee\/lv\/wp-json\/wp\/v2\/product_tag?post=10054"}],"curies":[{"name":"wp","href":"https:\/\/api.w.org\/{rel}","templated":true}]}}