{"id":10130,"date":"2024-01-29T19:40:47","date_gmt":"2024-01-29T17:40:47","guid":{"rendered":"https:\/\/shop.bestudio.ee\/?post_type=product&#038;p=10130"},"modified":"2025-12-01T00:23:35","modified_gmt":"2025-11-30T22:23:35","slug":"jg01-jellygo-milky-pink-15ml","status":"publish","type":"product","link":"https:\/\/shop.bestudio.ee\/lv\/products\/jg01-jellygo-milky-pink-15ml\/","title":{"rendered":"JG01 Jelly&amp;go \u2013 Milky Pink, 15ml"},"content":{"rendered":"<p><strong>K\u0101 izmantot:<\/strong><\/p>\n<ol>\n<li>Pareizi sagatavojiet dabisko nagu pl\u0101ksni. Mat\u0113t to, not\u012br\u012bt un attaukot<\/li>\n<li>Uzkl\u0101jiet bezsk\u0101bes vai sk\u0101bes grunti<\/li>\n<li>Uzkl\u0101jiet b\u0101zi un saciet\u0113jiet to UV\/LED lamp\u0101<\/li>\n<li>Izgrieziet un saska\u0146ojiet formu ar naga br\u012bvo malu<\/li>\n<li>Uzkl\u0101jiet pl\u0101nu g\u0113la k\u0101rtu, sagatavojiet r\u0101mi un izturiet to lamp\u0101 15-30 sekundes<\/li>\n<li>Uzkl\u0101jiet biez\u0101ku g\u0113la k\u0101rtu un veiciet pareizu nagu konstrukciju \u2013 virsotni, C izliekumu<\/li>\n<li>Izmantojiet Cleaner un nov\u012bl\u0113jiet nagu, lai ieg\u016btu v\u0113lamo formu<\/li>\n<li>Pabeidziet nagu stiliz\u0101ciju<\/li>\n<\/ol>\n<p><strong>Jelly&amp;Go by Makear ir paredz\u0113ts profesion\u0101lai lieto\u0161anai.<\/strong><\/p>\n<p>&nbsp;<\/p>\n<p>AKRIL\u0100TU KOPOLIMERS, HIDROKSIPROPILMETAKRIL\u0100TS, CELULOZES ACETABUTIR\u0100TS, DIMETIKONS, MIKROKRIST\u0100LAIS VASKS, Vizla, ETILTRIMETILBENZOILFENILFOSFIN\u0100TS, CI 77891<strong><br \/>\n<\/strong><\/p>","protected":false},"excerpt":{"rendered":"<p><strong>Jelly&amp;Go<\/strong> \u2013 \u017eelejveida \u017eeleja, kas dod jums vair\u0101k laika, lai uzlabotu nagu stiliz\u0101ciju vai sagatavotu da\u017eus nagus vien\u0101 reiz\u0113.<br \/>\nGels ar \u013coti biezu konsistenci un nav pa\u0161izl\u012bdzino\u0161s. Rezult\u0101t\u0101 tas neizplat\u0101s pa kutikul\u0101m un \u013cauj vair\u0101k laika pavad\u012bt nagiem vai sagatavot vair\u0101k nagu vien\u0101 reiz\u0113. Gels ar \u017eelejas konsistenci un viegli iedarbojas ar otu. Tas ir \u013coti iztur\u012bgs un iztur\u012bgs pret meh\u0101niskiem boj\u0101jumiem. \u0160is produkts ir \u012bpa\u0161i ieteicams ies\u0101c\u0113jiem nagu tehni\u0137iem, k\u0101 ar\u012b tiem, kas veido nervozas formas vai \u013coti garus nagus.<\/p>\n<p><strong>Galven\u0101s priek\u0161roc\u012bbas:<\/strong><\/p>\n<ul>\n<li>To var izmantot ies\u0101c\u0113ju nagu stilistiem<\/li>\n<li>Tas \u013cauj vien\u0101 reiz\u0113 sagatavot da\u017eus nagus<\/li>\n<li>Ar to ir viegli str\u0101d\u0101t. Tas neizplat\u0101s pa kutikul\u0101m<\/li>\n<li>Minim\u0101l\u0101 polimeriz\u0101cijas temperat\u016bra lamp\u0101 neizraisa s\u0101pes<\/li>\n<li>Tas ir paredz\u0113ts nervoz\u0101m form\u0101m un \u012bpa\u0161i gariem nagiem<\/li>\n<li>To var izmantot ar div\u0101m form\u0101m<\/li>\n<\/ul>\n<p><strong>Lieto\u0161ana: nagu pieaudz\u0113\u0161ana, nagu dobuma aizpild\u012b\u0161ana, nagu p\u0101rkl\u0101jums, dab\u012bgo nagu stiprin\u0101\u0161ana<\/strong><\/p>\n<ul>\n<li>1 f\u0101zes produkts<\/li>\n<li>Konsistence: bieza<\/li>\n<li>Elast\u012bba: zema<\/li>\n<li>Nagu pieaudz\u0113\u0161ana: j\u0101<\/li>\n<li>Nagu p\u0101rkl\u0101jums: j\u0101<\/li>\n<li>Pa\u0161l\u012bme\u0146o\u0161an\u0101s: n\u0113<\/li>\n<li>Nagu pl\u0101ksnes veids: katrs<\/li>\n<li>P\u0101rkl\u0101jums: 90%<\/li>\n<li>Dispersijas sl\u0101nis: j\u0101<\/li>\n<li>Polimeriz\u0101cijas temperat\u016bra: \u013coti zema<\/li>\n<\/ul>\n<p>Polimeriz\u0101cija: UV LED 48W \u2013 60s<\/p>","protected":false},"featured_media":10131,"template":"","meta":[],"product_brand":[],"product_cat":[116,119,253,222,252],"product_tag":[],"class_list":{"0":"post-10130","1":"product","2":"type-product","3":"status-publish","4":"has-post-thumbnail","6":"product_cat-makear","7":"product_cat-gel","8":"product_cat-jellygo-gel","9":"product_cat-sculpting-gel-acrygel","10":"product_cat-jellygo","12":"first","13":"instock","14":"taxable","15":"shipping-taxable","16":"purchasable","17":"product-type-simple"},"jetpack_sharing_enabled":true,"_links":{"self":[{"href":"https:\/\/shop.bestudio.ee\/lv\/wp-json\/wp\/v2\/product\/10130","targetHints":{"allow":["GET"]}}],"collection":[{"href":"https:\/\/shop.bestudio.ee\/lv\/wp-json\/wp\/v2\/product"}],"about":[{"href":"https:\/\/shop.bestudio.ee\/lv\/wp-json\/wp\/v2\/types\/product"}],"wp:featuredmedia":[{"embeddable":true,"href":"https:\/\/shop.bestudio.ee\/lv\/wp-json\/wp\/v2\/media\/10131"}],"wp:attachment":[{"href":"https:\/\/shop.bestudio.ee\/lv\/wp-json\/wp\/v2\/media?parent=10130"}],"wp:term":[{"taxonomy":"product_brand","embeddable":true,"href":"https:\/\/shop.bestudio.ee\/lv\/wp-json\/wp\/v2\/product_brand?post=10130"},{"taxonomy":"product_cat","embeddable":true,"href":"https:\/\/shop.bestudio.ee\/lv\/wp-json\/wp\/v2\/product_cat?post=10130"},{"taxonomy":"product_tag","embeddable":true,"href":"https:\/\/shop.bestudio.ee\/lv\/wp-json\/wp\/v2\/product_tag?post=10130"}],"curies":[{"name":"wp","href":"https:\/\/api.w.org\/{rel}","templated":true}]}}