{"id":10189,"date":"2024-05-06T15:20:49","date_gmt":"2024-05-06T15:20:49","guid":{"rendered":"https:\/\/shop.bestudio.ee\/?post_type=product&#038;p=10189"},"modified":"2025-12-01T00:22:26","modified_gmt":"2025-11-30T22:22:26","slug":"630-lilac-uv-gel-polish-makear","status":"publish","type":"product","link":"https:\/\/shop.bestudio.ee\/lv\/products\/630-lilac-uv-gel-polish-makear\/","title":{"rendered":"630 Lilac \u2013 UV g\u0113la lakas veidot\u0101js"},"content":{"rendered":"<p><strong>REGULAR COLLECTION \u2013 g\u0113la laku kolekcija ar nemain\u012bgu toni<\/strong><\/p>\n<p>MAKEAR g\u0113la laka ir iztur\u012bbas un uzticam\u012bbas garantija. Kr\u0113mveida konsistence, augsta pigment\u0101cija, k\u0101 ar\u012b perfektas formas ota atvieglo un pa\u0101trina darbu. T\u0101 k\u0101 m\u016bsu pied\u0101v\u0101jum\u0101 ir vair\u0101k nek\u0101 300 kr\u0101su, m\u0113s esam p\u0101rliecin\u0101ti, ka varam apmierin\u0101t daudzus klientus.<\/p>\n<ul>\n<li>Pa\u0161l\u012bme\u0146o\u0161an\u0101s<\/li>\n<li>Augsti pigment\u0113ts \u2013 lielisks p\u0101rkl\u0101jums<\/li>\n<li>Kr\u0113m\u012bga un vid\u0113ji bieza konsistence<\/li>\n<li>Kr\u0101sas neatst\u0101j sv\u012btras<\/li>\n<li>Perfektas formas ota<\/li>\n<li>Uz v\u0101ci\u0146a redzama \u012bsta kr\u0101sa<\/li>\n<li>G\u0113la laka ir iepakota neliel\u0101 kartona kast\u012bt\u0113, kas nodro\u0161ina dro\u0161u g\u0113la lakas transport\u0113\u0161anu<\/li>\n<li>Tilpums: 8ml<\/li>\n<\/ul>\n<p>&nbsp;<\/p>\n<p>LED lampa min 48W \u2013 30sek ; UV lampa 36W \u2013 1min<\/p>\n<p>&nbsp;<\/p>\n<hr \/>\n<p>&nbsp;<\/p>\n<p><strong>MAKEAR\u2122<\/strong> ir z\u012bmols, kas past\u0101v\u012bgi p\u0101rsteidz savus klientus un l\u012bdz ar to ir k\u013cuvis par inov\u0101ciju l\u012bderi.<\/p>\n<p><strong>MAKEAR\u2122<\/strong> G\u0113la laka ir izgatavota no lab\u0101kaj\u0101m sast\u0101vda\u013c\u0101m, lai apmierin\u0101tu m\u016bsu klientu v\u0113lmes, pat tos, kuri ir patie\u0161\u0101m pras\u012bgi.<\/p>\n<p>Padar\u012bts dzi\u013c\u0161 kr\u0101su pies\u0101tin\u0101jums, pla\u0161s kr\u0101su kl\u0101sts un iztur\u012bba <strong>MAKEAR\u2122<\/strong> l\u012bderis nagu industrij\u0101<\/p>\n<p>&nbsp;<\/p>\n<p>SAST\u0100VDA\u013bAS: AKRIL\u0100TU KOPOLIMERS, TRIMETILBENZOILDIFENILFOSF\u012aNA OKS\u012aDS, HIDROKSIKLOHEKSILA FENILKETONS, SIL\u012aCIJA, +\/-: CI 45410, CI 15850, CI 191CI 79,79,77,74 CI\u00a077891, CI\u00a077288.<\/p>","protected":false},"excerpt":{"rendered":"<p><strong>630 Ceri\u0146i \u2013 UV g\u0113la lakas izstr\u0101d\u0101jums \u2013 FREE<\/strong><\/p>\n<p>Ziedu kr\u0101su skaistums no MAKEAR. Smalk\u0101 kr\u0101su palete no kolekcijas \u201cFlovers\u201d lieliski papildina pavasara dienu gaisotni, padarot j\u016bsu manik\u012bru pilnu paste\u013cto\u0146os.Izv\u0113lieties k\u0101du no m\u016bsu asto\u0146iem unik\u0101lajiem to\u0146iem un saj\u016btiet maigo pavasara v\u0113smu. rokas.<\/p>\n<p>MAKEAR paste\u013cto\u0146u hibr\u012bda nagu lakas ir paz\u012bstamas ar piln\u012bgu p\u0101rkl\u0101jumu un bezsv\u012btru apdari. Vid\u0113ji bieza konsistence atvieglo uzkl\u0101\u0161anu, \u013caujot ieg\u016bt \u0101trus un nevainojamus rezult\u0101tus. Sagatavojiet nagus pavasarim, izmantojot MAKEAR paste\u013cto\u0146u hibr\u012bda nagu lakas.<\/p>\n<p>Ar MAKEAR hibr\u012bda nagu lak\u0101m j\u016bs ieg\u016bstat notur\u012bbu vair\u0101k nek\u0101 3 ned\u0113\u013cas.<\/p>","protected":false},"featured_media":10190,"template":"","meta":[],"product_brand":[],"product_cat":[116,131,254,218,262],"product_tag":[],"class_list":{"0":"post-10189","1":"product","2":"type-product","3":"status-publish","4":"has-post-thumbnail","6":"product_cat-makear","7":"product_cat-gel-polishes-makear","8":"product_cat-flovers-collection","9":"product_cat-nail-gel-polishes","10":"product_cat-flovers","12":"first","13":"instock","14":"taxable","15":"shipping-taxable","16":"purchasable","17":"product-type-simple"},"jetpack_sharing_enabled":true,"_links":{"self":[{"href":"https:\/\/shop.bestudio.ee\/lv\/wp-json\/wp\/v2\/product\/10189","targetHints":{"allow":["GET"]}}],"collection":[{"href":"https:\/\/shop.bestudio.ee\/lv\/wp-json\/wp\/v2\/product"}],"about":[{"href":"https:\/\/shop.bestudio.ee\/lv\/wp-json\/wp\/v2\/types\/product"}],"wp:featuredmedia":[{"embeddable":true,"href":"https:\/\/shop.bestudio.ee\/lv\/wp-json\/wp\/v2\/media\/10190"}],"wp:attachment":[{"href":"https:\/\/shop.bestudio.ee\/lv\/wp-json\/wp\/v2\/media?parent=10189"}],"wp:term":[{"taxonomy":"product_brand","embeddable":true,"href":"https:\/\/shop.bestudio.ee\/lv\/wp-json\/wp\/v2\/product_brand?post=10189"},{"taxonomy":"product_cat","embeddable":true,"href":"https:\/\/shop.bestudio.ee\/lv\/wp-json\/wp\/v2\/product_cat?post=10189"},{"taxonomy":"product_tag","embeddable":true,"href":"https:\/\/shop.bestudio.ee\/lv\/wp-json\/wp\/v2\/product_tag?post=10189"}],"curies":[{"name":"wp","href":"https:\/\/api.w.org\/{rel}","templated":true}]}}