{"id":10225,"date":"2024-07-03T09:46:56","date_gmt":"2024-07-03T09:46:56","guid":{"rendered":"https:\/\/shop.bestudio.ee\/?post_type=product&#038;p=10225"},"modified":"2025-12-01T00:20:53","modified_gmt":"2025-11-30T22:20:53","slug":"top-coat-with-dispersion-layer","status":"publish","type":"product","link":"https:\/\/shop.bestudio.ee\/lv\/products\/top-coat-with-dispersion-layer\/","title":{"rendered":"Virsk\u0101rta ar dispersijas sl\u0101ni"},"content":{"rendered":"<p>Apdares produkts, viss stils. Tam ir dispersijas sl\u0101nis, kas j\u0101noslauka ar t\u012br\u012b\u0161anas l\u012bdzekli. Ieteicams cilv\u0113kiem, kuri str\u0101d\u0101 ar UV lampu.<\/p>","protected":false},"excerpt":{"rendered":"<ul>\n<li>\u012apa\u0161\u012bbas: virsk\u0101rta hibr\u012bda kr\u0101sai vai g\u0113ls\/akrils,<\/li>\n<li>Elast\u012bga aug\u0161da\u013ca, kurai nepiecie\u0161ams noslauc\u012bt dispersijas sl\u0101ni,<\/li>\n<li>Nodro\u0161ina sp\u012bdumu un stila notur\u012bbu, aizsarg\u0101 kr\u0101sas no dzelt\u0113\u0161anas, neizraisa kr\u0101sas \u2013 melns p\u0113c p\u0101rkl\u0101juma nep\u0101rv\u0113r\u0161as tum\u0161i zil\u0101,<\/li>\n<li>Lieliski noder \u010d\u016bskas \u0101das dekor\u0113\u0161anai, \u0113no\u0161anai,<\/li>\n<li>Konsistence: vid\u0113ji bieza \/ pa\u0161izl\u012bdzino\u0161a,<\/li>\n<li><strong>K\u0101 izmantot: <\/strong>Uzkl\u0101jiet vid\u0113jo sl\u0101ni ar maig\u0101m kust\u012bb\u0101m, saciet\u0113jiet vismaz 60 sekundes LED \/ dubult\u0101 lamp\u0101. M\u0113s nepieskaramies nagam uzreiz p\u0113c tam, kad tas ir iz\u0146emts no lampas. M\u0113s iesak\u0101m pagaid\u012bt apm\u0113ram 15-20 sekundes, l\u012bdz aug\u0161da\u013ca atdziest, lai izvair\u012btos no aptraip\u012b\u0161anas,<\/li>\n<li>Tilpums: 8 ml,<\/li>\n<li>Mar\u0137\u0113jums: Top Coat.<\/li>\n<\/ul>\n<p>LED lampa min. 48\u00a0W \u2013 1 min. 36W UV lampa \u2013 2min.<\/p>","protected":false},"featured_media":10226,"template":"","meta":[],"product_brand":[],"product_cat":[116,219,228,118],"product_tag":[],"class_list":{"0":"post-10225","1":"product","2":"type-product","3":"status-publish","4":"has-post-thumbnail","6":"product_cat-makear","7":"product_cat-base-and-top-coat","8":"product_cat-clear-base-and-top-coat","9":"product_cat-top-cover","11":"first","12":"instock","13":"taxable","14":"shipping-taxable","15":"purchasable","16":"product-type-simple"},"jetpack_sharing_enabled":true,"_links":{"self":[{"href":"https:\/\/shop.bestudio.ee\/lv\/wp-json\/wp\/v2\/product\/10225","targetHints":{"allow":["GET"]}}],"collection":[{"href":"https:\/\/shop.bestudio.ee\/lv\/wp-json\/wp\/v2\/product"}],"about":[{"href":"https:\/\/shop.bestudio.ee\/lv\/wp-json\/wp\/v2\/types\/product"}],"wp:featuredmedia":[{"embeddable":true,"href":"https:\/\/shop.bestudio.ee\/lv\/wp-json\/wp\/v2\/media\/10226"}],"wp:attachment":[{"href":"https:\/\/shop.bestudio.ee\/lv\/wp-json\/wp\/v2\/media?parent=10225"}],"wp:term":[{"taxonomy":"product_brand","embeddable":true,"href":"https:\/\/shop.bestudio.ee\/lv\/wp-json\/wp\/v2\/product_brand?post=10225"},{"taxonomy":"product_cat","embeddable":true,"href":"https:\/\/shop.bestudio.ee\/lv\/wp-json\/wp\/v2\/product_cat?post=10225"},{"taxonomy":"product_tag","embeddable":true,"href":"https:\/\/shop.bestudio.ee\/lv\/wp-json\/wp\/v2\/product_tag?post=10225"}],"curies":[{"name":"wp","href":"https:\/\/api.w.org\/{rel}","templated":true}]}}