{"id":10227,"date":"2024-07-03T13:05:41","date_gmt":"2024-07-03T10:05:41","guid":{"rendered":"https:\/\/shop.bestudio.ee\/?post_type=product&#038;p=10227"},"modified":"2025-12-01T00:20:13","modified_gmt":"2025-11-30T22:20:13","slug":"metallic-gel-silver-5ml","status":"publish","type":"product","link":"https:\/\/shop.bestudio.ee\/lv\/products\/metallic-gel-silver-5ml\/","title":{"rendered":"Met\u0101lisks sudraba g\u0113ls, 5 ml"},"content":{"rendered":"<p>Nagu m\u0101kslas \u017eeleja ar \u0161\u0137idra met\u0101la efektu.<\/p>","protected":false},"excerpt":{"rendered":"<p><strong>Metallic Gel Silver no MAKEAR \u2013 satrieco\u0161s dekorat\u012bvs g\u0113ls, kas nodro\u0161ina \u0161\u0137idr\u0101 met\u0101la valdzino\u0161o efektu uz j\u016bsu nagiem.<\/strong><\/p>\n<p>Met\u0101liskie dizaini ir p\u0101r\u0146\u0113mu\u0161i manik\u012bra pasauli, un tagad ar MAKEAR Metallic Gel j\u016bs bez piep\u016bles varat ieg\u016bt modernu un avangardisku izskatu. Paaugstiniet savu stilu ar \u0161\u0137idro met\u0101lu akcentu gludo izsmalcin\u0101t\u012bbu.<\/p>\n<p>Pateicoties t\u0101 \u0161\u0137idrajai konsistencei, Metallic Gel \u013cauj viegli izveidot pl\u0101nu dizainu un prec\u012bzus rot\u0101jumus. T\u0101 sp\u0113c\u012bg\u0101 pigment\u0101cija nodro\u0161ina 100% p\u0101rkl\u0101jumu.<\/p>\n<p>Lai ieg\u016btu lab\u0101kos rezult\u0101tus, uzkl\u0101jiet pl\u0101nu Metallic Gel k\u0101rtu un pagaidiet 20 sekundes pirms saciet\u0113\u0161anas zem lampas.<\/p>\n<p>K\u0101 to lietot:<\/p>\n<p>1. Uzkl\u0101jiet uz saciet\u0113ju\u0161\u0101 produkta un nomazg\u0101jiet nagu ar t\u012br\u012b\u0161anas l\u012bdzekli.<br \/>\n2. Uzkl\u0101jiet Metallic Gel MAKEAR, pagaidiet 20 sekundes, p\u0113c tam 3 min\u016btes cietiniet zem 48\u00a0W LED\/UV lampas.<br \/>\n3. Visbeidzot, uzkl\u0101jiet virsk\u0101rtu, lai ieg\u016btu ilgsto\u0161u un sp\u012bd\u012bgu efektu.<\/p>\n<hr \/>","protected":false},"featured_media":10228,"template":"","meta":[],"product_brand":[],"product_cat":[116,135,229],"product_tag":[],"class_list":{"0":"post-10227","1":"product","2":"type-product","3":"status-publish","4":"has-post-thumbnail","6":"product_cat-makear","7":"product_cat-makeart","8":"product_cat-nail-art","10":"first","11":"instock","12":"taxable","13":"shipping-taxable","14":"purchasable","15":"product-type-simple"},"jetpack_sharing_enabled":true,"_links":{"self":[{"href":"https:\/\/shop.bestudio.ee\/lv\/wp-json\/wp\/v2\/product\/10227","targetHints":{"allow":["GET"]}}],"collection":[{"href":"https:\/\/shop.bestudio.ee\/lv\/wp-json\/wp\/v2\/product"}],"about":[{"href":"https:\/\/shop.bestudio.ee\/lv\/wp-json\/wp\/v2\/types\/product"}],"wp:featuredmedia":[{"embeddable":true,"href":"https:\/\/shop.bestudio.ee\/lv\/wp-json\/wp\/v2\/media\/10228"}],"wp:attachment":[{"href":"https:\/\/shop.bestudio.ee\/lv\/wp-json\/wp\/v2\/media?parent=10227"}],"wp:term":[{"taxonomy":"product_brand","embeddable":true,"href":"https:\/\/shop.bestudio.ee\/lv\/wp-json\/wp\/v2\/product_brand?post=10227"},{"taxonomy":"product_cat","embeddable":true,"href":"https:\/\/shop.bestudio.ee\/lv\/wp-json\/wp\/v2\/product_cat?post=10227"},{"taxonomy":"product_tag","embeddable":true,"href":"https:\/\/shop.bestudio.ee\/lv\/wp-json\/wp\/v2\/product_tag?post=10227"}],"curies":[{"name":"wp","href":"https:\/\/api.w.org\/{rel}","templated":true}]}}