{"id":10236,"date":"2024-07-03T10:38:33","date_gmt":"2024-07-03T10:38:33","guid":{"rendered":"https:\/\/shop.bestudio.ee\/?post_type=product&#038;p=10236"},"modified":"2025-12-01T00:20:35","modified_gmt":"2025-11-30T22:20:35","slug":"n32-uv-gel-polish","status":"publish","type":"product","link":"https:\/\/shop.bestudio.ee\/lv\/products\/n32-uv-gel-polish\/","title":{"rendered":"N32 UV g\u0113la laka"},"content":{"rendered":"<p>BEZ HEMA<\/p>\n<p>&nbsp;<\/p>\n<p>SAST\u0100VDA\u013bAS: HIDROKSIPROPILMETAKRIL\u0100TS, ETILTRIMETILBENZOILFENILFOSFIN\u0100TS, HIDROKSIKLOHEKSILA FENILKETONS, SIL\u012aCIJAS DIMETILSILIL\u0100TS, Akril\u0101tu kopolim\u0113rs +\/-10,4CI40,4CI510 CI\u00a077742, CI\u00a077510, CI\u00a077499, CI\u00a077891, CI\u00a077288<\/p>","protected":false},"excerpt":{"rendered":"<p><strong>Makear \u2122 UV \/ LED hibr\u012bda nagu laka HEMAFREE<\/strong><\/p>\n<div><strong>VASARAS NEONS<\/strong><\/div>\n<div><\/div>\n<div><\/div>\n<div><strong>Kolekcij\u0101, kas paredz\u0113ta ko\u0161u nokr\u0101su entuziastiem, j\u016bs atrad\u012bsiet 6 spilgtas kr\u0101sas, kas lieliski akcent\u0113 j\u016bsu person\u012bbu un pie\u0161\u0137ir j\u016bsu stilam ener\u0123iju. Neoni ir lieliska izv\u0113le vasarai! Intens\u012bv\u0101s, spilgt\u0101s kr\u0101sas lieliski harmoniz\u0113jas ar saules gaismu un skaisti papildina saules sk\u016bpstu \u0101du, uzlabojot t\u0101s dabisko mirdzumu un mirdzumu. Neatkar\u012bgi no t\u0101, vai dienu pavad\u0101t pludmal\u0113 vai vakaru ball\u012bt\u0113, m\u016bsu neona hibr\u012bda nagu laku kolekcija b\u016bs j\u016bsu ide\u0101ls pavadonis, pie\u0161\u0137irot j\u016bsu nagiem neaizmirstamu vasaras \u0161armu.<br \/>\nIegremd\u0113jieties neona kr\u0101s\u0101s un saj\u016btiet vasaras dienu burv\u012bbu!<\/strong><\/div>\n<div><\/div>\n<div>\n<p><strong>NEONA KOLEKCIJA <\/strong><\/p>\n<p>Ener\u0123iska, pies\u0101tin\u0101ta hibr\u012bda nagu laka, kas valdzina ar savu pigment\u0101ciju, kurai nav nepiecie\u0161ams balts hibr\u012bda grunt\u0113jums. Visas varav\u012bksnes kr\u0101sas neona izdevum\u0101.<\/p>\n<\/div>\n<div><\/div>\n<ul>\n<li>Paredz\u0113ts profesion\u0101lai lieto\u0161anai,<\/li>\n<li>Sp\u0113c\u012bga pigment\u0101cija, kr\u0113m\u012bga, vid\u0113ji bieza konsistence padara produktu pat\u012bkamu un \u0113rtu darbam,<\/li>\n<li>Augsts sp\u012bdums,<\/li>\n<li>Gela notur\u012bba \u2013 vair\u0101ku ned\u0113\u013cu efekts,<\/li>\n<li>Kr\u0101sas neatst\u0101j sv\u012btras,<\/li>\n<li>3\u00a0produkts bez formaldeh\u012bda, toluola un DBP,<\/li>\n<li>Perfektas kont\u016bras ota,<\/li>\n<li>Re\u0101l\u0101 kr\u0101sa uz v\u0101ci\u0146a un grezn\u0101 pudele padara produktu unik\u0101lu,<\/li>\n<li>Laka ir iepakota kartona kast\u0113, kas nodro\u0161ina dro\u0161\u012bbu transport\u0113\u0161anas laik\u0101, un taj\u0101 pa\u0161\u0101 laik\u0101 ir piln\u012bb\u0101 biolo\u0123iski no\u0101rd\u0101ma*,<\/li>\n<li>Tilpums: 8 ml,<\/li>\n<li>Mar\u0137\u0113jums: N02-N30.<\/li>\n<\/ul>\n<p>LED lampas min. 48\u00a0W \u2013 1 min. 36W UV lampa \u2013 2min.<\/p>\n<p>* ieteicams izmantot baltu gruntskr\u0101su.<\/p>","protected":false},"featured_media":10237,"template":"","meta":[],"product_brand":[],"product_cat":[116,131,257,266],"product_tag":[],"class_list":{"0":"post-10236","1":"product","2":"type-product","3":"status-publish","4":"has-post-thumbnail","6":"product_cat-makear","7":"product_cat-gel-polishes-makear","8":"product_cat-summer-neons-gel-polishes-makear","9":"product_cat-summer-neons","11":"first","12":"instock","13":"taxable","14":"shipping-taxable","15":"purchasable","16":"product-type-simple"},"jetpack_sharing_enabled":true,"_links":{"self":[{"href":"https:\/\/shop.bestudio.ee\/lv\/wp-json\/wp\/v2\/product\/10236","targetHints":{"allow":["GET"]}}],"collection":[{"href":"https:\/\/shop.bestudio.ee\/lv\/wp-json\/wp\/v2\/product"}],"about":[{"href":"https:\/\/shop.bestudio.ee\/lv\/wp-json\/wp\/v2\/types\/product"}],"wp:featuredmedia":[{"embeddable":true,"href":"https:\/\/shop.bestudio.ee\/lv\/wp-json\/wp\/v2\/media\/10237"}],"wp:attachment":[{"href":"https:\/\/shop.bestudio.ee\/lv\/wp-json\/wp\/v2\/media?parent=10236"}],"wp:term":[{"taxonomy":"product_brand","embeddable":true,"href":"https:\/\/shop.bestudio.ee\/lv\/wp-json\/wp\/v2\/product_brand?post=10236"},{"taxonomy":"product_cat","embeddable":true,"href":"https:\/\/shop.bestudio.ee\/lv\/wp-json\/wp\/v2\/product_cat?post=10236"},{"taxonomy":"product_tag","embeddable":true,"href":"https:\/\/shop.bestudio.ee\/lv\/wp-json\/wp\/v2\/product_tag?post=10236"}],"curies":[{"name":"wp","href":"https:\/\/api.w.org\/{rel}","templated":true}]}}