{"id":10264,"date":"2024-08-01T10:28:22","date_gmt":"2024-08-01T10:28:22","guid":{"rendered":"https:\/\/shop.bestudio.ee\/?post_type=product&#038;p=10264"},"modified":"2025-12-01T00:19:02","modified_gmt":"2025-11-30T22:19:02","slug":"nail-barrier","status":"publish","type":"product","link":"https:\/\/shop.bestudio.ee\/lv\/products\/nail-barrier\/","title":{"rendered":"Nagu barjera"},"content":{"rendered":"<p>14 ml,<\/p>\n<p>K\u0100 TO LIETOT:<br \/>\nK\u0101 virsk\u0101rtu \u2013 uzkl\u0101t divas reizes ned\u0113\u013c\u0101 \u2013 starp k\u0101rt\u0101m no\u0146emt.<\/p>\n<p>K\u0101 b\u0101zes k\u0101rtu \u2013 uzkl\u0101jiet 1 k\u0101rtu zem nagu lakas.<\/p>\n<p>K\u0101 caursp\u012bd\u012bgu k\u0101rtu \u2013 uzkl\u0101t 2 k\u0101rt\u0101s.<\/p>\n<p>SAST\u0100VDA\u013bAS:<\/p>\n<p>Etilacet\u0101ts, butilacet\u0101ts, nitroceluloze, adip\u012bnsk\u0101be\/neopentilglikols\/trimel\u012bta anhidr\u012bda kopolim\u0113rs, acetiltributilcitr\u0101ts, izopropilspirts, etokril\u0113ns, N-butilspirts, heksan\u0101ls, trimetilpent\u0101ndiildibenzo\u0101ts, violets 2, tokoferols<\/p>","protected":false},"excerpt":{"rendered":"<p>UZMAN\u012aGI NO PROFESION\u0100L\u0100M CEN\u0100M \u2013 L\u016aDZU, PIESAKIES!<\/p>\n<p>Daudzfunkcion\u0101la laka efekt\u012bvai nagu transform\u0101cijai, atjauno\u0161anai un nostiprin\u0101\u0161anai ar heksan\u0101lu un E vitam\u012bnu.<\/p>\n<p>Ide\u0101li piem\u0113rots gan veseliem nagiem, tos stiprinot un aizsarg\u0101jot, gan m\u012bkstiem, pl\u0101niem un boj\u0101tiem, tos atjaunojot un nov\u0113r\u0161ot trauslumu.<\/p>\n<p>Nail Barrier nesatur formaldeh\u012bdu, formaldeh\u012bda sve\u0137us, DBP, toluolu, kamparu, etiltozilam\u012bdu, ksilolu un citus toksiskus komponentus.<\/p>\n<p>100% veg\u0101ns.<\/p>\n<p>AKT\u012aV\u0100S KOMPONENTES:<\/p>\n<p>Etilacet\u0101ts ir \u0161\u0137\u012bdin\u0101t\u0101js, kas pal\u012bdz lakai palikt \u0161\u0137idrai pudel\u012bt\u0113, uzkl\u0101jot uz nagiem, iztvaiko, l\u012bdz ar to laka saciet\u0113 un iz\u017e\u016bst. Komponentam ir pat\u012bkams aug\u013cu arom\u0101ts, sp\u0113c\u012bg\u0101k smar\u017eo nagu lak\u0101, pie\u0161\u0137ir tai rakstur\u012bgu smar\u017eu.<\/p>\n<p>Nitroceluloze ir viens no dro\u0161\u0101kajiem un kvalitat\u012bv\u0101kajiem pl\u0113vi veidojo\u0161iem polim\u0113riem. P\u0113c \u0161\u0137\u012bdin\u0101t\u0101ju iztvaiko\u0161anas laka saciet\u0113 un veido pl\u0113vi uz nagu virsmas.<\/p>\n<p>Adip\u012bnsk\u0101bes\/neopentilglikola\/trimell\u012btsk\u0101bes anhidr\u012bda kopolim\u0113rs ir pl\u0113vi veidojo\u0161s polim\u0113rs. Kop\u0101 ar nitrocelulozi veicina lakas sa\u0137eri ar nagu virsmu, palielina notur\u012bbu.<\/p>\n<p>Hexanal atjauno nagu kerat\u012bna sl\u0101\u0146a strukt\u016bru, remineraliz\u0113 nagu pl\u0101ksni un nostiprina to, uzlabo boj\u0101to nagu st\u0101vokli, pa\u0101trina to aug\u0161anu.<\/p>","protected":false},"featured_media":10266,"template":"","meta":[],"product_brand":[],"product_cat":[99,97,98,239,244,246,245],"product_tag":[],"class_list":{"0":"post-10264","1":"product","2":"type-product","3":"status-publish","4":"has-post-thumbnail","6":"product_cat-straderm","7":"product_cat-personal-use","8":"product_cat-professional-use","9":"product_cat-nail-care-products","10":"product_cat-pedicure","11":"product_cat-homecare-products-pedicure","12":"product_cat-professional-products","14":"first","15":"instock","16":"taxable","17":"shipping-taxable","18":"purchasable","19":"product-type-simple"},"jetpack_sharing_enabled":true,"_links":{"self":[{"href":"https:\/\/shop.bestudio.ee\/lv\/wp-json\/wp\/v2\/product\/10264","targetHints":{"allow":["GET"]}}],"collection":[{"href":"https:\/\/shop.bestudio.ee\/lv\/wp-json\/wp\/v2\/product"}],"about":[{"href":"https:\/\/shop.bestudio.ee\/lv\/wp-json\/wp\/v2\/types\/product"}],"wp:featuredmedia":[{"embeddable":true,"href":"https:\/\/shop.bestudio.ee\/lv\/wp-json\/wp\/v2\/media\/10266"}],"wp:attachment":[{"href":"https:\/\/shop.bestudio.ee\/lv\/wp-json\/wp\/v2\/media?parent=10264"}],"wp:term":[{"taxonomy":"product_brand","embeddable":true,"href":"https:\/\/shop.bestudio.ee\/lv\/wp-json\/wp\/v2\/product_brand?post=10264"},{"taxonomy":"product_cat","embeddable":true,"href":"https:\/\/shop.bestudio.ee\/lv\/wp-json\/wp\/v2\/product_cat?post=10264"},{"taxonomy":"product_tag","embeddable":true,"href":"https:\/\/shop.bestudio.ee\/lv\/wp-json\/wp\/v2\/product_tag?post=10264"}],"curies":[{"name":"wp","href":"https:\/\/api.w.org\/{rel}","templated":true}]}}