{"id":10304,"date":"2024-11-08T12:36:33","date_gmt":"2024-11-08T10:36:33","guid":{"rendered":"https:\/\/shop.bestudio.ee\/?post_type=product&#038;p=10304"},"modified":"2025-12-01T00:18:27","modified_gmt":"2025-11-30T22:18:27","slug":"builderbottle-bg08-gel-in-a-bottle-with-brush-makear-15ml","status":"publish","type":"product","link":"https:\/\/shop.bestudio.ee\/lv\/products\/builderbottle-bg08-gel-in-a-bottle-with-brush-makear-15ml\/","title":{"rendered":"Builder&amp;Bottle BG08 \u2013 \u017eeleja pudel\u012bt\u0113 ar otu MAKEAR, 15ml"},"content":{"rendered":"<p><strong>Produkta inform\u0101cija:<\/strong><br \/>\n\u2022 Kr\u0101sains: 80\u201390% p\u0101rkl\u0101jums<br \/>\n\u2022 Konsistence: vid\u0113ji bieza<br \/>\n\u2022 Tilpums: 15 ml<br \/>\n\u2022 Produkts BEZ HEMA<br \/>\n\u2022 Saciet\u0113\u0161anas laiks: LED lampa (min. 48W) \u2013 1 min<\/p>\n<p>&nbsp;<\/p>\n<p class=\"s4\"><strong>MAKEAR\u2122\ufe0f<\/strong>\u00a0ir z\u012bmols, kas past\u0101v\u012bgi p\u0101rsteidz savus klientus, padarot to par l\u012bderi inov\u0101ciju jom\u0101.<br \/>\n<strong>MAKEAR\u2122\ufe0f<\/strong>\u00a0g\u0113la lakas ir izgatavotas no augst\u0101k\u0101s kvalit\u0101tes komponentiem, lai apmierin\u0101tu vispras\u012bg\u0101ko klientu cer\u012bbas. Ir rad\u012bjis dzi\u013cu kr\u0101su pies\u0101tin\u0101jumu, pla\u0161u un daudzveid\u012bgu kr\u0101su diapazonu un iztur\u012bbu\u00a0<strong>Makear<\/strong>\u00a0l\u012bderis starp eso\u0161ajiem z\u012bmoliem.<\/p>\n<hr \/>\n<p class=\"s4\">Sast\u0101vda\u013cas: akril\u0101tu kopolim\u0113rs, polimetilmetakril\u0101ts, hidroksicikloheksilfenilketons +\/- CI 77499, CI 14700, CI 77891, CI 47000, CI 42090<\/p>\n<p>&nbsp;<\/p>\n<p><img loading=\"lazy\" decoding=\"async\" class=\"wp-image-10293 aligncenter\" src=\"https:\/\/shop.bestudio.ee\/wp-content\/uploads\/2024\/11\/MAKEAR_BuilderBottle_STEP_BY_STEP_IG_ENG-300x300.png\" alt=\"\" width=\"631\" height=\"631\" srcset=\"https:\/\/shop.bestudio.ee\/wp-content\/uploads\/2024\/11\/MAKEAR_BuilderBottle_STEP_BY_STEP_IG_ENG-300x300.png 300w, https:\/\/shop.bestudio.ee\/wp-content\/uploads\/2024\/11\/MAKEAR_BuilderBottle_STEP_BY_STEP_IG_ENG-400x400.png 400w, https:\/\/shop.bestudio.ee\/wp-content\/uploads\/2024\/11\/MAKEAR_BuilderBottle_STEP_BY_STEP_IG_ENG-100x100.png 100w, https:\/\/shop.bestudio.ee\/wp-content\/uploads\/2024\/11\/MAKEAR_BuilderBottle_STEP_BY_STEP_IG_ENG-600x600.png 600w, https:\/\/shop.bestudio.ee\/wp-content\/uploads\/2024\/11\/MAKEAR_BuilderBottle_STEP_BY_STEP_IG_ENG-1024x1024.png 1024w, https:\/\/shop.bestudio.ee\/wp-content\/uploads\/2024\/11\/MAKEAR_BuilderBottle_STEP_BY_STEP_IG_ENG-150x150.png 150w, https:\/\/shop.bestudio.ee\/wp-content\/uploads\/2024\/11\/MAKEAR_BuilderBottle_STEP_BY_STEP_IG_ENG-768x768.png 768w, https:\/\/shop.bestudio.ee\/wp-content\/uploads\/2024\/11\/MAKEAR_BuilderBottle_STEP_BY_STEP_IG_ENG-12x12.png 12w, https:\/\/shop.bestudio.ee\/wp-content\/uploads\/2024\/11\/MAKEAR_BuilderBottle_STEP_BY_STEP_IG_ENG.png 1500w\" sizes=\"auto, (max-width: 631px) 100vw, 631px\" \/><\/p>","protected":false},"excerpt":{"rendered":"<p class=\"s4\"><strong><span class=\"s3\">Builder &amp; Bottle<\/span><span class=\"s3\"> \u2013 Gels pudel\u0113 ar otu MAKEAR 15ml<\/span><\/strong><\/p>\n<p class=\"s4\">Vai mekl\u0113jat risin\u0101jumu, lai pa\u0101trin\u0101tu savu darbu, vienlaikus nodro\u0161inot ilgsto\u0161u un iztur\u012bgu g\u0113la manik\u012bru? Builder&amp;Bottle ir \u012bsts g\u0113ls pudel\u012bt\u0113, kas apvieno g\u0113la lakas uzkl\u0101\u0161anas vieglumu un b\u016bvg\u0113la notur\u012bbu.<\/p>\n<p class=\"s4\">\u0160is pa\u0161izl\u012bdzino\u0161ais g\u0113ls ir lieliski piem\u0113rots dabisk\u0101s nagu pl\u0101ksnes veido\u0161anai, pagarin\u0101\u0161anai, nostiprin\u0101\u0161anai, k\u0101 ar\u012b pild\u012b\u0161anai un labo\u0161anai, bez nepiecie\u0161am\u012bbas uzkl\u0101t pamata k\u0101rtu.<\/p>\n<hr \/>\n<p class=\"s4\"><strong><span class=\"s3\">Atsl\u0113ga<\/span> <span class=\"s3\">Ieguvumi<\/span><span class=\"s3\">:<\/span><\/strong><\/p>\n<div class=\"s5\">\u25cf <span class=\"s3\">\u0100tr\u0101ks stils:<\/span> G\u0113ls pudel\u012bt\u0113 ar oti\u0146u \u013cauj samazin\u0101t darba laiku l\u012bdz pat 25 min\u016bt\u0113m! Uzkl\u0101jiet to k\u0101 g\u0113la laku, bet sasniedziet tradicion\u0101l\u0101s g\u0113la rezult\u0101tus.<\/div>\n<div class=\"s6\">\u25cf <span class=\"s3\">Pa\u0161l\u012bme\u0146o\u0161an\u0101s formula:<\/span> G\u0113ls vienm\u0113r\u012bgi izklied\u0113jas pa nagu, veidojot gludu virsmu bez v\u012bl\u0113\u0161anas. Perfekta gai\u0161a l\u012bnija ir gatava, tikl\u012bdz produkts ir uzkl\u0101ts.<\/div>\n<div class=\"s6\">\u25cf <span class=\"s3\">Elast\u012bba un iztur\u012bba:<\/span> G\u0113ls ir elast\u012bgs, vid\u0113ji ciets un ar lielisku adh\u0113ziju, padarot manik\u012bru iztur\u012bgu pret boj\u0101jumiem pat uz pl\u0101niem un v\u0101jiem nagiem.<\/div>\n<div class=\"s6\">\u25cf <span class=\"s3\">Daudzpus\u012bba:<\/span> Builder&amp;Bottle ir ide\u0101li piem\u0113rots nagu pieaudz\u0113\u0161anai, dab\u012bg\u0101s nagu pl\u0101ksnes nostiprin\u0101\u0161anai, pild\u012b\u0161anai un labo\u0161anai.<\/div>\n<div class=\"s7\">\u25cf <span class=\"s3\">Vienf\u0101zes produkts:<\/span> Nav nepiecie\u0161ams uzkl\u0101t papildu b\u0101zes p\u0101rkl\u0101jumu, kas vienk\u0101r\u0161o visu procesu.<\/div>\n<p class=\"s4\">G\u0113ls pudel\u012bt\u0113 ir pieejams 10 to\u0146os, kas \u013cauj pieska\u0146ot kr\u0101su da\u017e\u0101diem \u0101das to\u0146iem, nodro\u0161inot perfektu kr\u0101su katram klientam. Un pats galvenais \u2013 tas ir \u012bsts g\u0113ls, kas ne\u0161\u0137\u012bst aceton\u0101, apliecinot t\u0101 augsto kvalit\u0101ti.<\/p>\n<p class=\"s4\">Izv\u0113lieties Builder&amp;Bottle un izbaudiet \u0101tr\u0101ku, \u0113rt\u0101ku manik\u012bru ar izcilu iztur\u012bbu un nevainojamu apdari!<\/p>","protected":false},"featured_media":10305,"template":"","meta":[],"product_brand":[],"product_cat":[116,119,259,222,258],"product_tag":[],"class_list":{"0":"post-10304","1":"product","2":"type-product","3":"status-publish","4":"has-post-thumbnail","6":"product_cat-makear","7":"product_cat-gel","8":"product_cat-builderbottle-bottle-gel-gel","9":"product_cat-sculpting-gel-acrygel","10":"product_cat-builderbottle-bottle-gel","12":"first","13":"outofstock","14":"taxable","15":"shipping-taxable","16":"purchasable","17":"product-type-simple"},"jetpack_sharing_enabled":true,"_links":{"self":[{"href":"https:\/\/shop.bestudio.ee\/lv\/wp-json\/wp\/v2\/product\/10304","targetHints":{"allow":["GET"]}}],"collection":[{"href":"https:\/\/shop.bestudio.ee\/lv\/wp-json\/wp\/v2\/product"}],"about":[{"href":"https:\/\/shop.bestudio.ee\/lv\/wp-json\/wp\/v2\/types\/product"}],"wp:featuredmedia":[{"embeddable":true,"href":"https:\/\/shop.bestudio.ee\/lv\/wp-json\/wp\/v2\/media\/10305"}],"wp:attachment":[{"href":"https:\/\/shop.bestudio.ee\/lv\/wp-json\/wp\/v2\/media?parent=10304"}],"wp:term":[{"taxonomy":"product_brand","embeddable":true,"href":"https:\/\/shop.bestudio.ee\/lv\/wp-json\/wp\/v2\/product_brand?post=10304"},{"taxonomy":"product_cat","embeddable":true,"href":"https:\/\/shop.bestudio.ee\/lv\/wp-json\/wp\/v2\/product_cat?post=10304"},{"taxonomy":"product_tag","embeddable":true,"href":"https:\/\/shop.bestudio.ee\/lv\/wp-json\/wp\/v2\/product_tag?post=10304"}],"curies":[{"name":"wp","href":"https:\/\/api.w.org\/{rel}","templated":true}]}}