{"id":10385,"date":"2024-11-08T14:07:57","date_gmt":"2024-11-08T12:07:57","guid":{"rendered":"https:\/\/shop.bestudio.ee\/?post_type=product&#038;p=10385"},"modified":"2025-12-01T00:16:11","modified_gmt":"2025-11-30T22:16:11","slug":"cl02-tokio-lights-uv-gel-polish-8ml","status":"publish","type":"product","link":"https:\/\/shop.bestudio.ee\/lv\/products\/cl02-tokio-lights-uv-gel-polish-8ml\/","title":{"rendered":"CL02 Tokio Lights UV g\u0113la laka, 8ml"},"content":{"rendered":"<div class=\"group\/conversation-turn relative flex w-full min-w-0 flex-col agent-turn\">\n<div class=\"flex-col gap-1 md:gap-3\">\n<div class=\"flex flex-grow flex-col max-w-full\">\n<div class=\"min-h-[20px] text-message flex flex-col items-start whitespace-pre-wrap break-words [.text-message+&amp;]:mt-5 juice:w-full juice:items-end overflow-x-auto gap-2\" data-message-author-role=\"assistant\" data-message-id=\"b74c2f4c-0a94-48ef-8209-faef4cfdc2cf\">\n<div class=\"flex w-full flex-col gap-1 juice:empty:hidden juice:first:pt-[3px]\">\n<div class=\"markdown prose w-full break-words dark:prose-invert light\">\n<ul>\n<li>Augsts sp\u012bdums<\/li>\n<li>G\u0113la notur\u012bba \u2013 ilgsto\u0161s efekts<\/li>\n<li>BEZ HEMA, BEZ TPO, BEZ DI-HEMA<\/li>\n<li>Perfektas formas ota<\/li>\n<li>Re\u0101listisk\u0101 kr\u0101sa uz v\u0101ci\u0146a un grezn\u0101 pudele padara produktu unik\u0101lu<\/li>\n<li>Pul\u0113\u0161anas l\u012bdzeklis ir iepakots kartona kast\u0113, nodro\u0161inot dro\u0161\u012bbu transport\u0113\u0161anas laik\u0101 un piln\u012bb\u0101 biolo\u0123iski no\u0101rd\u0101ms<\/li>\n<li>Magn\u0113tisk\u0101 hibr\u012bda nagu laka ar ka\u0137a acu efektu<\/li>\n<li>Efekts tiek pan\u0101kts ar \u012bpa\u0161u magn\u0113tu<\/li>\n<li>PIEZ\u012aME: Pirms lieto\u0161anas labi sakratiet pudeli (da\u013ci\u0146as nos\u0113\u017eas apak\u0161\u0101)<\/li>\n<li>Tilpums: 8 ml<\/li>\n<li>LED\/UV lampa min. 48\u00a0W \u2013 30\u00a0sek.<\/li>\n<\/ul>\n<hr \/>\n<h3>MAKEAR\u2122 ir z\u012bmols, kas past\u0101v\u012bgi p\u0101rsteidz savus klientus, k\u013c\u016bstot par inov\u0101ciju l\u012bderi.<\/h3>\n<p>MAKEAR\u2122 nagu lakas ir izgatavotas no augst\u0101k\u0101s kvalit\u0101tes komponentiem, lai apmierin\u0101tu vispras\u012bg\u0101ko klientu v\u0113lmes. Dzi\u013cais kr\u0101su pies\u0101tin\u0101jums, pla\u0161a un daudzveid\u012bga kr\u0101su palete un iztur\u012bba ir padar\u012bjusi Makear par l\u012bderi starp pa\u0161reiz\u0113jiem z\u012bmoliem.<\/p>\n<hr \/>\n<h3>Makear hibr\u012bda nagu lakas ir paredz\u0113tas profesion\u0101lai lieto\u0161anai.<\/h3>\n<hr \/>\n<p>SAST\u0100VDA\u013bAS: HIDROKSIPROPILMETAKRIL\u0100TS, ETILTRIMETILBENZOILFENILFOSFIN\u0100TS, HIDROKSIKLOHEKSILA FENILKETONS, SIL\u012aCIJAS DIMETILSILIL\u0100TS, Akril\u0101tu kopolim\u0113rs +\/-10,4CI40,4CI510 CI\u00a077742, CI\u00a077510, CI\u00a077499, CI\u00a077891, CI\u00a077288<\/p>\n<\/div>\n<\/div>\n<\/div>\n<\/div>\n<\/div>\n<\/div>","protected":false},"excerpt":{"rendered":"<div class=\"group\/conversation-turn relative flex w-full min-w-0 flex-col agent-turn\">\n<div class=\"group\/conversation-turn relative flex w-full min-w-0 flex-col agent-turn\">\n<div class=\"flex-col gap-1 md:gap-3\">\n<div class=\"flex flex-grow flex-col max-w-full\">\n<div class=\"min-h-[20px] text-message flex flex-col items-start whitespace-pre-wrap break-words [.text-message+&amp;]:mt-5 juice:w-full juice:items-end overflow-x-auto gap-2\" data-message-author-role=\"assistant\" data-message-id=\"b74c2f4c-0a94-48ef-8209-faef4cfdc2cf\">\n<div class=\"flex w-full flex-col gap-1 juice:empty:hidden juice:first:pt-[3px]\">\n<div class=\"markdown prose w-full break-words dark:prose-invert light\">\n<h3>CL02 Makear\u2122 hibr\u012bda nagu laka UV\/LED<\/h3>\n<p><strong>PRODUKTS BEZ HEMA<\/strong><\/p>\n<p>&nbsp;<\/p>\n<\/div>\n<\/div>\n<\/div>\n<\/div>\n<\/div>\n<\/div>\n<\/div>\n<div class=\"group\/conversation-turn relative flex w-full min-w-0 flex-col agent-turn\">\n<div class=\"flex-col gap-1 md:gap-3\">\n<div class=\"flex flex-grow flex-col max-w-full\">\n<div class=\"min-h-[20px] text-message flex flex-col items-start whitespace-pre-wrap break-words [.text-message+&amp;]:mt-5 juice:w-full juice:items-end overflow-x-auto gap-2\" data-message-author-role=\"assistant\" data-message-id=\"b74c2f4c-0a94-48ef-8209-faef4cfdc2cf\">\n<div class=\"flex w-full flex-col gap-1 juice:empty:hidden juice:first:pt-[3px]\">\n<div class=\"markdown prose w-full break-words dark:prose-invert light\">\n<p>Mirdziet tums\u0101 ar Highlight Gel Polish kolekciju<br \/>\nHighlight kolekcija ir ide\u0101la smalku kr\u0101su, neticama mirdzuma tums\u0101 un magn\u0113tisko efektu kombin\u0101cija. Iedom\u0101jieties, ka j\u016bsu nagi mirdz gan dienas gaism\u0101, gan nakts tums\u0101. Izmantojot Highlight kolekciju, j\u016bs varat ieg\u016bt nagus, kas dienas laik\u0101 ir smalki un eleganti un ma\u0123iski mirdz tums\u0101. Pievienojiet savam stilam nosl\u0113pumain\u012bbu un iespaid\u012bgu mirdzumu.<\/p>\n<p>Kolekcij\u0101 ir 6 unik\u0101las vasaras iedvesmotas kr\u0101sas.<\/p>\n<p><strong>Sp\u012bd\u0113t tums\u0101:<\/strong><\/p>\n<ul>\n<li>Tums\u0101 mirdzo\u0161as lakas \u013caus izcelties jebkur\u0101 situ\u0101cij\u0101.<\/li>\n<li>Ka\u0137a acs efekts: Met\u0101la da\u013ci\u0146as rada burv\u012bgu &quot;ka\u0137a acs&quot; efektu.<\/li>\n<li>Lieliski piem\u0113rots vasarai: ide\u0101li piem\u0113rots vasaras vakariem, pie\u0161\u0137irot j\u016bsu stilam mirdzumu.<\/li>\n<\/ul>\n<p><strong>Modernas kr\u0101sas:<\/strong><\/p>\n<ul>\n<li>Se\u0161i smalki, moderni to\u0146i.<\/li>\n<\/ul>\n<p>Ieejiet Highlight pasaul\u0113 ar MAKEAR un \u013caujiet nagiem mirdz\u0113t gan dien\u0101, gan nakt\u012b!<\/p>\n<\/div>\n<\/div>\n<\/div>\n<\/div>\n<\/div>\n<\/div>","protected":false},"featured_media":10386,"template":"","meta":[],"product_brand":[],"product_cat":[116,131,261,218,264],"product_tag":[],"class_list":{"0":"post-10385","1":"product","2":"type-product","3":"status-publish","4":"has-post-thumbnail","6":"product_cat-makear","7":"product_cat-gel-polishes-makear","8":"product_cat-highlight-gel-polishes-makear","9":"product_cat-nail-gel-polishes","10":"product_cat-highlight","12":"first","13":"instock","14":"taxable","15":"shipping-taxable","16":"purchasable","17":"product-type-simple"},"jetpack_sharing_enabled":true,"_links":{"self":[{"href":"https:\/\/shop.bestudio.ee\/lv\/wp-json\/wp\/v2\/product\/10385","targetHints":{"allow":["GET"]}}],"collection":[{"href":"https:\/\/shop.bestudio.ee\/lv\/wp-json\/wp\/v2\/product"}],"about":[{"href":"https:\/\/shop.bestudio.ee\/lv\/wp-json\/wp\/v2\/types\/product"}],"wp:featuredmedia":[{"embeddable":true,"href":"https:\/\/shop.bestudio.ee\/lv\/wp-json\/wp\/v2\/media\/10386"}],"wp:attachment":[{"href":"https:\/\/shop.bestudio.ee\/lv\/wp-json\/wp\/v2\/media?parent=10385"}],"wp:term":[{"taxonomy":"product_brand","embeddable":true,"href":"https:\/\/shop.bestudio.ee\/lv\/wp-json\/wp\/v2\/product_brand?post=10385"},{"taxonomy":"product_cat","embeddable":true,"href":"https:\/\/shop.bestudio.ee\/lv\/wp-json\/wp\/v2\/product_cat?post=10385"},{"taxonomy":"product_tag","embeddable":true,"href":"https:\/\/shop.bestudio.ee\/lv\/wp-json\/wp\/v2\/product_tag?post=10385"}],"curies":[{"name":"wp","href":"https:\/\/api.w.org\/{rel}","templated":true}]}}