{"id":10530,"date":"2025-02-10T13:11:52","date_gmt":"2025-02-10T11:11:52","guid":{"rendered":"https:\/\/shop.bestudio.ee\/?post_type=product&#038;p=10530"},"modified":"2025-03-24T23:51:27","modified_gmt":"2025-03-24T21:51:27","slug":"cuticle-softener-for-sensitive-cuticle","status":"publish","type":"product","link":"https:\/\/shop.bestudio.ee\/lv\/products\/cuticle-softener-for-sensitive-cuticle\/","title":{"rendered":"Kutikulu m\u012bkstin\u0101t\u0101js jut\u012bgai kutikulai"},"content":{"rendered":"<p>100 ml,<\/p>\n<p><strong>Lieto\u0161ana:<\/strong><\/p>\n<section class=\"product-description-section block-section\">\n<div class=\"section-content\">\n<div class=\"product-description\">\n<div class=\"rte-content\">\n<p>Uzkl\u0101jiet produktu uz kutikulas\/naga krokas, pagaidiet 1-3 min\u016btes un p\u0113c tam p\u0101rejiet pie t\u012br\u012b\u0161anas so\u013ca. Pirms p\u0101riet uz n\u0101kamo posmu, nagu pl\u0101ksne ir j\u0101attauko.<\/p>\n<div><\/div>\n<\/div>\n<\/div>\n<\/div>\n<\/section>\n<section id=\"product-details-wrapper\" class=\"product-details-section block-section empty-product-details\">\n<h4 class=\"section-title\"><\/h4>\n<\/section>\n<p>&nbsp;<\/p>","protected":false},"excerpt":{"rendered":"<p>UZMAN\u012aBU! PRECES P\u0100RDOD TIKAI PROFESION\u0100L\u0100M! L\u016aDZU, PIESAKIES LAI SA\u0145EMT CENU!<\/p>\n<h4 class=\"section-title\">Apraksts<\/h4>\n<div class=\"section-content\">\n<div class=\"product-description\">\n<div class=\"rte-content\">\n<p><strong>M\u012bkstino\u0161s \u0161\u0137\u012bdums kutikul\u0101m jaun\u0101 formul\u0101.<\/strong>\u00a0\u0160is produkts \u013cauj viegli un efekt\u012bvi m\u012bkstin\u0101t un no\u0146emt kutikulas. Bag\u0101tin\u0101ts ar augu ekstraktiem, vitam\u012bniem un antiseptisk\u0101m \u012bpa\u0161\u012bb\u0101m, produkts atjauno \u0161\u016bnu vielmai\u0146u un nomierina \u0101du, savuk\u0101rt t\u0101 \u0161\u0137idr\u0101 g\u0113la formula iev\u0113rojami samazina traumu un griezumu risku manik\u012bra vai pedik\u012bra laik\u0101.<\/p>\n<p>Piem\u0113rots visu veidu manik\u012bram un pedik\u012bram. Paredz\u0113ts jut\u012bgai \u0101dai. Neizraisa kairin\u0101jumu un aps\u0101rtumu!<\/p>\n<p><strong>Akt\u012bv\u0101s sast\u0101vda\u013cas<\/strong><\/p>\n<p>Ur\u012bnviela<\/p>\n<p>Kl\u016bgu ekstrakts ir pretmikrobu l\u012bdzeklis, veicina kutikulas un elast\u012bbas atjauno\u0161anos p\u0113c proced\u016bras.<\/p>\n<p>Piensk\u0101be vienm\u0113r\u012bgi mitrina \u0101du vis\u0101 epiderm\u0101, sasniedzot dzi\u013c\u0101kos sl\u0101\u0146us, stimul\u0113 fibroblastu veido\u0161anos, t\u0101d\u0113j\u0101di palielinot hialuronsk\u0101bes \u2013 sp\u0113c\u012bga dab\u012bg\u0101 mitrin\u0101t\u0101ja \u2013 dabisko sint\u0113zi. \u0160is dab\u012bgais pildviela saglab\u0101 \u0101du gludu un elast\u012bgu.<\/p>\n<p>Kli\u0146\u0123er\u012b\u0161u ziedu ekstrakts nomierina sakairin\u0101tas un jut\u012bgas kutikulas manik\u012bra\/pedik\u012bra laik\u0101, piem\u012bt bakteric\u012bdas un antiseptiskas \u012bpa\u0161\u012bbas.<\/p>\n<p>Pretmikrobu l\u012bdzeklis ar sk\u0101benes auga ekstraktu, veicina kutikulas un elast\u012bbas atjauno\u0161anos p\u0113c proced\u016bras.<\/p>\n<p>Kerat\u012bns iedarbojas uz nagu pl\u0101ksnes matricu, aizsarg\u0101 nagu virsmu proced\u016bras laik\u0101.<\/p>\n<p>Nomierino\u0161s l\u012bdzeklis bisabolols, samazina \u0101das boj\u0101jumu risku, k\u0101 ar\u012b iekaisuma iesp\u0113jam\u012bbu, nov\u0113r\u0161 kairin\u0101jumu un nomierina \u0101du p\u0113c manik\u012bra\/pedik\u012bra, piem\u012bt pretiekaisuma \u012bpa\u0161\u012bbas.<\/p>\n<p>Pantenols nodro\u0161ina dzi\u013cu mitrin\u0101\u0161anu, padara manik\u012bru dro\u0161\u0101ku, veicinot prec\u012bzu grie\u0161anu manik\u012bra un autom\u0101tisk\u0101 manik\u012bra kombin\u0101cijas laik\u0101, tas ir, nov\u0113r\u0161 kutikulas l\u016b\u0161anu.<\/p>\n<p>\u016aden\u012b \u0161\u0137\u012bsto\u0161o vitam\u012bnu komplekss Biotin+ B3 samazina\/nov\u0113r\u0161 iz\u017e\u016b\u0161anu un lob\u012b\u0161anos, saglab\u0101jot kutikulu mitrin\u0101tu un m\u012bkstu p\u0113c manik\u012bra\/pedik\u012bra proced\u016bras, veidojot aizsarg\u0101jo\u0161o lip\u012bdu apvalku.<\/p>\n<\/div>\n<\/div>\n<\/div>","protected":false},"featured_media":10533,"template":"","meta":[],"product_brand":[],"product_cat":[99,98,227,244,245],"product_tag":[],"class_list":{"0":"post-10530","1":"product","2":"type-product","3":"status-publish","4":"has-post-thumbnail","6":"product_cat-straderm","7":"product_cat-professional-use","8":"product_cat-liquids-and-prep","9":"product_cat-pedicure","10":"product_cat-professional-products","12":"first","13":"instock","14":"taxable","15":"shipping-taxable","16":"product-type-simple"},"jetpack_sharing_enabled":true,"_links":{"self":[{"href":"https:\/\/shop.bestudio.ee\/lv\/wp-json\/wp\/v2\/product\/10530","targetHints":{"allow":["GET"]}}],"collection":[{"href":"https:\/\/shop.bestudio.ee\/lv\/wp-json\/wp\/v2\/product"}],"about":[{"href":"https:\/\/shop.bestudio.ee\/lv\/wp-json\/wp\/v2\/types\/product"}],"wp:featuredmedia":[{"embeddable":true,"href":"https:\/\/shop.bestudio.ee\/lv\/wp-json\/wp\/v2\/media\/10533"}],"wp:attachment":[{"href":"https:\/\/shop.bestudio.ee\/lv\/wp-json\/wp\/v2\/media?parent=10530"}],"wp:term":[{"taxonomy":"product_brand","embeddable":true,"href":"https:\/\/shop.bestudio.ee\/lv\/wp-json\/wp\/v2\/product_brand?post=10530"},{"taxonomy":"product_cat","embeddable":true,"href":"https:\/\/shop.bestudio.ee\/lv\/wp-json\/wp\/v2\/product_cat?post=10530"},{"taxonomy":"product_tag","embeddable":true,"href":"https:\/\/shop.bestudio.ee\/lv\/wp-json\/wp\/v2\/product_tag?post=10530"}],"curies":[{"name":"wp","href":"https:\/\/api.w.org\/{rel}","templated":true}]}}