{"id":10547,"date":"2025-03-19T19:24:31","date_gmt":"2025-03-19T17:24:31","guid":{"rendered":"https:\/\/shop.bestudio.ee\/?post_type=product&#038;p=10547"},"modified":"2026-02-12T22:35:30","modified_gmt":"2026-02-12T20:35:30","slug":"active-care-solution","status":"publish","type":"product","link":"https:\/\/shop.bestudio.ee\/lv\/products\/active-care-solution\/","title":{"rendered":"Akt\u012bv\u0101s apr\u016bpes risin\u0101jums"},"content":{"rendered":"<p>30 ml,<\/p>\n<p>3D hialuronsk\u0101be aktiviz\u0113 \u0101das atjauno\u0161anos visos l\u012bme\u0146os, pal\u012bdz dzied\u0113t br\u016bces. Stimul\u0113 kolag\u0113na ra\u017eo\u0161anu, uzlabo vielmai\u0146as procesus un intens\u012bvi mitrina.<\/p>\n<p>Eikalipta e\u013c\u013ca stimul\u0113 br\u016b\u010du dz\u012b\u0161anu, mazina \u0101das kairin\u0101jumu. Tam ir antiseptiska, antibakteri\u0101la un pretiekaisuma iedarb\u012bba. Tam ir viet\u0113ja anest\u0113zijas efekts.<\/p>\n<p>Melaleuca ir prets\u0113n\u012b\u0161u iedarb\u012bba, nov\u0113r\u0161 bakt\u0113riju aug\u0161anu.<\/p>\n<p>Pantenolam piem\u012bt pretiekaisuma iedarb\u012bba, tas mitrina un veicina \u0101das dz\u012b\u0161anu un atjauno\u0161anos, mazina niezi un kairin\u0101jumu.<\/p>\n<p>Bisabolols nomierina sakairin\u0101tu \u0101du, atjauno un m\u012bkstina, piem\u012bt pretmikrobu iedarb\u012bba.<\/p>\n<p>R\u012bcine\u013c\u013ca dzied\u0113 mikroplaisas, stiprina \u0101das strukt\u016bru, pa\u0101trina nagu aug\u0161anu, nov\u0113r\u0161 to atsl\u0101\u0146o\u0161anos.<\/p>\n<p>Biot\u012bns stimul\u0113 \u0101das dziedin\u0101\u0161anu.<\/p>\n<p>Nomierina un mazina kairin\u0101jumu, pa\u0101trina re\u0123ener\u0101cijas procesus. \u0100tri uzlabo epidermas un nagu pl\u0101ksnes st\u0101vokli, nostiprina nagu pl\u0101ksni, str\u0101d\u0101jot uz nagu aug\u0161anu. Niacinam\u012bds stimul\u0113 asinsriti, izraisot re\u0123ener\u0101cijas procesus. Atvieglo iekaisumu un \u0101das zv\u012b\u0146o\u0161anos, kairin\u0101jumu un dehidrat\u0101ciju.<\/p>\n<p>Kerat\u012bna prote\u012bns darbojas k\u0101 b\u016bvmateri\u0101ls, savienojoties ar dab\u012bgo kerat\u012bnu, viegli iek\u013c\u016bst \u0101das un nagu strukt\u016br\u0101, atjaunojot to boj\u0101t\u0101s vietas.<\/p>\n<p>Makad\u0101mijas e\u013c\u013ca baro, iek\u013c\u016bstot dzi\u013ci \u0101d\u0101, nomierina kairin\u0101jumus, nomierina, mazina lob\u012b\u0161anos un sausumu. Stimul\u0113 nagu pl\u0101ksnes aug\u0161anu.<\/p>\n<p>Saldo mande\u013cu e\u013c\u013ca regul\u0113 \u016bdens-lip\u012bdu l\u012bdzsvaru, pa\u0101trina \u0161\u016bnu atjauno\u0161anos, stimul\u0113 nagu pl\u0101ksnes aug\u0161anu.<\/p>\n<p>Akt\u012bvais sk\u0101beklis transport\u0113 akt\u012bv\u0101s sast\u0101vda\u013cas epidermas \u0161\u016bn\u0101s, izn\u012bcina mikrobus, mazina kairin\u0101jumu, pa\u0101trina br\u016b\u010du dz\u012b\u0161anu un \u0101das atjauno\u0161anos p\u0113c infekcij\u0101m, piem\u012bt antiseptiska iedarb\u012bba.<\/p>\n<p>Uzkl\u0101jiet divas reizes dien\u0101 uz t\u012bras nagu pl\u0101ksnes un\/vai skart\u0101s vietas un zem t\u0101s. Lieto\u0161anas kurss no 4 ned\u0113\u013c\u0101m. Profilaktiski lietojiet pilienus divas reizes ned\u0113\u013c\u0101.<\/p>","protected":false},"excerpt":{"rendered":"<p>UZMAN\u012aGI NO PROFESION\u0100L\u0100M CEN\u0100M \u2013 L\u016aDZU, PIESAKIES!<\/p>\n<p>Pilienu akt\u012bv\u0101 formula satur sp\u0113c\u012bgu galenisko prepar\u0101tu un BAS kompleksu, kas bag\u0101tin\u0101ts ar hialuronsk\u0101bi, kerat\u012bnu un akt\u012bvo sk\u0101bekli. Tie efekt\u012bvi atrisina nagu un \u0101das probl\u0113mas. Var lietot onihol\u012bzes, nagu un \u0101das s\u0113n\u012b\u0161u, plaukstu un p\u0113du ekz\u0113mas profilaksei un \u0101rst\u0113\u0161anai. \u0100tra plaisu un griezumu dz\u012b\u0161ana, mazina iekaisumu. Izn\u012bcina mikrobus, piem\u012bt antibakteri\u0101la iedarb\u012bba. Atjaunojiet un mitriniet kutikulu p\u0113c manik\u012bra\/pedik\u012bra.<\/p>","protected":false},"featured_media":10548,"template":"","meta":[],"product_brand":[],"product_cat":[99,97,98,234,239,244,246,245],"product_tag":[],"class_list":{"0":"post-10547","1":"product","2":"type-product","3":"status-publish","4":"has-post-thumbnail","6":"product_cat-straderm","7":"product_cat-personal-use","8":"product_cat-professional-use","9":"product_cat-homecare-products","10":"product_cat-nail-care-products","11":"product_cat-pedicure","12":"product_cat-homecare-products-pedicure","13":"product_cat-professional-products","15":"first","16":"instock","17":"taxable","18":"shipping-taxable","19":"purchasable","20":"product-type-simple"},"jetpack_sharing_enabled":true,"_links":{"self":[{"href":"https:\/\/shop.bestudio.ee\/lv\/wp-json\/wp\/v2\/product\/10547","targetHints":{"allow":["GET"]}}],"collection":[{"href":"https:\/\/shop.bestudio.ee\/lv\/wp-json\/wp\/v2\/product"}],"about":[{"href":"https:\/\/shop.bestudio.ee\/lv\/wp-json\/wp\/v2\/types\/product"}],"wp:featuredmedia":[{"embeddable":true,"href":"https:\/\/shop.bestudio.ee\/lv\/wp-json\/wp\/v2\/media\/10548"}],"wp:attachment":[{"href":"https:\/\/shop.bestudio.ee\/lv\/wp-json\/wp\/v2\/media?parent=10547"}],"wp:term":[{"taxonomy":"product_brand","embeddable":true,"href":"https:\/\/shop.bestudio.ee\/lv\/wp-json\/wp\/v2\/product_brand?post=10547"},{"taxonomy":"product_cat","embeddable":true,"href":"https:\/\/shop.bestudio.ee\/lv\/wp-json\/wp\/v2\/product_cat?post=10547"},{"taxonomy":"product_tag","embeddable":true,"href":"https:\/\/shop.bestudio.ee\/lv\/wp-json\/wp\/v2\/product_tag?post=10547"}],"curies":[{"name":"wp","href":"https:\/\/api.w.org\/{rel}","templated":true}]}}