{"id":10610,"date":"2025-10-01T02:28:17","date_gmt":"2025-09-30T23:28:17","guid":{"rendered":"https:\/\/shop.bestudio.ee\/?post_type=product&#038;p=10610"},"modified":"2026-02-12T22:30:02","modified_gmt":"2026-02-12T20:30:02","slug":"x-bond-bonding-gel","status":"publish","type":"product","link":"https:\/\/shop.bestudio.ee\/lv\/products\/x-bond-bonding-gel\/","title":{"rendered":"X-Bond l\u012bm\u0113\u0161anas gels"},"content":{"rendered":"<h3 class=\"station-tabs-tabtitle\"><span id=\"station-tabs-tab_ht-i0-t25\" class=\"station-tabs-tab mod-last is-active\" role=\"button\" aria-controls=\"station-tabs-tabpanel_ht-i0-t25\" data-slug=\"recommended-use\" aria-expanded=\"true\"><span class=\"station-tabs-tabtext\">IETEICAMAIS LIETO\u0160ANAS VEIDS:<\/span><\/span><\/h3>\n<div id=\"station-tabs-tabpanel_ht-i0-t25\" class=\"station-tabs-tabpanel is-active\" role=\"region\" aria-labelledby=\"station-tabs-tab_ht-i0-t25\" aria-hidden=\"false\">\n<div class=\"station-tabs-tabcontent\">\n<p><strong>1.\u00a0solis: p\u0113c nagu sagatavo\u0161anas proced\u016bras<\/strong><br \/>\nP\u0113c ierast\u0101s nagu sagatavo\u0161anas proced\u016bras, tostarp kutikulas apstr\u0101des, naga pl\u0101ksnes kodin\u0101\u0161anas, att\u012br\u012b\u0161anas ar Akzentz Prep &amp; Wipe un grunts uzkl\u0101\u0161anas (p\u0113c izv\u0113les), uz nagu virsmas uzkl\u0101jiet \u013coti pl\u0101nu un kontrol\u0113tu X-Bond sl\u0101ni.<\/p>\n<p><strong>2.\u00a0solis: iz\u0101rst\u0113\u0161ana<\/strong><br \/>\n\u017d\u0101v\u0113t 30 sekundes Akz\u00e9ntz LED lamp\u0101. Optim\u0101liem rezult\u0101tiem iesak\u0101m izmantot Akz\u00e9ntz LED lampu.<\/p>\n<p><strong>3.\u00a0solis: Veidot\u0101js vai Kr\u0101sa\u00a0<\/strong><br \/>\nP\u0113c saciet\u0113\u0161anas nenoslaukiet no nagiem inhib\u0113jo\u0161\u0101s k\u0101rtas. Uzkl\u0101jiet izv\u0113l\u0113to celtniec\u012bbas l\u012bdzekli vai kr\u0101su \u017eeleju.<\/p>\n<p><strong>Tikai profesion\u0101lai lieto\u0161anai.<br \/>\n15 ml\/0,5 unces<\/strong><\/p>\n<p><strong>SAST\u0100VDA\u013bAS:<\/strong> DI-HEMA TRIMETILHEKSILDIKARBAM\u0100TS, HIDROKSIPROPILMETAKRIL\u0100TS, HEMA MALE\u0100TS, HIDROKSICIKLOHEKSILFENILKETONS, ETILTRIMETILBENZOILFENILFOSFIN\u0100TS, \u0100BOLSK\u0100BE, BIS(GLICERILDIMETAKRIL\u0100TA) PIROMELLIT\u0100TS, P-HIDROKSIANIZOLS<\/p>\n<\/div>\n<\/div>","protected":false},"excerpt":{"rendered":"<p>Univers\u0101li sader\u012bgs b\u0101zes g\u0113ls, kas paredz\u0113ts lieto\u0161anai ar nos\u016bcamajiem un cietajiem g\u0113liem. X-Bond ir paredz\u0113ts, lai aizst\u0101tu j\u016bsu parasto b\u0101zes g\u0113lu (Luxio Base, Pro-Formance Adhere, Options Base vai Options Opti-Bond), lai pagarin\u0101tu notur\u012bbu klientiem, kuriem rodas probl\u0113mas ar naga notur\u012bbu, piem\u0113ram, pacel\u0161anos. X-Bond ir \u012bpa\u0161i noder\u012bgs klientiem ar pl\u0101niem, p\u0101r\u0101k pild\u012btiem vai boj\u0101tiem nagiem (p\u0101r\u0101k pask\u0101bin\u0101tiem).<strong><br \/>\n<\/strong><\/p>\n<p><strong>Produkta galven\u0101s iez\u012bmes:\u00a0<\/strong><\/p>\n<ul>\n<li>B\u0101zes g\u0113ls pl\u0101niem\/p\u0101rpild\u012btiem\/boj\u0101tiem nagiem<\/li>\n<li>Darbojas ar katru Akz\u00e9ntz g\u0113lu<\/li>\n<li>Pl\u0101na konsistence<\/li>\n<li>30 sekun\u017eu LED saciet\u0113\u0161ana<\/li>\n<li>100% T\u012brs g\u0113ls<\/li>\n<li>Bez \u0161\u0137\u012bdin\u0101t\u0101jiem un 10% bez<\/li>\n<li>Vienk\u0101r\u0161a uzkl\u0101\u0161ana<\/li>\n<li>Nos\u016bk\u0161an\u0101s formula<\/li>\n<li>Uzticami un konsekventi rezult\u0101ti<\/li>\n<li>Ra\u017eots Kan\u0101d\u0101 (no Eiropas un Zieme\u013camerikas sast\u0101vda\u013c\u0101m)<\/li>\n<\/ul>","protected":false},"featured_media":10611,"template":"","meta":[],"product_brand":[],"product_cat":[267,273,290],"product_tag":[],"class_list":{"0":"post-10610","1":"product","2":"type-product","3":"status-publish","4":"has-post-thumbnail","6":"product_cat-akzentz","7":"product_cat-specialty-gels","8":"product_cat-x-bond","10":"first","11":"instock","12":"taxable","13":"shipping-taxable","14":"purchasable","15":"product-type-simple"},"jetpack_sharing_enabled":true,"_links":{"self":[{"href":"https:\/\/shop.bestudio.ee\/lv\/wp-json\/wp\/v2\/product\/10610","targetHints":{"allow":["GET"]}}],"collection":[{"href":"https:\/\/shop.bestudio.ee\/lv\/wp-json\/wp\/v2\/product"}],"about":[{"href":"https:\/\/shop.bestudio.ee\/lv\/wp-json\/wp\/v2\/types\/product"}],"wp:featuredmedia":[{"embeddable":true,"href":"https:\/\/shop.bestudio.ee\/lv\/wp-json\/wp\/v2\/media\/10611"}],"wp:attachment":[{"href":"https:\/\/shop.bestudio.ee\/lv\/wp-json\/wp\/v2\/media?parent=10610"}],"wp:term":[{"taxonomy":"product_brand","embeddable":true,"href":"https:\/\/shop.bestudio.ee\/lv\/wp-json\/wp\/v2\/product_brand?post=10610"},{"taxonomy":"product_cat","embeddable":true,"href":"https:\/\/shop.bestudio.ee\/lv\/wp-json\/wp\/v2\/product_cat?post=10610"},{"taxonomy":"product_tag","embeddable":true,"href":"https:\/\/shop.bestudio.ee\/lv\/wp-json\/wp\/v2\/product_tag?post=10610"}],"curies":[{"name":"wp","href":"https:\/\/api.w.org\/{rel}","templated":true}]}}