{"id":10612,"date":"2025-10-01T02:52:47","date_gmt":"2025-09-30T23:52:47","guid":{"rendered":"https:\/\/shop.bestudio.ee\/?post_type=product&#038;p=10612"},"modified":"2025-12-01T00:14:55","modified_gmt":"2025-11-30T22:14:55","slug":"nail-prep-480ml-16oz","status":"publish","type":"product","link":"https:\/\/shop.bestudio.ee\/lv\/products\/nail-prep-480ml-16oz\/","title":{"rendered":"Nagu sagatavo\u0161anas l\u012bdzeklis 480ml\/16oz"},"content":{"rendered":"<p>480 ml,<\/p>\n<p>Sast\u0101vda\u013cas: izopropilspirts, etilacet\u0101ts, smar\u017evielas.<\/p>","protected":false},"excerpt":{"rendered":"<p>PREP &amp; WIPE ir 2\u00a0vien\u0101 l\u012bdzeklis, ko lieto nagu att\u012br\u012b\u0161anai un sagatavo\u0161anai pirms l\u012bdzek\u013ca uzkl\u0101\u0161anas, k\u0101 ar\u012b dispersijas sl\u0101\u0146a no\u0146em\u0161anai p\u0113c uzkl\u0101\u0161anas.<\/p>\n<p>\u2022 Satur prets\u0113n\u012b\u0161u \u012bpa\u0161\u012bbas<br \/>\n\u2022 Svaigs, viegls arom\u0101ts<br \/>\n\u2022 Dehidr\u0113 naga virsmu, lai nodro\u0161in\u0101tu maksim\u0101lu sa\u0137eri<br \/>\n\u2022 2\u00a0vien\u0101\u00a0\u2014 sagatavo\u0161anas un apdares \u0161\u0137\u012bdums + g\u0113la otu t\u012br\u012bt\u0101js<\/p>","protected":false},"featured_media":10613,"template":"","meta":[],"product_brand":[],"product_cat":[267,275,294],"product_tag":[],"class_list":{"0":"post-10612","1":"product","2":"type-product","3":"status-publish","4":"has-post-thumbnail","6":"product_cat-akzentz","7":"product_cat-basics","8":"product_cat-liquids","10":"first","11":"instock","12":"taxable","13":"shipping-taxable","14":"purchasable","15":"product-type-simple"},"jetpack_sharing_enabled":true,"_links":{"self":[{"href":"https:\/\/shop.bestudio.ee\/lv\/wp-json\/wp\/v2\/product\/10612","targetHints":{"allow":["GET"]}}],"collection":[{"href":"https:\/\/shop.bestudio.ee\/lv\/wp-json\/wp\/v2\/product"}],"about":[{"href":"https:\/\/shop.bestudio.ee\/lv\/wp-json\/wp\/v2\/types\/product"}],"wp:featuredmedia":[{"embeddable":true,"href":"https:\/\/shop.bestudio.ee\/lv\/wp-json\/wp\/v2\/media\/10613"}],"wp:attachment":[{"href":"https:\/\/shop.bestudio.ee\/lv\/wp-json\/wp\/v2\/media?parent=10612"}],"wp:term":[{"taxonomy":"product_brand","embeddable":true,"href":"https:\/\/shop.bestudio.ee\/lv\/wp-json\/wp\/v2\/product_brand?post=10612"},{"taxonomy":"product_cat","embeddable":true,"href":"https:\/\/shop.bestudio.ee\/lv\/wp-json\/wp\/v2\/product_cat?post=10612"},{"taxonomy":"product_tag","embeddable":true,"href":"https:\/\/shop.bestudio.ee\/lv\/wp-json\/wp\/v2\/product_tag?post=10612"}],"curies":[{"name":"wp","href":"https:\/\/api.w.org\/{rel}","templated":true}]}}