{"id":10622,"date":"2025-10-02T22:10:51","date_gmt":"2025-10-02T19:10:51","guid":{"rendered":"https:\/\/shop.bestudio.ee\/?post_type=product&#038;p=10622"},"modified":"2026-01-16T20:11:26","modified_gmt":"2026-01-16T18:11:26","slug":"luxio-gel-build-shantel-15ml-5oz","status":"publish","type":"product","link":"https:\/\/shop.bestudio.ee\/lv\/products\/luxio-gel-build-shantel-15ml-5oz\/","title":{"rendered":"LUXIO G\u0112LS \u2013 SHANTEL VEIDO\u0160ANAI 15ml\/.5oz"},"content":{"rendered":"<h3 class=\"station-tabs-tabtitle\"><span id=\"station-tabs-tab_ht-i0-t11\" class=\"station-tabs-tab is-active\" role=\"button\" aria-controls=\"station-tabs-tabpanel_ht-i0-t11\" data-slug=\"product-highlightsnbsp\" aria-expanded=\"true\"><span class=\"station-tabs-tabtext\">PRODUKTA \u012aPA\u0160\u012aBAS:\u00a0<\/span><\/span><\/h3>\n<div id=\"station-tabs-tabpanel_ht-i0-t11\" class=\"station-tabs-tabpanel is-active\" role=\"region\" aria-labelledby=\"station-tabs-tab_ht-i0-t11\" aria-hidden=\"false\">\n<div class=\"station-tabs-tabcontent\">\n<ul>\n<li>100% T\u012brs g\u0113ls<\/li>\n<li>Bez TPO, bez HEMA, bez 10, bez \u0161\u0137\u012bdin\u0101t\u0101jiem, bez smar\u017eas<\/li>\n<li>Pa\u0161izl\u012bdzino\u0161a veido\u0161anas \u017eelejas formula<\/li>\n<li>Vienk\u0101r\u0161a uzkl\u0101\u0161ana<\/li>\n<li>Lieliski piem\u0113rots struktur\u0113ta manik\u012bra ievie\u0161anai Luxio pakalpojum\u0101<\/li>\n<li>Veidojams p\u0101rkl\u0101jums, kas izskat\u0101s dabiski<\/li>\n<li>\u012apa\u0161i iztur\u012bgi un ilgsto\u0161i rezult\u0101ti<\/li>\n<li>Ne\u0161\u0137embas, nelob\u0101s un neplais\u0101<\/li>\n<li>Var viegli nos\u016bkt, izmantojot Akz\u00e9ntz Soak-Off Solution.<\/li>\n<li>Ra\u017eots Kan\u0101d\u0101 (no Eiropas un Zieme\u013camerikas sast\u0101vda\u013c\u0101m)<\/li>\n<\/ul>\n<p>_________________________________________________________________<\/p>\n<h3 class=\"station-tabs-tabtitle\"><span id=\"station-tabs-tab_ht-i0-t27\" class=\"station-tabs-tab mod-last is-active\" role=\"button\" aria-controls=\"station-tabs-tabpanel_ht-i0-t27\" data-slug=\"recommended-use\" aria-expanded=\"true\"><span class=\"station-tabs-tabtext\">IETEICAMAIS LIETO\u0160ANAS VEIDS:<\/span><\/span><\/h3>\n<div id=\"station-tabs-tabpanel_ht-i0-t27\" class=\"station-tabs-tabpanel is-active\" role=\"region\" aria-labelledby=\"station-tabs-tab_ht-i0-t27\" aria-hidden=\"false\">\n<div class=\"station-tabs-tabcontent\">\n<p><strong>1. darb\u012bba: Nagu sagatavo\u0161ana<\/strong><br \/>\nS\u0101ciet ar r\u016bp\u012bgu dabisko nagu sagatavo\u0161anu: not\u012briet tos ar Akz\u00e9ntz Prep &amp; Wipe, atb\u012bdiet vai no\u0146emiet kutikulas un nopul\u0113jiet naga pl\u0101ksni, no\u0146emot visu sp\u012bdumu. Iesak\u0101m 180 graudu v\u012bli.<\/p>\n<p><strong>2.\u00a0solis: pamatlieto\u0161ana<\/strong><br \/>\nUzkl\u0101jiet pl\u0101nu, vienm\u0113r\u012bgu Luxio\u00ae Base k\u0101rtu naga centr\u0101, uzman\u012bgi spie\u017eot oti\u0146u uz aug\u0161u pret kutikulu, tai nepieskaroties. Ar vieglu roku izl\u012bdziniet pamatni uz leju, virzot to uz br\u012bvo malu, nodro\u0161inot piln\u012bgu naga pl\u0101ksnes p\u0101rkl\u0101jumu. \u017d\u0101v\u0113jiet 30 sekundes.<\/p>\n<p><strong>3.\u00a0solis: izveidojiet lietojumprogrammu<\/strong><br \/>\nIzv\u0113lieties v\u0113lamo Luxio\u00ae Build toni. Uzkl\u0101jiet pl\u0101nu k\u0101rti\u0146u pa visu naga pl\u0101ksni \u2013 ne\u017e\u0101v\u0113jiet. P\u0113c tam uzkl\u0101jiet Luxio\u00ae Build pilienu naga centr\u0101, lai izveidotu stingru virsotni, un \u013caujiet produktam pa\u0161izl\u012bdzin\u0101ties, ieg\u016bstot gludu un vienm\u0113r\u012bgu virsmu. Izmantojiet Luxio\u00ae otu (l\u012bnijas otu), lai viegli veiktu korekcijas, pirms 30 sekundes \u017e\u0101v\u0113jat Akzentz LED lamp\u0101.<\/p>\n<p><strong>4.\u00a0solis: Veidojiet un v\u012bl\u0113jiet (p\u0113c izv\u0113les)<\/strong><br \/>\nP\u0113c saciet\u0113\u0161anas noslaukiet nagu virsmu ar bezpl\u016bksnu g\u0113la salveti, kas samitrin\u0101ta ar Prep &amp; Wipe \u0161\u0137\u012bdumu. Veidojiet un nov\u012bl\u0113jiet nagus p\u0113c v\u0113l\u0113\u0161an\u0101s, izmantojot Akzentz nagu v\u012bli\/pulieri. Kad esat pabeidzis, v\u0113lreiz noslaukiet ar Prep &amp; Wipe, lai no\u0146emtu putek\u013cus.<\/p>\n<p><strong>5.\u00a0solis: Pabeigt<\/strong><br \/>\nPabeidziet pakalpojumu, uzkl\u0101jot Luxio\u00ae Gloss, lai ieg\u016btu ilgsto\u0161i notur\u012bgu sp\u012bd\u012bgu apdari. \u013baujiet no\u017e\u016bt 30 sekundes, p\u0113c tam no\u0146emiet lip\u012bgo sl\u0101ni ar Akz\u00e9ntz Prep &amp; Wipe. Ja v\u0113laties nel\u012bpo\u0161u virsmu ar sp\u012bdumu, izmantojiet Akz\u00e9ntz Shine-On. Mat\u0113tu efektu var pan\u0101kt ar\u012b ar Akz\u00e9ntz Matte-On.<\/p>\n<p><strong>Tikai profesion\u0101lai lieto\u0161anai.<br \/>\n15 ml\/0,5 unces<\/strong><\/p>\n<p><strong>Sast\u0101vda\u013cas:<\/strong> DI-HEMA TRIMETILHEKSILDIKARBAM\u0100TS, HIDROKSIPROPILMETAKRIL\u0100TS, ETILTRIMETILBENZOILFENILFOSFIN\u0100TS; P-HIDROKSI\u0100NIZOLS, SIL\u012aCIJA DOKSM\u012aDS, SIL\u012aCIJA DOKSM\u012aDA SILIL\u0100TS [+\/-: C|77891, C|77491, C|77499, C|77492]<\/p>\n<\/div>\n<\/div>\n<\/div>\n<\/div>","protected":false},"excerpt":{"rendered":"<h3 class=\"station-tabs-tabtitle\"><span id=\"station-tabs-tab_ht-i0-t5\" class=\"station-tabs-tab mod-first is-active\" role=\"button\" aria-controls=\"station-tabs-tabpanel_ht-i0-t5\" data-slug=\"soak-off-builder-gelnbsp\" aria-expanded=\"true\"><span class=\"station-tabs-tabtext\">IEELPOJO\u0160S B\u016aVNIEKU GELS\u00a0<\/span><\/span><\/h3>\n<div id=\"station-tabs-tabpanel_ht-i0-t5\" class=\"station-tabs-tabpanel is-active\" role=\"region\" aria-labelledby=\"station-tabs-tab_ht-i0-t5\" aria-hidden=\"false\">\n<div class=\"station-tabs-tabcontent\">\n<p>Skaists ro\u017eaini neitr\u0101ls.<\/p>\n<p><strong>Vid\u0113ji \u0161\u0137idrs viskozit\u0101tes nos\u016bco\u0161s veidot\u0101js \u017eelejas pudel\u012bt\u0113<br \/>\n<b>Stiprums: <\/b><\/strong>5\/5<strong><b><br \/>\nP\u0101rkl\u0101jums:\u00a0<\/b><\/strong>3\/5<strong><br \/>\n<b>Viskozit\u0101te:\u00a0<\/b><\/strong>3\/5<\/p>\n<p>______________________________________________________________<\/p>\n<h3 class=\"station-tabs-tabtitle\"><span id=\"station-tabs-tab_ht-i0-t15\" class=\"station-tabs-tab is-active\" role=\"button\" aria-controls=\"station-tabs-tabpanel_ht-i0-t15\" data-slug=\"aboutnbsp\" aria-expanded=\"true\"><span class=\"station-tabs-tabtext\">PAR:<\/span><\/span><\/h3>\n<div id=\"station-tabs-tabpanel_ht-i0-t15\" class=\"station-tabs-tabpanel is-active\" role=\"region\" aria-labelledby=\"station-tabs-tab_ht-i0-t15\" aria-hidden=\"false\">\n<div class=\"station-tabs-tabcontent\">\n<p>P\u0101rveidojiet v\u0101jus, elast\u012bgus vai trauslus nagus par iztur\u012bgiem, cietiem un ilgm\u016b\u017e\u012bgiem g\u0113la nagiem ar Luxio\u00ae Build. \u0160is notur\u012bgais p\u0101rkl\u0101jums nodro\u0161ina sp\u0113c\u012bgu, cietu pamatu Luxio\u00ae kr\u0101su uzkl\u0101\u0161anai vai ar\u012b to var lietot atsevi\u0161\u0137i k\u0101 stiprino\u0161u virsk\u0101rtu.<\/p>\n<\/div>\n<\/div>\n<\/div>\n<\/div>","protected":false},"featured_media":10623,"template":"","meta":[],"product_brand":[],"product_cat":[267,271],"product_tag":[],"class_list":{"0":"post-10622","1":"product","2":"type-product","3":"status-publish","4":"has-post-thumbnail","6":"product_cat-akzentz","7":"product_cat-luxio-build","9":"first","10":"instock","11":"taxable","12":"shipping-taxable","13":"purchasable","14":"product-type-simple"},"jetpack_sharing_enabled":true,"_links":{"self":[{"href":"https:\/\/shop.bestudio.ee\/lv\/wp-json\/wp\/v2\/product\/10622","targetHints":{"allow":["GET"]}}],"collection":[{"href":"https:\/\/shop.bestudio.ee\/lv\/wp-json\/wp\/v2\/product"}],"about":[{"href":"https:\/\/shop.bestudio.ee\/lv\/wp-json\/wp\/v2\/types\/product"}],"wp:featuredmedia":[{"embeddable":true,"href":"https:\/\/shop.bestudio.ee\/lv\/wp-json\/wp\/v2\/media\/10623"}],"wp:attachment":[{"href":"https:\/\/shop.bestudio.ee\/lv\/wp-json\/wp\/v2\/media?parent=10622"}],"wp:term":[{"taxonomy":"product_brand","embeddable":true,"href":"https:\/\/shop.bestudio.ee\/lv\/wp-json\/wp\/v2\/product_brand?post=10622"},{"taxonomy":"product_cat","embeddable":true,"href":"https:\/\/shop.bestudio.ee\/lv\/wp-json\/wp\/v2\/product_cat?post=10622"},{"taxonomy":"product_tag","embeddable":true,"href":"https:\/\/shop.bestudio.ee\/lv\/wp-json\/wp\/v2\/product_tag?post=10622"}],"curies":[{"name":"wp","href":"https:\/\/api.w.org\/{rel}","templated":true}]}}