{"id":10697,"date":"2025-10-03T01:12:18","date_gmt":"2025-10-02T22:12:18","guid":{"rendered":"https:\/\/shop.bestudio.ee\/?post_type=product&#038;p=10697"},"modified":"2025-12-01T00:13:02","modified_gmt":"2025-11-30T22:13:02","slug":"luxio-gel-base-naked-15ml-5oz","status":"publish","type":"product","link":"https:\/\/shop.bestudio.ee\/lv\/products\/luxio-gel-base-naked-15ml-5oz\/","title":{"rendered":"LUXIO G\u0112LS \u2013 B\u0100ZE NAKED 15ml\/.5oz"},"content":{"rendered":"<h3 class=\"station-tabs-tabtitle\"><span id=\"station-tabs-tab_ht-i0-t9\" class=\"station-tabs-tab is-active\" tabindex=\"0\" role=\"button\" aria-controls=\"station-tabs-tabpanel_ht-i0-t9\" data-slug=\"product-highlightsnbsp\" aria-expanded=\"true\"><span class=\"station-tabs-tabtext\">PRODUKTA \u012aPA\u0160\u012aBAS:<\/span><\/span><\/h3>\n<div id=\"station-tabs-tabpanel_ht-i0-t9\" class=\"station-tabs-tabpanel is-active\" role=\"region\" aria-labelledby=\"station-tabs-tab_ht-i0-t9\" aria-hidden=\"false\">\n<div class=\"station-tabs-tabcontent\">\n<ul>\n<li>100% t\u012bra \u017eeleja Ethos<\/li>\n<li>Bez TPO, bez HEMA, bez 10, bez \u0161\u0137\u012bdin\u0101t\u0101jiem, bez smar\u017eas<\/li>\n<li>Pa\u0161izl\u012bdzino\u0161a formula<\/li>\n<li>Uzlabo nagu virsmu gludai kr\u0101so\u0161anai vai lako\u0161anai<\/li>\n<li>P\u0101rkl\u0101j dabiskos nagus un neboj\u0101 tos<\/li>\n<li>Ra\u017eots Kan\u0101d\u0101 (no Eiropas un Zieme\u013camerikas sast\u0101vda\u013c\u0101m)<\/li>\n<\/ul>\n<p>_________________________________________________________________<\/p>\n<h3 class=\"station-tabs-tabtitle\"><span id=\"station-tabs-tab_ht-i0-t21\" class=\"station-tabs-tab mod-last is-active\" tabindex=\"0\" role=\"button\" aria-controls=\"station-tabs-tabpanel_ht-i0-t21\" data-slug=\"recommended-use\" aria-expanded=\"true\"><span class=\"station-tabs-tabtext\">IETEICAMAIS LIETO\u0160ANAS VEIDS:<\/span><\/span><\/h3>\n<div id=\"station-tabs-tabpanel_ht-i0-t21\" class=\"station-tabs-tabpanel is-active\" role=\"region\" aria-labelledby=\"station-tabs-tab_ht-i0-t21\" aria-hidden=\"false\">\n<div class=\"station-tabs-tabcontent\">\n<ol>\n<li>P\u0113c nagu sagatavo\u0161anas uzkl\u0101jiet pl\u0101nu, kontrol\u0113tu k\u0101rtu uz dab\u012bgajiem nagiem. Ne\u013caujiet Luxio\u00ae b\u0101zei pieskarties kutikul\u0101m vai apk\u0101rt\u0113jai \u0101dai, jo produkts var pacelties, jo var rasties kairin\u0101jums.<\/li>\n<li>\u017d\u0101v\u0113t 30 sekundes Akz\u00e9ntz LED lamp\u0101. Nenoslauc\u012bt.<\/li>\n<li>Turpiniet ar Luxio\u00ae Colour, Luxio\u00ae Build vai p\u0101rkl\u0101jiet ar Luxio\u00ae Gloss.<\/li>\n<\/ol>\n<p><strong>Ide\u0101li piem\u0113rots<br \/>\n<\/strong>Parasti, elast\u012bgi vai boj\u0101ti dab\u012bgie nagi.<\/p>\n<p><strong>Tikai profesion\u0101lai lieto\u0161anai.<\/strong><\/p>\n<\/div>\n<\/div>\n<p><strong>Sast\u0101vda\u013cas:<\/strong> DI-HEMA TRIMETILHEKSILDIKARBAM\u0100TS, HIDROKSIPROPILMETAKRIL\u0100TS, HEMA MALE\u0100TS, HIDROKSICIKLOHEKSILFENILKETONS, ETILTRIMETILBENZOILFENILFOSFIN\u0100TS; BIS(GLICERILDIMETAKRIL\u0100TA) PIROMELLIT\u0100TS, MALE\u012aNSK\u0100BE, P-HIDROKSI\u0100NIZOLS, SIL\u012aCIJA SILIL\u0100TS, [+\/-: C|77891, C|73360, C|77491, C|77499, C|15850]<\/p>\n<p>&nbsp;<\/p>\n<\/div>\n<\/div>","protected":false},"excerpt":{"rendered":"<h3>TONS\u0112TA B\u0100ZKR\u0100SA, KAS IEGRIE\u017dAS AR IEROBE\u017dO\u0160ANOS<\/h3>\n<p>_______________________________________________________________<\/p>\n<h3 class=\"station-tabs-tabtitle\"><span id=\"station-tabs-tab_ht-i0-t13\" class=\"station-tabs-tab is-active\" tabindex=\"0\" role=\"button\" aria-controls=\"station-tabs-tabpanel_ht-i0-t13\" data-slug=\"aboutnbsp\" aria-expanded=\"true\"><span class=\"station-tabs-tabtext\">PAR:\u00a0<\/span><\/span><\/h3>\n<div id=\"station-tabs-tabpanel_ht-i0-t13\" class=\"station-tabs-tabpanel is-active\" role=\"region\" aria-labelledby=\"station-tabs-tab_ht-i0-t13\" aria-hidden=\"false\">\n<div class=\"station-tabs-tabcontent\">\n<p>Luxio ton\u0113t\u0101 b\u0101ze ir ieteicama, ja nepiecie\u0161ama viegla p\u0101rkl\u0101juma nodro\u0161in\u0101\u0161ana vai mask\u0113jo\u0161s efekts uz nagiem, lietojot Luxio produktus, piem\u0113ram, Luxio Colour un Luxio Build. Luxio ton\u0113t\u0101 b\u0101ze nodro\u0161ina izcilu notur\u012bbu un saglab\u0101 elast\u012bbu uz nagiem, vienlaikus pie\u0161\u0137irot nagiem dabisku un perfektu izskatu ar vieglu p\u0101rkl\u0101juma efektu. Var uzkl\u0101t uz nagiem k\u0101 stiprino\u0161u un pastiprino\u0161u l\u012bdzekli un p\u0101rkl\u0101t ar Luxio Gloss, ja kr\u0101sa nav v\u0113lama.<\/p>\n<\/div>\n<\/div>","protected":false},"featured_media":10698,"template":"","meta":[],"product_brand":[],"product_cat":[267,268,270],"product_tag":[],"class_list":{"0":"post-10697","1":"product","2":"type-product","3":"status-publish","4":"has-post-thumbnail","6":"product_cat-akzentz","7":"product_cat-luxio","8":"product_cat-luxio-base","10":"first","11":"instock","12":"taxable","13":"shipping-taxable","14":"purchasable","15":"product-type-simple"},"jetpack_sharing_enabled":true,"_links":{"self":[{"href":"https:\/\/shop.bestudio.ee\/lv\/wp-json\/wp\/v2\/product\/10697","targetHints":{"allow":["GET"]}}],"collection":[{"href":"https:\/\/shop.bestudio.ee\/lv\/wp-json\/wp\/v2\/product"}],"about":[{"href":"https:\/\/shop.bestudio.ee\/lv\/wp-json\/wp\/v2\/types\/product"}],"wp:featuredmedia":[{"embeddable":true,"href":"https:\/\/shop.bestudio.ee\/lv\/wp-json\/wp\/v2\/media\/10698"}],"wp:attachment":[{"href":"https:\/\/shop.bestudio.ee\/lv\/wp-json\/wp\/v2\/media?parent=10697"}],"wp:term":[{"taxonomy":"product_brand","embeddable":true,"href":"https:\/\/shop.bestudio.ee\/lv\/wp-json\/wp\/v2\/product_brand?post=10697"},{"taxonomy":"product_cat","embeddable":true,"href":"https:\/\/shop.bestudio.ee\/lv\/wp-json\/wp\/v2\/product_cat?post=10697"},{"taxonomy":"product_tag","embeddable":true,"href":"https:\/\/shop.bestudio.ee\/lv\/wp-json\/wp\/v2\/product_tag?post=10697"}],"curies":[{"name":"wp","href":"https:\/\/api.w.org\/{rel}","templated":true}]}}