{"id":10703,"date":"2025-10-03T23:52:52","date_gmt":"2025-10-03T20:52:52","guid":{"rendered":"https:\/\/shop.bestudio.ee\/?post_type=product&#038;p=10703"},"modified":"2026-02-12T22:33:30","modified_gmt":"2026-02-12T20:33:30","slug":"luxio-gel-base-nudist-15ml-5oz","status":"publish","type":"product","link":"https:\/\/shop.bestudio.ee\/lv\/products\/luxio-gel-base-nudist-15ml-5oz\/","title":{"rendered":"LUXIO GEL \u2013 BASE NUDIST 15ml\/.5oz"},"content":{"rendered":"<h3 class=\"station-tabs-tabtitle\"><span id=\"station-tabs-tab_ht-i0-t9\" class=\"station-tabs-tab is-active\" role=\"button\" aria-controls=\"station-tabs-tabpanel_ht-i0-t9\" data-slug=\"product-highlightsnbsp\" aria-expanded=\"true\"><span class=\"station-tabs-tabtext\">PRODUCT HIGHLIGHTS:\u00a0<\/span><\/span><\/h3>\n<div id=\"station-tabs-tabpanel_ht-i0-t9\" class=\"station-tabs-tabpanel is-active\" role=\"region\" aria-labelledby=\"station-tabs-tab_ht-i0-t9\" aria-hidden=\"false\">\n<div class=\"station-tabs-tabcontent\">\n<ul>\n<li>100% Pure Gel Ethos<\/li>\n<li>TPO-Free, HEMA-Free, 10-Free, Solvent-Free, Odour-Free<\/li>\n<li>Self-levelling formula<\/li>\n<li>Perfects the nail surface for smooth Colour or Build applications<\/li>\n<li>Coats the natural nails and is non-damaging<\/li>\n<li>Made in Canada (with European and North American Ingredients)<\/li>\n<\/ul>\n<p>_________________________________________________________________<\/p>\n<h3 class=\"station-tabs-tabtitle\"><span id=\"station-tabs-tab_ht-i0-t19\" class=\"station-tabs-tab mod-last is-active\" role=\"button\" aria-controls=\"station-tabs-tabpanel_ht-i0-t19\" data-slug=\"recommended-use\" aria-expanded=\"true\"><span class=\"station-tabs-tabtext\">RECOMMENDED USE:<\/span><\/span><\/h3>\n<div id=\"station-tabs-tabpanel_ht-i0-t19\" class=\"station-tabs-tabpanel is-active\" role=\"region\" aria-labelledby=\"station-tabs-tab_ht-i0-t19\" aria-hidden=\"false\">\n<div class=\"station-tabs-tabcontent\">\n<ol>\n<li>After prepping the nails, apply a thin controlled layer to the natural nails. Do not allow Luxio\u00ae base to touch the cuticles or surrounding skin or product lifting and potential irritation can occur.<\/li>\n<li>Cure for 30 seconds in an Akz\u00e9ntz LED light. Do not wipe.<\/li>\n<li>Continue with Luxio\u00ae Colour, Luxio\u00ae Build or seal with Luxio\u00ae Gloss.<\/li>\n<\/ol>\n<p><strong>Perfect For<br \/>\n<\/strong>Regular, flexible or damaged natural nails.<\/p>\n<p><strong>For Professional-Use Only.<\/strong><\/p>\n<p><strong>Ingredients:<\/strong> DI-HEMA TRIMETHYLHEXYL DICARBAMATE, HYDROXYPROPYL METHACRYLATE, \u00a0HEMA MALEATE,HYDROXYCYCLOHEXYL PHENYL KETONE, ETHYL TRIMETHYLBENZOYL PHENYLPHOSPHINATE; BIS(GLYCERYL DIMETHACRYLATE) PYROMELLITATE, MALEIC ACID, P-HYDROXYANISOLE, SILICA SILYLATE, [+\/-:C|77891, C|73360, C|77491, C|77499, C|15850]<\/p>\n<\/div>\n<\/div>\n<\/div>\n<\/div>\n","protected":false},"excerpt":{"rendered":"<h3>TONS\u0112TA B\u0100ZKR\u0100SA, KAS IEGRIE\u017dAS AR IEROBE\u017dO\u0160ANOS<\/h3>\n<p>_______________________________________________________________<\/p>\n<h3 class=\"station-tabs-tabtitle\"><span id=\"station-tabs-tab_ht-i0-t13\" class=\"station-tabs-tab is-active\" role=\"button\" aria-controls=\"station-tabs-tabpanel_ht-i0-t13\" data-slug=\"aboutnbsp\" aria-expanded=\"true\"><span class=\"station-tabs-tabtext\">PAR:<\/span><\/span><\/h3>\n<div id=\"station-tabs-tabpanel_ht-i0-t13\" class=\"station-tabs-tabpanel is-active\" role=\"region\" aria-labelledby=\"station-tabs-tab_ht-i0-t13\" aria-hidden=\"false\">\n<div class=\"station-tabs-tabcontent\">\n<p>Luxio ton\u0113t\u0101 b\u0101ze ir ieteicama, ja nepiecie\u0161ama viegla p\u0101rkl\u0101juma nodro\u0161in\u0101\u0161ana vai mask\u0113jo\u0161s efekts uz nagiem, lietojot Luxio produktus, piem\u0113ram, Luxio Colour un Luxio Build. Luxio ton\u0113t\u0101 b\u0101ze nodro\u0161ina izcilu notur\u012bbu un saglab\u0101 elast\u012bbu uz nagiem, vienlaikus pie\u0161\u0137irot nagiem dabisku un perfektu izskatu ar vieglu p\u0101rkl\u0101juma efektu. Var uzkl\u0101t uz nagiem k\u0101 stiprino\u0161u, pastiprino\u0161u l\u012bdzekli un p\u0101rkl\u0101t ar Luxio Gloss, ja kr\u0101sa nav v\u0113lama.<\/p>\n<\/div>\n<\/div>","protected":false},"featured_media":10706,"template":"","meta":[],"product_brand":[],"product_cat":[267,268,270],"product_tag":[],"class_list":{"0":"post-10703","1":"product","2":"type-product","3":"status-publish","4":"has-post-thumbnail","6":"product_cat-akzentz","7":"product_cat-luxio","8":"product_cat-luxio-base","10":"first","11":"instock","12":"taxable","13":"shipping-taxable","14":"purchasable","15":"product-type-simple"},"jetpack_sharing_enabled":true,"_links":{"self":[{"href":"https:\/\/shop.bestudio.ee\/lv\/wp-json\/wp\/v2\/product\/10703","targetHints":{"allow":["GET"]}}],"collection":[{"href":"https:\/\/shop.bestudio.ee\/lv\/wp-json\/wp\/v2\/product"}],"about":[{"href":"https:\/\/shop.bestudio.ee\/lv\/wp-json\/wp\/v2\/types\/product"}],"wp:featuredmedia":[{"embeddable":true,"href":"https:\/\/shop.bestudio.ee\/lv\/wp-json\/wp\/v2\/media\/10706"}],"wp:attachment":[{"href":"https:\/\/shop.bestudio.ee\/lv\/wp-json\/wp\/v2\/media?parent=10703"}],"wp:term":[{"taxonomy":"product_brand","embeddable":true,"href":"https:\/\/shop.bestudio.ee\/lv\/wp-json\/wp\/v2\/product_brand?post=10703"},{"taxonomy":"product_cat","embeddable":true,"href":"https:\/\/shop.bestudio.ee\/lv\/wp-json\/wp\/v2\/product_cat?post=10703"},{"taxonomy":"product_tag","embeddable":true,"href":"https:\/\/shop.bestudio.ee\/lv\/wp-json\/wp\/v2\/product_tag?post=10703"}],"curies":[{"name":"wp","href":"https:\/\/api.w.org\/{rel}","templated":true}]}}