{"id":10763,"date":"2025-10-05T11:09:28","date_gmt":"2025-10-05T08:09:28","guid":{"rendered":"https:\/\/shop.bestudio.ee\/?post_type=product&#038;p=10763"},"modified":"2025-12-01T00:10:09","modified_gmt":"2025-11-30T22:10:09","slug":"luxio-crystal-15ml-5oz","status":"publish","type":"product","link":"https:\/\/shop.bestudio.ee\/lv\/products\/luxio-crystal-15ml-5oz\/","title":{"rendered":"LUXIO \u2013 KRIST\u0100LS 15ml\/.5oz"},"content":{"rendered":"<h3><strong>SVAR\u012aGA PIEZ\u012aME<\/strong><\/h3>\n<p>Pirms lieto\u0161anas samais\u012bt.<\/p>\n<p>Kr\u0101su vizualiz\u0101cija notiek digit\u0101l\u0101 vid\u0113, un to\u0146u att\u0113lojums var nedaudz at\u0161\u0137irties atkar\u012bb\u0101 no ekr\u0101na iestat\u012bjumiem. Faktiskais kr\u0101su tonis var at\u0161\u0137irties re\u0101los apst\u0101k\u013cos.<\/p>\n<p>_________________________________________________________________<\/p>\n<h3><strong>IETEICAMAIS LIETO\u0160ANAS VEIDS:<\/strong><\/h3>\n<p><strong>1. darb\u012bba: Nagu sagatavo\u0161ana<\/strong><br \/>\nS\u0101ciet ar r\u016bp\u012bgu dabisko nagu sagatavo\u0161anu: not\u012briet tos ar Akz\u00e9ntz Prep &amp; Wipe, atb\u012bdiet vai no\u0146emiet kutikulas un nopul\u0113jiet naga pl\u0101ksni, no\u0146emot visu sp\u012bdumu. Iesak\u0101m 180 graudu v\u012bli.<\/p>\n<p><strong>2.\u00a0solis: pamatlieto\u0161ana<\/strong><br \/>\nUzkl\u0101jiet pl\u0101nu, vienm\u0113r\u012bgu Luxio\u00ae Base k\u0101rtu naga centr\u0101, uzman\u012bgi spie\u017eot oti\u0146u uz aug\u0161u pret kutikulu, tai nepieskaroties. Ar vieglu roku izl\u012bdziniet pamatni uz leju, virzot to uz br\u012bvo malu, nodro\u0161inot piln\u012bgu naga pl\u0101ksnes p\u0101rkl\u0101jumu. \u017d\u0101v\u0113jiet 30 sekundes.<\/p>\n<p><strong>3.\u00a0solis: kr\u0101sas uzkl\u0101\u0161ana<\/strong><br \/>\nIzv\u0113lieties v\u0113lamo Luxio\u00ae kr\u0101su. Izmantojot to pa\u0161u tehniku, uzkl\u0101jiet kr\u0101su, spie\u017eot oti\u0146u uz aug\u0161u pret kutikulu un vienm\u0113r\u012bgi velkot to uz leju p\u0101ri nagam. \u017d\u0101v\u0113jiet 30 sekundes.<\/p>\n<p><strong>4.\u00a0solis: Otrais kr\u0101su sl\u0101nis<\/strong><br \/>\nAtk\u0101rtojiet kr\u0101sas uzkl\u0101\u0161anas procesu, lai uzkl\u0101tu otro k\u0101rtu. Pieredz\u0113ju\u0161iem nagu m\u0101ksliniekiem iesak\u0101m izmantot smalku kont\u016brz\u012bmu oti\u0146u, lai uzkl\u0101tu kr\u0101su p\u0113c iesp\u0113jas tuv\u0101k kutikulai, nepieskaroties tai, lai ieg\u016btu perfektu izskatu. \u017d\u0101v\u0113jiet 30 sekundes.<\/p>\n<p><strong>5.\u00a0solis: Pabeigt<\/strong><br \/>\nPabeidziet pakalpojumu, uzkl\u0101jot Luxio\u00ae Gloss, lai ieg\u016btu ilgsto\u0161i notur\u012bgu sp\u012bd\u012bgu apdari. \u013baujiet no\u017e\u016bt 30 sekundes, p\u0113c tam no\u0146emiet lip\u012bgo sl\u0101ni ar Akz\u00e9ntz Prep &amp; Wipe. Ja v\u0113laties nel\u012bpo\u0161u virsmu ar sp\u012bdumu, izmantojiet Akz\u00e9ntz Shine-On. Mat\u0113tu efektu var pan\u0101kt ar\u012b ar Akz\u00e9ntz Matte-On.<\/p>\n<p><strong>Lieliski piem\u0113rots:\u00a0<\/strong>\u012asi, trausli, v\u0101ji vai m\u012bksti un elast\u012bgi nagi. Piem\u0113rots visu veidu nagiem.<\/p>\n<p><strong>Tikai profesion\u0101lai lieto\u0161anai.<br \/>\n15 ml\/0,5 unces<\/strong><\/p>\n<p><strong>SAST\u0100VDA\u013bAS:<\/strong> BIS-HIDROKSIETILAKRIL\u0100TA POLI(NEOPENTILGLIKOLA ADIP\u0100TS)\/IPDI KOPOLIM\u0112RS, HIDROKSIPROPILMETAKRIL\u0100TS, ETILTRIMETILBENZOILFENILFOSFIN\u0100TS; KALCIJA ALUM\u012aNIJA BORSILIK\u0100TS, P-HIDROKSIANIZOLS, SIL\u012aCIJA DOKSM\u012aDS, SIL\u012aCIJA DOKSM\u012aDA SILIL\u0100TS, ALVAS OKS\u012aDS, [+\/-:C|77891, C|60725]<\/p>","protected":false},"excerpt":{"rendered":"<h3><strong>Nos\u016bco\u0161a g\u0113la laka<\/strong><\/h3>\n<p><b>Apdare:\u00a0<\/b>Mirdzums\u00a0<b><br \/>\nP\u0101rkl\u0101jums:\u00a0<\/b>3\/5<b><br \/>\n<\/b><b><\/b><\/p>\n<p>Iedvesmojoties no Balt\u0101 kvarca \u0113terisk\u0101 skaistuma, Crystal ir v\u0113ss, pienaini balts tonis, kas smalki pies\u0101tin\u0101ts ar plat\u012bna da\u013ci\u0146\u0101m, kas piesaista uzman\u012bbu.<span class=\"apple-converted-space\">\u00a0<\/span>gaisma<span class=\"apple-converted-space\">\u00a0<\/span>maig\u0101, mirdzo\u0161\u0101 dej\u0101. \u0160is p\u0113r\u013cainais tonis izstaro miera gaisu.<span class=\"apple-converted-space\">\u00a0<\/span>elegance, t\u0101s smalkais mirdzums atg\u0101dina klusa \u016bdens mieru un klusumu<span class=\"apple-converted-space\">\u00a0<\/span>p\u0101rdomu br\u012b\u017ei. T\u0101pat k\u0101 Baltais kvarca krist\u0101ls, kas paz\u012bstams ar<span class=\"apple-converted-space\">\u00a0<\/span>t\u0101s ener\u0123ijas<span class=\"apple-converted-space\">\u00a0<\/span>miera un iek\u0161\u0113j\u0101 miera saj\u016bta, krist\u0101ls sniedz l\u012bdzsvara saj\u016btu un<span class=\"apple-converted-space\">\u00a0<\/span>klusu mirdzumu jebkuram manik\u012bram. T\u0101 ir lieliska izv\u0113le tiem, kas mekl\u0113<span class=\"apple-converted-space\">\u00a0<\/span>neuzkr\u012bto\u0161s, tom\u0113r grezns piesk\u0101riens, kas p\u0101rveido jebkuru\u00a0<span class=\"outlook-search-highlight\" data-markjs=\"true\">Luxio<\/span>\u00ae manik\u012brs<span class=\"apple-converted-space\">\u00a0<\/span>par mirdzo\u0161a skaistuma apliecin\u0101jumu.\u00a0<span class=\"outlook-search-highlight\" data-markjs=\"true\">Luxio<\/span>\u00ae Crystal var uzkl\u0101t k\u0101 pirmo k\u0101rtu zem jebkura caursp\u012bd\u012bga p\u0101rkl\u0101juma.\u00a0<span class=\"outlook-search-highlight\" data-markjs=\"true\">Luxio<\/span>\u00ae<span class=\"apple-converted-space\">\u00a0<\/span>\u0113nojums ma\u0123iskam, daudzdimension\u0101lam efektam.<\/p>\n<p>_______________________________________________________________<\/p>\n<h3><strong>PRODUKTA \u012aPA\u0160\u012aBAS:<\/strong><\/h3>\n<ul>\n<li>100% T\u012brs g\u0113ls<\/li>\n<li>Bez TPO, bez HEMA, bez 10, bez \u0161\u0137\u012bdin\u0101t\u0101jiem, bez smar\u017eas<\/li>\n<li>Pa\u0161izl\u012bdzino\u0161a formula<\/li>\n<li>Vienk\u0101r\u0161a uzkl\u0101\u0161ana<\/li>\n<li>Nesar\u016bko\u0161s<\/li>\n<li>Kr\u0101sas ar izcilu, vienm\u0113r\u012bgu p\u0101rkl\u0101jumu<\/li>\n<li>\u012apa\u0161i iztur\u012bgi un ilgsto\u0161i rezult\u0101ti<\/li>\n<li>Ne\u0161\u0137embas, nelob\u0101s un neplais\u0101<\/li>\n<li>Var viegli nos\u016bkt, izmantojot Akz\u00e9ntz Soak-Off Solution.<\/li>\n<li>Ra\u017eots Kan\u0101d\u0101 (no Eiropas un Zieme\u013camerikas sast\u0101vda\u013c\u0101m)<\/li>\n<\/ul>\n<p>_______________________________________________________________<\/p>\n<h3><strong>PAR:<\/strong><\/h3>\n<p>Luxio\u00ae By Akzentz ir t\u012bra grezn\u012bba pudel\u012bt\u0113. M\u016bsu rakstur\u012bg\u0101, kr\u0113m\u012bg\u0101 un bag\u0101t\u012bgi pigment\u0113t\u0101 formula nodro\u0161ina vienm\u0113r\u012bgu p\u0101rkl\u0101jumu katru reizi. Luxio\u00ae ir t\u012bra g\u0113la formula, kas nodro\u0161ina \u0113rtu uzkl\u0101\u0161anu un nep\u0101rsp\u0113jamu notur\u012bbu, vienlaikus saglab\u0101jot un atbalstot dabisko nagu vesel\u012bbu. Luxio\u00ae sniedz visgrezn\u0101ko pieredzi ne tikai nagu m\u0101ksliniekiem, bet ar\u012b vispras\u012bg\u0101kajiem klientiem.<\/p>","protected":false},"featured_media":10767,"template":"","meta":[],"product_brand":[],"product_cat":[267,268,269],"product_tag":[],"class_list":{"0":"post-10763","1":"product","2":"type-product","3":"status-publish","4":"has-post-thumbnail","6":"product_cat-akzentz","7":"product_cat-luxio","8":"product_cat-luxio-colour","10":"first","11":"instock","12":"taxable","13":"shipping-taxable","14":"purchasable","15":"product-type-simple"},"jetpack_sharing_enabled":true,"_links":{"self":[{"href":"https:\/\/shop.bestudio.ee\/lv\/wp-json\/wp\/v2\/product\/10763","targetHints":{"allow":["GET"]}}],"collection":[{"href":"https:\/\/shop.bestudio.ee\/lv\/wp-json\/wp\/v2\/product"}],"about":[{"href":"https:\/\/shop.bestudio.ee\/lv\/wp-json\/wp\/v2\/types\/product"}],"wp:featuredmedia":[{"embeddable":true,"href":"https:\/\/shop.bestudio.ee\/lv\/wp-json\/wp\/v2\/media\/10767"}],"wp:attachment":[{"href":"https:\/\/shop.bestudio.ee\/lv\/wp-json\/wp\/v2\/media?parent=10763"}],"wp:term":[{"taxonomy":"product_brand","embeddable":true,"href":"https:\/\/shop.bestudio.ee\/lv\/wp-json\/wp\/v2\/product_brand?post=10763"},{"taxonomy":"product_cat","embeddable":true,"href":"https:\/\/shop.bestudio.ee\/lv\/wp-json\/wp\/v2\/product_cat?post=10763"},{"taxonomy":"product_tag","embeddable":true,"href":"https:\/\/shop.bestudio.ee\/lv\/wp-json\/wp\/v2\/product_tag?post=10763"}],"curies":[{"name":"wp","href":"https:\/\/api.w.org\/{rel}","templated":true}]}}