{"id":10852,"date":"2025-10-16T23:55:30","date_gmt":"2025-10-16T20:55:30","guid":{"rendered":"https:\/\/shop.bestudio.ee\/?post_type=product&#038;p=10852"},"modified":"2025-12-18T00:38:33","modified_gmt":"2025-12-17T22:38:33","slug":"kerafix-14ml","status":"publish","type":"product","link":"https:\/\/shop.bestudio.ee\/lv\/products\/kerafix-14ml\/","title":{"rendered":"KeraFix, 14 ml"},"content":{"rendered":"<p>14 ml,<\/p>\n<p><strong>SAST\u0100VDA\u013bAS:<\/strong> DENAT\u0112TS ALKOHOLS, \u016aDENS, POLIAKRIL\u0100TA KROSSPOLIM\u0112RS 6, GLIKOLIKSK\u0100BE, SMAR\u017dVIELAS, GLIKONOLAKTONS, PHAEODACTYLUM TRICORNUTUM EKSTRAKTS, PENTIL\u0112NGLIKOLS, BIOT\u012aNS.<\/p>\n<p><strong>IETEICAM\u0100 LIETO\u0160ANA<\/strong><\/p>\n<p>Lietot katru dienu vismaz 1-2 ned\u0113\u013cas (vai ilg\u0101k, atkar\u012bb\u0101 no nagu s\u0101kotn\u0113j\u0101 st\u0101vok\u013ca). Uzkl\u0101t pirmo k\u0101rtu un \u013caut tai ies\u016bkties 30 sekundes. Uzkl\u0101t otro k\u0101rtu un pagaid\u012bt, l\u012bdz t\u0101 piln\u012bb\u0101 ies\u016bcas.<\/p>\n<p><strong>UZMAN\u012aBU<\/strong><\/p>\n<p>Tikai \u0101r\u012bgai lieto\u0161anai. Sarg\u0101t no b\u0113rniem.<\/p>","protected":false},"excerpt":{"rendered":"<p>UZMAN\u012aGI NO PROFESION\u0100L\u0100M CEN\u0100M \u2013 L\u016aDZU, PIESAKIES!<\/p>\n<p><strong>INTENS\u012aVS NAGU ATJAUNO\u0160ANAS KONCENTR\u0100TS<\/strong><\/p>\n<p>P\u0101rstruktur\u0113jo\u0161s kop\u0161anas un atjauno\u0161anas koncentr\u0101ts uzlabo nagu pl\u0101ksnes kvalit\u0101ti, pal\u012bdz atjaunoties un stimul\u0113 vesel\u012bgu aug\u0161anu. Lieliski piem\u0113rots p\u0101rtraukumiem starp manik\u012briem. J\u016bras sil\u012bcijs, biot\u012bns un organisko aug\u013cu akt\u012bv\u0101s vielas siner\u0123iski darbojas, lai atjaunotu, barotu, uzmundrin\u0101tu un efekt\u012bvi stimul\u0113tu vesel\u012bgu nagu aug\u0161anu. KeraFix viegl\u0101 tekst\u016bra nodro\u0161ina akt\u012bvo vielu \u0101tru uzs\u016bk\u0161anos un t\u016bl\u012bt\u0113ju \u017e\u016b\u0161anu bez sp\u012bd\u012bgiem atlikumiem, padarot kop\u0161anu neman\u0101mu un \u0113rtu.<\/p>\n<p><strong>AKT\u012aV\u0100S SAST\u0100VDA\u013bAS<\/strong><\/p>\n<p><strong>J\u016bras sil\u012bcijs<\/strong>Augsti biolo\u0123iski pieejama sil\u012bcija dioks\u012bda forma, kas uzlabo kerat\u012bna sint\u0113zi, stiprina nagu pl\u0101ksni un palielina t\u0101s bl\u012bvumu un iztur\u012bbu, nov\u0113r\u0161ot trauslumu un \u0161\u0137el\u0161anos. J\u016bras komponenti atbalsta nagu \u016bdens l\u012bdzsvaru.<\/p>\n<p><strong>Biot\u012bns<\/strong>\u016aden\u012b \u0161\u0137\u012bsto\u0161a formula, kas viegli ies\u016bcas nagu strukt\u016br\u0101, veicina kerat\u012bna veido\u0161anos un pal\u012bdz atjaunot un uzlabot nagu pl\u0101ksnes tekst\u016bru. Iedarbojoties \u0161\u016bnu l\u012bmen\u012b no iek\u0161puses, t\u0101 stiprina nagu matricu, stimul\u0113jot vesel\u012bgu nagu aug\u0161anu.<\/p>\n<p><strong>AHA un PHA sk\u0101bes<\/strong>Divu da\u017e\u0101du veidu molekulu komplekss darbojas k\u0101 maigs p\u012blings uz naga virsmas, stimul\u0113jot atjauno\u0161anos un jaunu vesel\u012bgu \u0161\u016bnu veido\u0161anos naga pamatn\u0113, un k\u0101 mitrin\u0101t\u0101js, iek\u013c\u016bstot dzi\u013c\u0101kos sl\u0101\u0146os, piesaistot un saglab\u0101jot \u016bdeni, kas padara naga virsmu barotu, gludu, elast\u012bgu un vesel\u012bgu. Komplekss ir piem\u0113rots jebkurai naga pl\u0101ksnei, pat \u013coti jut\u012bgai.<\/p>","protected":false},"featured_media":10857,"template":"","meta":[],"product_brand":[],"product_cat":[99,97,98,234,239,244,246,245],"product_tag":[],"class_list":{"0":"post-10852","1":"product","2":"type-product","3":"status-publish","4":"has-post-thumbnail","6":"product_cat-straderm","7":"product_cat-personal-use","8":"product_cat-professional-use","9":"product_cat-homecare-products","10":"product_cat-nail-care-products","11":"product_cat-pedicure","12":"product_cat-homecare-products-pedicure","13":"product_cat-professional-products","15":"first","16":"instock","17":"taxable","18":"shipping-taxable","19":"purchasable","20":"product-type-simple"},"jetpack_sharing_enabled":true,"_links":{"self":[{"href":"https:\/\/shop.bestudio.ee\/lv\/wp-json\/wp\/v2\/product\/10852","targetHints":{"allow":["GET"]}}],"collection":[{"href":"https:\/\/shop.bestudio.ee\/lv\/wp-json\/wp\/v2\/product"}],"about":[{"href":"https:\/\/shop.bestudio.ee\/lv\/wp-json\/wp\/v2\/types\/product"}],"wp:featuredmedia":[{"embeddable":true,"href":"https:\/\/shop.bestudio.ee\/lv\/wp-json\/wp\/v2\/media\/10857"}],"wp:attachment":[{"href":"https:\/\/shop.bestudio.ee\/lv\/wp-json\/wp\/v2\/media?parent=10852"}],"wp:term":[{"taxonomy":"product_brand","embeddable":true,"href":"https:\/\/shop.bestudio.ee\/lv\/wp-json\/wp\/v2\/product_brand?post=10852"},{"taxonomy":"product_cat","embeddable":true,"href":"https:\/\/shop.bestudio.ee\/lv\/wp-json\/wp\/v2\/product_cat?post=10852"},{"taxonomy":"product_tag","embeddable":true,"href":"https:\/\/shop.bestudio.ee\/lv\/wp-json\/wp\/v2\/product_tag?post=10852"}],"curies":[{"name":"wp","href":"https:\/\/api.w.org\/{rel}","templated":true}]}}