{"id":10858,"date":"2025-10-17T00:11:40","date_gmt":"2025-10-16T21:11:40","guid":{"rendered":"https:\/\/shop.bestudio.ee\/?post_type=product&#038;p=10858"},"modified":"2026-03-05T11:03:45","modified_gmt":"2026-03-05T09:03:45","slug":"diamond-shine-on-15ml-5oz","status":"publish","type":"product","link":"https:\/\/shop.bestudio.ee\/lv\/products\/diamond-shine-on-15ml-5oz\/","title":{"rendered":"DIMANTA SP\u012aDUMS-ON 15ml\/.5oz"},"content":{"rendered":"<p><strong>SAST\u0100VDA\u013bAS: <\/strong>PPG-3 GLICERILA \u0112TERA TRIAKRIL\u0100TS, BIS-HEMA POLI(1,4-BUT\u0100NDIOLS)-9\/IPDI KOPOLIM\u0112RS, PENTAERITRITILTETRAMERKAPTOPROPION\u0100TS, BIS-HEMA POLI(1,4-BUT\u0100NDIOLS)-9\/SMDI KOPOLIM\u0112RS, DIETIL\u0112NGLIKOLA DIMETAKRIL\u0100TS, TRIMETILBENZOILDITOLILFOSF\u012aNA OKS\u012aDS, IZOPROPILFENILDIMETIKONS, C|60725<\/p>\n<p><strong>1.\u00a0solis: P\u0113c veidot\u0101ja vai kr\u0101su \u017eelejas uzkl\u0101\u0161anas<\/strong><br \/>\nP\u0113c jebkura Akz\u00e9ntz g\u0113la p\u0101rkl\u0101juma uzkl\u0101\u0161anas vienm\u0113r\u012bgi uzkl\u0101jiet pl\u0101nu Shine-On Diamond k\u0101rtu uz visas nagu virsmas, uzman\u012bgi piespie\u017eot oti\u0146u pie kutikulas, tai nepieskaroties. \u013baujiet tai uz br\u012bdi pa\u0161izl\u012bdzin\u0101ties, izveidojot piln\u012bgi gludu, stiklveida virsmu.<\/p>\n<p><strong>2.\u00a0solis: iz\u0101rst\u0113\u0161ana<\/strong><br \/>\n\u017d\u0101v\u0113jiet 30 sekundes Akz\u00e9ntz LED lamp\u0101. Lai ieg\u016btu optim\u0101lus rezult\u0101tus, iesak\u0101m izmantot Akz\u00e9ntz LED lampu. Ja izmantojat cita z\u012bmola lampu, var b\u016bt nepiecie\u0161ams ilg\u0101ks \u017e\u0101v\u0113\u0161anas laiks.<\/p>\n<p><strong>3.\u00a0solis: Pabeigt<\/strong><br \/>\nP\u0113c saciet\u0113\u0161anas tiks pan\u0101kts skaists, mitra izskata sp\u012bdums. Nav nepiecie\u0161ams noslauc\u012bt vai veikt citas darb\u012bbas.<\/p>\n<p><strong>Lieliski piem\u0113rots:\u00a0<\/strong>Jebkuram g\u0113la nagu kop\u0161anas pakalpojumam, kur\u0101 nepiecie\u0161ams vissp\u012bd\u012bg\u0101kais, ilgsto\u0161\u0101kais sp\u012bdums. Nav ieteicams pakalpojumiem, kuros nepiecie\u0161ama l\u012bmes no\u0146em\u0161ana ar iem\u0113rk\u0161anas metodi, ja vien t\u0101 netiek nov\u012bl\u0113ta pirms iem\u0113rk\u0161anas proced\u016bras uzs\u0101k\u0161anas.<\/p>","protected":false},"excerpt":{"rendered":"<p>Iepaz\u012bstin\u0101m ar m\u016bsu godalgot\u0101, nel\u012bpo\u0161\u0101 virs\u0113j\u0101 p\u0101rkl\u0101juma n\u0101kam\u0101s paaudzes produktu: Diamond Shine-On\u2122. Piln\u012bgi jauna formula noz\u012bm\u0113, ka t\u0101 ir m\u016bsu sp\u012bd\u012bg\u0101k\u0101 un iztur\u012bg\u0101k\u0101 virs\u0113j\u0101 virsma \u2014 ar nep\u0101rsp\u0113jamu mirdzumu, uzlabotu iztur\u012bbu pret skr\u0101p\u0113jumiem un palielin\u0101tu optisko dzidrumu. Vienm\u0113r\u012bg\u0101ka, kontrol\u0113t\u0101ka viskozit\u0101te, kas pa\u0161pilnveidojas, lai pasl\u0113ptu defektus, un tagad t\u0101 ir piln\u012bb\u0101 bez HEMA un TPO. Tas viss par t\u0101du pa\u0161u cenu k\u0101 iepriek\u0161.<br \/>\nJaunin\u0101jums tikpat izcils k\u0101 dimanti.<\/p>\n<p>Izm\u0113rs: 15 ml\/0,5 unces<\/p>\n<p><em><strong>*Svar\u012bga piez\u012bme:<\/strong>\u00a0<\/em>Diamond Shine-On ir sp\u012bd\u012bg\u0101ka, sliden\u0101ka formula, kas ir maz\u0101k sader\u012bga ar hroma\/efekta pulveriem, piem\u0113ram, Gel-Play Pearlescent Powders. Hroma\/efekta pulveru uzkl\u0101\u0161anai iesak\u0101m izmantot Shine-On\u2122 Original formulu.<\/p>\n<h3><strong>Produkta galven\u0101s iez\u012bmes:\u00a0<\/strong><\/h3>\n<ul>\n<li>Laboratorij\u0101 izm\u0113r\u012btais sp\u012bduma l\u012bmenis ir 95 GU (sp\u012bduma vien\u012bbas), kas ir augst\u0101kais jebkad re\u0123istr\u0113tais r\u0101d\u012bt\u0101js un augst\u0101ks nek\u0101 konkurentu sp\u012bduma l\u012bme\u0146iem (ori\u0123in\u0101l\u0101 sp\u012bduma l\u012bme\u0146a v\u0113rt\u012bba ir 88 GU).<\/li>\n<li>Vid\u0113ja viskozit\u0101te ar liel\u0101ku \u201csl\u012bd\u0113\u0161anu\u201d<\/li>\n<li>Pa\u0161pilnveidojo\u0161a formula glud\u0101kam rezult\u0101tam<\/li>\n<li>M\u016bsu visilg\u0101k notur\u012bgais un notur\u012bg\u0101kais sp\u012bdums<\/li>\n<li>Vienk\u0101r\u0161a uzkl\u0101\u0161ana<\/li>\n<li>Darbojas ar katru Akz\u00e9ntz g\u0113lu<\/li>\n<li>Nesar\u016bko\u0161s<\/li>\n<li>Nek\u013c\u016bst dzeltens un nemaina kr\u0101su<\/li>\n<li>Neplais\u0101, ne\u0161\u0137embojas un nelob\u0101s<\/li>\n<li>Saciet\u0113 bez inhib\u0113jo\u0161\u0101 sl\u0101\u0146a<\/li>\n<li>Uzticami un konsekventi rezult\u0101ti<\/li>\n<\/ul>\n<h3><strong>Formulas inform\u0101cija:\u00a0<\/strong><\/h3>\n<ul>\n<li>100% T\u012brs g\u0113ls<\/li>\n<li>Bez TPO, bez HEMA, bez \u0161\u0137\u012bdin\u0101t\u0101jiem, bez 10%,<\/li>\n<li>Ciet\u0101 gela formula<\/li>\n<li>Ra\u017eots Kan\u0101d\u0101 (no Eiropas un Zieme\u013camerikas sast\u0101vda\u013c\u0101m)<\/li>\n<li>Tikai profesion\u0101lai lieto\u0161anai<\/li>\n<\/ul>","protected":false},"featured_media":10865,"template":"","meta":[],"product_brand":[],"product_cat":[267,277],"product_tag":[],"class_list":{"0":"post-10858","1":"product","2":"type-product","3":"status-publish","4":"has-post-thumbnail","6":"product_cat-akzentz","7":"product_cat-diamond-shine-on","9":"first","10":"instock","11":"sale","12":"taxable","13":"shipping-taxable","14":"purchasable","15":"product-type-simple"},"jetpack_sharing_enabled":true,"_links":{"self":[{"href":"https:\/\/shop.bestudio.ee\/lv\/wp-json\/wp\/v2\/product\/10858","targetHints":{"allow":["GET"]}}],"collection":[{"href":"https:\/\/shop.bestudio.ee\/lv\/wp-json\/wp\/v2\/product"}],"about":[{"href":"https:\/\/shop.bestudio.ee\/lv\/wp-json\/wp\/v2\/types\/product"}],"wp:featuredmedia":[{"embeddable":true,"href":"https:\/\/shop.bestudio.ee\/lv\/wp-json\/wp\/v2\/media\/10865"}],"wp:attachment":[{"href":"https:\/\/shop.bestudio.ee\/lv\/wp-json\/wp\/v2\/media?parent=10858"}],"wp:term":[{"taxonomy":"product_brand","embeddable":true,"href":"https:\/\/shop.bestudio.ee\/lv\/wp-json\/wp\/v2\/product_brand?post=10858"},{"taxonomy":"product_cat","embeddable":true,"href":"https:\/\/shop.bestudio.ee\/lv\/wp-json\/wp\/v2\/product_cat?post=10858"},{"taxonomy":"product_tag","embeddable":true,"href":"https:\/\/shop.bestudio.ee\/lv\/wp-json\/wp\/v2\/product_tag?post=10858"}],"curies":[{"name":"wp","href":"https:\/\/api.w.org\/{rel}","templated":true}]}}