{"id":10918,"date":"2025-10-19T19:46:40","date_gmt":"2025-10-19T16:46:40","guid":{"rendered":"https:\/\/shop.bestudio.ee\/?post_type=product&#038;p=10918"},"modified":"2026-01-16T20:06:36","modified_gmt":"2026-01-16T18:06:36","slug":"pearlescent-powder-silver-1g-035oz","status":"publish","type":"product","link":"https:\/\/shop.bestudio.ee\/lv\/products\/pearlescent-powder-silver-1g-035oz\/","title":{"rendered":"P\u0112RMU\u013bU PULVERIS \u2013 SUDRABS 1g\/.035oz"},"content":{"rendered":"<p><strong>INGREDIENTS : <\/strong>CALCIUM ALUMINIUM BOROSILICATE, SILICA, TIN OXIDE [+\/-: C|77891]<\/p>\n<h3><strong>RECOMMENDED APPLICATION:<\/strong><\/h3>\n<div><strong>1.<\/strong>\u00a0Apply an Akz\u00e9ntz gel of your choice (Gel-Play, Options, Luxio, or Pro-Formance), cure as usual.<\/div>\n<div><strong>2.<\/strong>\u00a0Apply 1 coat of Akz\u00e9ntz Shine-On no-wipe top gloss.\u00a0Cure.<br \/>\n<strong>3.<\/strong>\u00a0With firm pressure, apply a layer of Pearlescent Powder using a microfibre applicator or a gloved finger. Use fast, circular motions and work quickly.<br \/>\n<strong>4.<\/strong>\u00a0Apply 1 coat of Akzentz Shine-On no-wipe top gloss.\u00a0Cure.<\/div>\n","protected":false},"excerpt":{"rendered":"<h3><b>GLAZ\u0112TS EFEKTA PULVERIS:<\/b><\/h3>\n<p><b>Apdare: <\/b>P\u0113r\u013cains\/glaz\u0113ts<br \/>\n<b>pH:\u00a0<\/b>Nav pieejams<\/p>\n<p class=\"\" data-start=\"245\" data-end=\"650\"><strong>Gel-Play Pearlescent Powder sudrabainais p\u016bderis rada caursp\u012bd\u012bgu, perlamutra efektu.\u00a0<\/strong>\u00a0Profesion\u0101la l\u012bme\u0146a efekta p\u016bderis, kas pie\u0161\u0137ir k\u0101roto &quot;glaz\u016bras&quot; apdari, ko k\u013cuvu\u0161as slavenas v\u012brusu nagu tenden\u010du d\u0113\u013c. \u0160is \u012bpa\u0161i smalkais, augsta sp\u012bduma pigments rada gludu, p\u0113r\u013cainu sp\u012bdumu, uzkl\u0101jot to uz saciet\u0113ju\u0161a, nenoslauk\u0101ma virs\u0113j\u0101 sp\u012bduma sl\u0101\u0146a. Neatkar\u012bgi no t\u0101, vai to lieto uz maig\u0101m, caursp\u012bd\u012bg\u0101m kr\u0101s\u0101m, pienaini baltiem vai spilgtiem to\u0146iem, p\u0113r\u013cainais p\u016bderis p\u0101rveido jebkuru komplektu ar \u0113terisku, gaismu atstarojo\u0161u mirdzumu.<\/p>\n<p class=\"\" data-start=\"652\" data-end=\"786\">\u0160is p\u016bderis, kas rad\u012bts vieglai uzkl\u0101\u0161anai un z\u012bdaini gludam rezult\u0101tam, ir ide\u0101ls p\u0113d\u0113jais piesk\u0101riens elegantiem, augstas modes nagiem.<\/p>\n<h3><strong data-end=\"1941\" data-start=\"1921\">PIEM\u0112ROTS:<\/strong><\/h3>\n<p><strong data-end=\"1941\" data-start=\"1921\">Glaz\u0113ti efekti:<\/strong>\u00a0Lietojiet kop\u0101 ar jebkuru Akz\u00e9ntz g\u0113lu, tostarp Luxio\u00ae, Pro-Formance\u00ae, Options\u2122 vai Gel-Play\u2122.<\/p>\n<p><strong>Tikai profesion\u0101lai lieto\u0161anai.<br \/>\n1 g<\/strong><\/p>","protected":false},"featured_media":10923,"template":"","meta":[],"product_brand":[],"product_cat":[267,274,292],"product_tag":[],"class_list":{"0":"post-10918","1":"product","2":"type-product","3":"status-publish","4":"has-post-thumbnail","6":"product_cat-akzentz","7":"product_cat-gel-play","8":"product_cat-gel-play-pearlescent-powder","10":"first","11":"instock","12":"taxable","13":"shipping-taxable","14":"purchasable","15":"product-type-simple"},"jetpack_sharing_enabled":true,"_links":{"self":[{"href":"https:\/\/shop.bestudio.ee\/lv\/wp-json\/wp\/v2\/product\/10918","targetHints":{"allow":["GET"]}}],"collection":[{"href":"https:\/\/shop.bestudio.ee\/lv\/wp-json\/wp\/v2\/product"}],"about":[{"href":"https:\/\/shop.bestudio.ee\/lv\/wp-json\/wp\/v2\/types\/product"}],"wp:featuredmedia":[{"embeddable":true,"href":"https:\/\/shop.bestudio.ee\/lv\/wp-json\/wp\/v2\/media\/10923"}],"wp:attachment":[{"href":"https:\/\/shop.bestudio.ee\/lv\/wp-json\/wp\/v2\/media?parent=10918"}],"wp:term":[{"taxonomy":"product_brand","embeddable":true,"href":"https:\/\/shop.bestudio.ee\/lv\/wp-json\/wp\/v2\/product_brand?post=10918"},{"taxonomy":"product_cat","embeddable":true,"href":"https:\/\/shop.bestudio.ee\/lv\/wp-json\/wp\/v2\/product_cat?post=10918"},{"taxonomy":"product_tag","embeddable":true,"href":"https:\/\/shop.bestudio.ee\/lv\/wp-json\/wp\/v2\/product_tag?post=10918"}],"curies":[{"name":"wp","href":"https:\/\/api.w.org\/{rel}","templated":true}]}}