{"id":10924,"date":"2025-10-19T19:55:41","date_gmt":"2025-10-19T16:55:41","guid":{"rendered":"https:\/\/shop.bestudio.ee\/?post_type=product&#038;p=10924"},"modified":"2026-02-12T22:31:31","modified_gmt":"2026-02-12T20:31:31","slug":"uv-led-gel-play-magnetic-clear-silver-10g-0-35oz","status":"publish","type":"product","link":"https:\/\/shop.bestudio.ee\/lv\/products\/uv-led-gel-play-magnetic-clear-silver-10g-0-35oz\/","title":{"rendered":"UV\/LED G\u0112LA LAKA \u2013 MAGN\u0112TISKI DZ\u012aRS SUDRABS 10g\/.0.35oz"},"content":{"rendered":"<div class=\"woocommerce-tabs wc-tabs-wrapper\">\n<div id=\"tab-description\" class=\"woocommerce-Tabs-panel woocommerce-Tabs-panel--description panel entry-content wc-tab\" role=\"tabpanel\" aria-labelledby=\"tab-title-description\">\n<div id=\"station-tabs-tabpanel_ht-i0-t19\" class=\"station-tabs-tabpanel is-active\" role=\"region\" aria-labelledby=\"station-tabs-tab_ht-i0-t19\" aria-hidden=\"false\">\n<div class=\"station-tabs-tabcontent\">\n<p><strong>SAST\u0100VDA\u013bAS:<\/strong> BIS-HIDROKSIETILAKRIL\u0100TA POLI(NEOPENTILGLIKOLA ADIP\u0100TS)\/IPDI KOPOLIM\u0112RS, HIDROKSIPROPILMETAKRIL\u0100TS, ETILTRIMETILBENZOILFENILFOSFIN\u0100TS; P-HIDROKSIANIZOLS, SIL\u012aCIJA SILIL\u0100TS, [+\/-:C|77499, C|77000, C|77891]<\/p>\n<h3><strong>SVAR\u012aGA PIEZ\u012aME!<\/strong><\/h3>\n<p>Pirms lieto\u0161anas samais\u012bt.<\/p>\n<p>Kr\u0101su vizualiz\u0101cija notiek digit\u0101l\u0101 vid\u0113, un to\u0146u att\u0113lojums var nedaudz at\u0161\u0137irties atkar\u012bb\u0101 no ekr\u0101na iestat\u012bjumiem. Faktiskais kr\u0101su tonis var at\u0161\u0137irties re\u0101los apst\u0101k\u013cos.<\/p>\n<h3><strong>PAR GEL-PLAY LAKU:<\/strong><\/h3>\n<p>Akz\u00e9ntz Gel-Play evol\u016bcija \u2013 Gel Play\u2122 nagu laka. \u0160is jaunais form\u0101ts ir \u013coti piepras\u012bts un paver piln\u012bgi jaunu veidu, k\u0101 rad\u012bt satrieco\u0161u nagu m\u0101kslu. Jaunais g\u0113la lakas form\u0101ts pied\u0101v\u0101 papildu \u0113rt\u012bbas un daudzpus\u012bbu nagu m\u0101ksliniekiem, kuri dod priek\u0161roku uzkl\u0101\u0161anai ar otu.<\/p>\n<p><strong>Tikai profesion\u0101lai lieto\u0161anai.<br \/>\n10 ml\/0,33 unces\u00a0<\/strong><\/p>\n<\/div>\n<\/div>\n<\/div>\n<\/div>","protected":false},"excerpt":{"rendered":"<p><b>Apdare:\u00a0<\/b>Magn\u0113tiskais<br \/>\n<b>P\u0101rkl\u0101jums:\u00a0<\/b>1\/5<\/p>\n<p>Krist\u0101ldzidrs gels, kas pies\u016bcin\u0101ts ar \u012bpa\u0161i smalk\u0101m magn\u0113tisk\u0101m sudraba da\u013ci\u0146\u0101m. Magn\u0113tiskais<br \/>\nCaursp\u012bd\u012bgais sudrabs ar magn\u0113ta pal\u012bdz\u012bbu p\u0101rveidojas, radot maigus, telpiskus un elegantus ka\u0137a acu efektus \u2014 paredz\u0113ts lieto\u0161anai p\u0101ri jebkurai kr\u0101sai mirdzo\u0161am efektam vai ar\u012b valk\u0101\u0161anai atsevi\u0161\u0137i.<br \/>\nmaigs, gaismu piesaisto\u0161s mirdzums<\/p>\n<ul>\n<li>\u012apa\u0161i izstr\u0101d\u0101ts m\u0101kslas un efektu rad\u012b\u0161anai<\/li>\n<li>Maz\u0101ks, ekonomisk\u0101ks izm\u0113rs (10 ml\/0,33 unces)<\/li>\n<li>Bez TPO, bez HEMA, bez 10, bez \u0161\u0137\u012bdin\u0101t\u0101jiem, bez smar\u017eas<\/li>\n<li>Nedaudz biez\u0101ka konsistence (sal\u012bdzinot ar Luxio\u00ae kr\u0101su \u017eelej\u0101m)<\/li>\n<li>ES atbilsto\u0161a formula<\/li>\n<li>\u012apa\u0161i iztur\u012bgi un ilgsto\u0161i rezult\u0101ti<\/li>\n<li>Ne\u0161\u0137embas, nelob\u0101s un neplais\u0101<\/li>\n<li>Var nos\u016bkt, izmantojot Akz\u00e9ntz Soak-Off \u0161\u0137\u012bdumu.<\/li>\n<li>Kan\u0101das produkts (ra\u017eots no Eiropas un Zieme\u013camerikas sast\u0101vda\u013c\u0101m)<\/li>\n<\/ul>","protected":false},"featured_media":10930,"template":"","meta":[],"product_brand":[],"product_cat":[267,274,291],"product_tag":[],"class_list":{"0":"post-10924","1":"product","2":"type-product","3":"status-publish","4":"has-post-thumbnail","6":"product_cat-akzentz","7":"product_cat-gel-play","8":"product_cat-gel-play-bottle","10":"first","11":"instock","12":"taxable","13":"shipping-taxable","14":"purchasable","15":"product-type-simple"},"jetpack_sharing_enabled":true,"_links":{"self":[{"href":"https:\/\/shop.bestudio.ee\/lv\/wp-json\/wp\/v2\/product\/10924","targetHints":{"allow":["GET"]}}],"collection":[{"href":"https:\/\/shop.bestudio.ee\/lv\/wp-json\/wp\/v2\/product"}],"about":[{"href":"https:\/\/shop.bestudio.ee\/lv\/wp-json\/wp\/v2\/types\/product"}],"wp:featuredmedia":[{"embeddable":true,"href":"https:\/\/shop.bestudio.ee\/lv\/wp-json\/wp\/v2\/media\/10930"}],"wp:attachment":[{"href":"https:\/\/shop.bestudio.ee\/lv\/wp-json\/wp\/v2\/media?parent=10924"}],"wp:term":[{"taxonomy":"product_brand","embeddable":true,"href":"https:\/\/shop.bestudio.ee\/lv\/wp-json\/wp\/v2\/product_brand?post=10924"},{"taxonomy":"product_cat","embeddable":true,"href":"https:\/\/shop.bestudio.ee\/lv\/wp-json\/wp\/v2\/product_cat?post=10924"},{"taxonomy":"product_tag","embeddable":true,"href":"https:\/\/shop.bestudio.ee\/lv\/wp-json\/wp\/v2\/product_tag?post=10924"}],"curies":[{"name":"wp","href":"https:\/\/api.w.org\/{rel}","templated":true}]}}