{"id":10958,"date":"2025-10-19T21:03:22","date_gmt":"2025-10-19T18:03:22","guid":{"rendered":"https:\/\/shop.bestudio.ee\/?post_type=product&#038;p=10958"},"modified":"2025-12-18T16:30:41","modified_gmt":"2025-12-18T14:30:41","slug":"luxio-envy-15ml-5oz","status":"publish","type":"product","link":"https:\/\/shop.bestudio.ee\/lv\/products\/luxio-envy-15ml-5oz\/","title":{"rendered":"LUXIO \u2013 ENVY 15ml\/.5oz"},"content":{"rendered":"<div class=\"product-description rte\">\n<p class=\"p1\">Tum\u0161a efeja, tik pies\u0101tin\u0101ta, ka robe\u017eojas ar melnu kr\u0101su. \u0160im za\u013cajam tonim ir dzeltens apak\u0161tonis, radot \u013coti pies\u0101tin\u0101tu patiesi za\u013cu kr\u0101su bez v\u0113siem apak\u0161to\u0146iem.<\/p>\n<p class=\"p1\">Envy uzkl\u0101j l\u012bdz\u012bgi k\u0101 Luxio\u00ae Noir vai Nightfall. Uzkl\u0101jiet div\u0101s pl\u0101n\u0101s k\u0101rt\u0101s, lai nodro\u0161in\u0101tu piln\u012bgu saciet\u0113\u0161anu.<\/p>\n<p class=\"p1\"><span class=\"s1\"><strong>NOKT\u016aRNAS TO\u0145U DREIFS STARP \u0112NU UN V\u0112LMI<\/strong>\u00a0<\/span>Gandr\u012bz melnu to\u0146u trio, kas atkl\u0101j savu dzi\u013cumu nakts klusum\u0101. Pavedino\u0161a, noska\u0146aina un nedaudz draud\u012bga \u2013 katra kr\u0101sa ir k\u0101 \u010duksts pats par sevi: nekad ac\u012bmredzama, vienm\u0113r j\u016btama.<\/p>\n<\/div>\n<div class=\"social-sharing is-normal\" data-permalink=\"https:\/\/lapechenailsandacademyau.com\/products\/luxio-envy-available-now-for-pre-order\"><\/div>","protected":false},"excerpt":{"rendered":"<div class=\"woocommerce-product-details__short-description\">\n<p>Luxio ir 100% t\u012brs g\u0113ls, kas ir bez smar\u017eas un \u0161\u0137\u012bdin\u0101t\u0101jiem. Izstr\u0101d\u0101ts, lai p\u0101rkl\u0101tu un aizsarg\u0101tu dabisko nagu. Luxio nodro\u0161ina vieglu uzkl\u0101\u0161anu, k\u0101 ar\u012b maksim\u0101lu kontroli, padarot to par ide\u0101lu izv\u0113li ilgsto\u0161am g\u0113la manik\u012bram vai pedik\u012bram.<\/p>\n<p>\u2022 Bez smar\u017eas<br \/>\n\u2022 100% g\u0113la formula<br \/>\n\u2022 Bez \u0161\u0137\u012bdin\u0101t\u0101jiem<br \/>\n\u2022 Tikai profesion\u0101\u013ciem<br \/>\n\u2022 Dro\u0161i un viegli uzkl\u0101jams<br \/>\n\u2022 Bag\u0101t\u012bgas, \u012bpa\u0161i pigment\u0113tas kr\u0101sas<br \/>\n\u2022 Kr\u0113m\u012bga konsistence, kas veidota perfektai kontrolei<br \/>\n\u2022 Ra\u017eots Kan\u0101d\u0101, izmantojot tikai Zieme\u013camerikas un Eiropas sast\u0101vda\u013cas<\/p>\n<\/div>","protected":false},"featured_media":10970,"template":"","meta":[],"product_brand":[],"product_cat":[267,301,268,269],"product_tag":[],"class_list":{"0":"post-10958","1":"product","2":"type-product","3":"status-publish","4":"has-post-thumbnail","6":"product_cat-akzentz","7":"product_cat-luxio-nocturne-winter-2025","8":"product_cat-luxio","9":"product_cat-luxio-colour","11":"first","12":"instock","13":"taxable","14":"shipping-taxable","15":"purchasable","16":"product-type-simple"},"jetpack_sharing_enabled":true,"_links":{"self":[{"href":"https:\/\/shop.bestudio.ee\/lv\/wp-json\/wp\/v2\/product\/10958","targetHints":{"allow":["GET"]}}],"collection":[{"href":"https:\/\/shop.bestudio.ee\/lv\/wp-json\/wp\/v2\/product"}],"about":[{"href":"https:\/\/shop.bestudio.ee\/lv\/wp-json\/wp\/v2\/types\/product"}],"wp:featuredmedia":[{"embeddable":true,"href":"https:\/\/shop.bestudio.ee\/lv\/wp-json\/wp\/v2\/media\/10970"}],"wp:attachment":[{"href":"https:\/\/shop.bestudio.ee\/lv\/wp-json\/wp\/v2\/media?parent=10958"}],"wp:term":[{"taxonomy":"product_brand","embeddable":true,"href":"https:\/\/shop.bestudio.ee\/lv\/wp-json\/wp\/v2\/product_brand?post=10958"},{"taxonomy":"product_cat","embeddable":true,"href":"https:\/\/shop.bestudio.ee\/lv\/wp-json\/wp\/v2\/product_cat?post=10958"},{"taxonomy":"product_tag","embeddable":true,"href":"https:\/\/shop.bestudio.ee\/lv\/wp-json\/wp\/v2\/product_tag?post=10958"}],"curies":[{"name":"wp","href":"https:\/\/api.w.org\/{rel}","templated":true}]}}