{"id":10968,"date":"2025-10-19T21:00:33","date_gmt":"2025-10-19T18:00:33","guid":{"rendered":"https:\/\/shop.bestudio.ee\/?post_type=product&#038;p=10968"},"modified":"2026-01-16T20:03:13","modified_gmt":"2026-01-16T18:03:13","slug":"luxio-poison-15ml-5oz","status":"publish","type":"product","link":"https:\/\/shop.bestudio.ee\/lv\/products\/luxio-poison-15ml-5oz\/","title":{"rendered":"LUXIO \u2013 IND\u012aGAIS 15ml\/.5oz"},"content":{"rendered":"<p class=\"p1\">Dzi\u013ci violets, kas iesl\u012bgst \u0113n\u0101, t\u0101 intensit\u0101ti pastiprina v\u0113ss apak\u0161tonis. \u0160is purpura tonis ietver nogatavoju\u0161os kaze\u0146u bag\u0101t\u012bbu, atkl\u0101jot smalku spilgtumu zem gandr\u012bz meln\u0101s virsmas.<\/p>\n<p class=\"p1\">Poison uzkl\u0101j l\u012bdz\u012bgi k\u0101 Luxio\u00ae Noir vai Nightfall. Uzkl\u0101jiet div\u0101s pl\u0101n\u0101s k\u0101rt\u0101s, lai nodro\u0161in\u0101tu piln\u012bgu saciet\u0113\u0161anu.<\/p>\n<p class=\"p1\"><span class=\"s1\"><strong>NOKT\u016aRNAS TO\u0145U DREIFS STARP \u0112NU UN V\u0112LMI<\/strong>\u00a0<\/span>Gandr\u012bz melnu to\u0146u trio, kas atkl\u0101j savu dzi\u013cumu nakts klusum\u0101. Pavedino\u0161a, dr\u016bma un nedaudz draud\u012bga \u2013 katra kr\u0101sa ir pats par sevi \u010dukst\u0113ts nosl\u0113pums: nekad ac\u012bmredzama, vienm\u0113r j\u016btama.<\/p>","protected":false},"excerpt":{"rendered":"<p>Luxio ir 100% t\u012brs g\u0113ls, kas ir bez smar\u017eas un \u0161\u0137\u012bdin\u0101t\u0101jiem. Izstr\u0101d\u0101ts, lai p\u0101rkl\u0101tu un aizsarg\u0101tu dabisko nagu. Luxio nodro\u0161ina vieglu uzkl\u0101\u0161anu, k\u0101 ar\u012b maksim\u0101lu kontroli, padarot to par ide\u0101lu izv\u0113li ilgsto\u0161am g\u0113la manik\u012bram vai pedik\u012bram.<\/p>\n<p>\u2022 Bez smar\u017eas<br \/>\n\u2022 100% g\u0113la formula<br \/>\n\u2022 Bez \u0161\u0137\u012bdin\u0101t\u0101jiem<br \/>\n\u2022 Tikai profesion\u0101\u013ciem<br \/>\n\u2022 Dro\u0161i un viegli uzkl\u0101jams<br \/>\n\u2022 Bag\u0101t\u012bgas, \u012bpa\u0161i pigment\u0113tas kr\u0101sas<br \/>\n\u2022 Kr\u0113m\u012bga konsistence, kas veidota perfektai kontrolei<br \/>\n\u2022 Ra\u017eots Kan\u0101d\u0101, izmantojot tikai Zieme\u013camerikas un Eiropas sast\u0101vda\u013cas<\/p>","protected":false},"featured_media":10969,"template":"","meta":[],"product_brand":[],"product_cat":[267,301,268,269],"product_tag":[],"class_list":{"0":"post-10968","1":"product","2":"type-product","3":"status-publish","4":"has-post-thumbnail","6":"product_cat-akzentz","7":"product_cat-luxio-nocturne-winter-2025","8":"product_cat-luxio","9":"product_cat-luxio-colour","11":"first","12":"instock","13":"taxable","14":"shipping-taxable","15":"purchasable","16":"product-type-simple"},"jetpack_sharing_enabled":true,"_links":{"self":[{"href":"https:\/\/shop.bestudio.ee\/lv\/wp-json\/wp\/v2\/product\/10968","targetHints":{"allow":["GET"]}}],"collection":[{"href":"https:\/\/shop.bestudio.ee\/lv\/wp-json\/wp\/v2\/product"}],"about":[{"href":"https:\/\/shop.bestudio.ee\/lv\/wp-json\/wp\/v2\/types\/product"}],"wp:featuredmedia":[{"embeddable":true,"href":"https:\/\/shop.bestudio.ee\/lv\/wp-json\/wp\/v2\/media\/10969"}],"wp:attachment":[{"href":"https:\/\/shop.bestudio.ee\/lv\/wp-json\/wp\/v2\/media?parent=10968"}],"wp:term":[{"taxonomy":"product_brand","embeddable":true,"href":"https:\/\/shop.bestudio.ee\/lv\/wp-json\/wp\/v2\/product_brand?post=10968"},{"taxonomy":"product_cat","embeddable":true,"href":"https:\/\/shop.bestudio.ee\/lv\/wp-json\/wp\/v2\/product_cat?post=10968"},{"taxonomy":"product_tag","embeddable":true,"href":"https:\/\/shop.bestudio.ee\/lv\/wp-json\/wp\/v2\/product_tag?post=10968"}],"curies":[{"name":"wp","href":"https:\/\/api.w.org\/{rel}","templated":true}]}}