{"id":10987,"date":"2025-10-19T21:28:34","date_gmt":"2025-10-19T18:28:34","guid":{"rendered":"https:\/\/shop.bestudio.ee\/?post_type=product&#038;p=10987"},"modified":"2025-12-01T00:01:48","modified_gmt":"2025-11-30T22:01:48","slug":"luxio-vamp-15ml-5oz","status":"publish","type":"product","link":"https:\/\/shop.bestudio.ee\/lv\/products\/luxio-vamp-15ml-5oz\/","title":{"rendered":"LUXIO \u2013 VAMP 15ml\/.5oz"},"content":{"rendered":"<p><strong>Sast\u0101vda\u013cas:<\/strong> Di-HEMA trimetilheksildikarbam\u0101ts, hidroksipropilmetakril\u0101ts, HEMA, hidroksicikloheksilfenilketons, trimetilbenzoildifenilfosf\u012bna oks\u012bds, P-hidroksianizols, sil\u012bcija silil\u0101ts, [+\/-: C|15850, C|17200, C|19140, C|42090, C|45410, C|47005, C|60725, C|73360, C|77007, C|77266, C|77288, C|77491, C|77492, C|77499, C|77510, C|77742, C|77891]<\/p>\n<p><strong>Saciet\u0113\u0161anas laiks:<\/strong> 30 sekundes LED\/2 min\u016btes UV<\/p>","protected":false},"excerpt":{"rendered":"<p>Luxio ir 100% t\u012brs g\u0113ls, kas ir bez smar\u017eas un \u0161\u0137\u012bdin\u0101t\u0101jiem. Izstr\u0101d\u0101ts, lai p\u0101rkl\u0101tu un aizsarg\u0101tu dabisko nagu. Luxio nodro\u0161ina vieglu uzkl\u0101\u0161anu, k\u0101 ar\u012b maksim\u0101lu kontroli, padarot to par ide\u0101lu izv\u0113li ilgsto\u0161am g\u0113la manik\u012bram vai pedik\u012bram.<\/p>\n<p>\u2022 Bez smar\u017eas<br \/>\n\u2022 100% g\u0113la formula<br \/>\n\u2022 Bez \u0161\u0137\u012bdin\u0101t\u0101jiem<br \/>\n\u2022 Tikai profesion\u0101\u013ciem<br \/>\n\u2022 Dro\u0161i un viegli uzkl\u0101jams<br \/>\n\u2022 Bag\u0101t\u012bgas, \u012bpa\u0161i pigment\u0113tas kr\u0101sas<br \/>\n\u2022 Kr\u0113m\u012bga konsistence, kas veidota perfektai kontrolei<br \/>\n\u2022 Ra\u017eots Kan\u0101d\u0101, izmantojot tikai Zieme\u013camerikas un Eiropas sast\u0101vda\u013cas<\/p>","protected":false},"featured_media":10990,"template":"","meta":[],"product_brand":[],"product_cat":[267,268,269],"product_tag":[],"class_list":{"0":"post-10987","1":"product","2":"type-product","3":"status-publish","4":"has-post-thumbnail","6":"product_cat-akzentz","7":"product_cat-luxio","8":"product_cat-luxio-colour","10":"first","11":"instock","12":"taxable","13":"shipping-taxable","14":"purchasable","15":"product-type-simple"},"jetpack_sharing_enabled":true,"_links":{"self":[{"href":"https:\/\/shop.bestudio.ee\/lv\/wp-json\/wp\/v2\/product\/10987","targetHints":{"allow":["GET"]}}],"collection":[{"href":"https:\/\/shop.bestudio.ee\/lv\/wp-json\/wp\/v2\/product"}],"about":[{"href":"https:\/\/shop.bestudio.ee\/lv\/wp-json\/wp\/v2\/types\/product"}],"wp:featuredmedia":[{"embeddable":true,"href":"https:\/\/shop.bestudio.ee\/lv\/wp-json\/wp\/v2\/media\/10990"}],"wp:attachment":[{"href":"https:\/\/shop.bestudio.ee\/lv\/wp-json\/wp\/v2\/media?parent=10987"}],"wp:term":[{"taxonomy":"product_brand","embeddable":true,"href":"https:\/\/shop.bestudio.ee\/lv\/wp-json\/wp\/v2\/product_brand?post=10987"},{"taxonomy":"product_cat","embeddable":true,"href":"https:\/\/shop.bestudio.ee\/lv\/wp-json\/wp\/v2\/product_cat?post=10987"},{"taxonomy":"product_tag","embeddable":true,"href":"https:\/\/shop.bestudio.ee\/lv\/wp-json\/wp\/v2\/product_tag?post=10987"}],"curies":[{"name":"wp","href":"https:\/\/api.w.org\/{rel}","templated":true}]}}