{"id":11005,"date":"2025-10-19T21:50:33","date_gmt":"2025-10-19T18:50:33","guid":{"rendered":"https:\/\/shop.bestudio.ee\/?post_type=product&#038;p=11005"},"modified":"2026-01-16T20:08:09","modified_gmt":"2026-01-16T18:08:09","slug":"luxio-gel-base-15ml-5oz","status":"publish","type":"product","link":"https:\/\/shop.bestudio.ee\/lv\/products\/luxio-gel-base-15ml-5oz\/","title":{"rendered":"LUXIO G\u0112LS \u2013 B\u0100ZE 15ml\/.5oz"},"content":{"rendered":"<p><strong>Sast\u0101vda\u013cas:<\/strong> BIS-HIDROKSIETILAKRIL\u0100TA POLI(NEOPENTILGLIKOLA ADIP\u0100TS)\/IPDI KOPOLIM\u0112RS, HIDROKSIPROPILMETAKRIL\u0100TS, HIDROKSICIKLOHEKSILFENILKETONS, ETILTRIMETILBENZOILFENILFOSFIN\u0100TS, BIS(GLICERILDIMETAKRIL\u0100TA) PIROMELLIT\u0100TS, P-HIDROKSIANIZOLS [+\/-: C|60725]<\/p>\n<h3><strong>IETEICAMAIS LIETO\u0160ANAS VEIDS:<\/strong><\/h3>\n<ol>\n<li>P\u0113c nagu sagatavo\u0161anas uzkl\u0101jiet pl\u0101nu, kontrol\u0113tu k\u0101rtu uz dab\u012bgajiem nagiem. Ne\u013caujiet Luxio\u00ae b\u0101zei pieskarties kutikul\u0101m vai apk\u0101rt\u0113jai \u0101dai, jo produkts var pacelties, jo var rasties kairin\u0101jums.<\/li>\n<li>\u017d\u0101v\u0113t 30 sekundes Akz\u00e9ntz LED lamp\u0101. Nenoslauc\u012bt.<\/li>\n<li>Turpiniet ar Luxio\u00ae Colour, Luxio\u00ae Build vai p\u0101rkl\u0101jiet ar Luxio\u00ae Gloss.<\/li>\n<\/ol>\n<p><strong>Ide\u0101li piem\u0113rots<br \/>\n<\/strong>Parasti, elast\u012bgi vai boj\u0101ti dab\u012bgie nagi.<\/p>\n<p><strong>Tikai profesion\u0101lai lieto\u0161anai. <\/strong><\/p>\n<p><strong>15 ml\/0,5 unces<\/strong><\/p>","protected":false},"excerpt":{"rendered":"<p><strong>NOSM\u0112RC\u0112JAMS B\u0100ZES KR\u0100SAS ...SA<\/strong><\/p>\n<p>Lietojot Luxio\u00ae produktus, piem\u0113ram, Luxio Colour un Luxio Build, k\u0101 l\u012bm\u0113\u0161anas \u017eeleju ieteicams izmantot Luxio Base. Luxio Base nodro\u0161ina izcilu notur\u012bbu un saglab\u0101 elast\u012bbu uz nagiem.<\/p>\n<p><strong>Produkta svar\u012bg\u0101kie elementi\u00a0<\/strong><\/p>\n<ul>\n<li>100% t\u012bra \u017eeleja Ethos<\/li>\n<li>Bez TPO, bez HEMA, bez 10, bez \u0161\u0137\u012bdin\u0101t\u0101jiem, bez smar\u017eas<\/li>\n<li>Pa\u0161izl\u012bdzino\u0161a formula<\/li>\n<li>Uzlabo nagu virsmu gludai kr\u0101so\u0161anai vai lako\u0161anai<\/li>\n<li>P\u0101rkl\u0101j dabiskos nagus un neboj\u0101 tos<\/li>\n<li>Ra\u017eots Kan\u0101d\u0101 (no Eiropas un Zieme\u013camerikas sast\u0101vda\u013c\u0101m)<\/li>\n<\/ul>","protected":false},"featured_media":11006,"template":"","meta":[],"product_brand":[],"product_cat":[267,268,270],"product_tag":[],"class_list":{"0":"post-11005","1":"product","2":"type-product","3":"status-publish","4":"has-post-thumbnail","6":"product_cat-akzentz","7":"product_cat-luxio","8":"product_cat-luxio-base","10":"first","11":"instock","12":"taxable","13":"shipping-taxable","14":"purchasable","15":"product-type-simple"},"jetpack_sharing_enabled":true,"_links":{"self":[{"href":"https:\/\/shop.bestudio.ee\/lv\/wp-json\/wp\/v2\/product\/11005","targetHints":{"allow":["GET"]}}],"collection":[{"href":"https:\/\/shop.bestudio.ee\/lv\/wp-json\/wp\/v2\/product"}],"about":[{"href":"https:\/\/shop.bestudio.ee\/lv\/wp-json\/wp\/v2\/types\/product"}],"wp:featuredmedia":[{"embeddable":true,"href":"https:\/\/shop.bestudio.ee\/lv\/wp-json\/wp\/v2\/media\/11006"}],"wp:attachment":[{"href":"https:\/\/shop.bestudio.ee\/lv\/wp-json\/wp\/v2\/media?parent=11005"}],"wp:term":[{"taxonomy":"product_brand","embeddable":true,"href":"https:\/\/shop.bestudio.ee\/lv\/wp-json\/wp\/v2\/product_brand?post=11005"},{"taxonomy":"product_cat","embeddable":true,"href":"https:\/\/shop.bestudio.ee\/lv\/wp-json\/wp\/v2\/product_cat?post=11005"},{"taxonomy":"product_tag","embeddable":true,"href":"https:\/\/shop.bestudio.ee\/lv\/wp-json\/wp\/v2\/product_tag?post=11005"}],"curies":[{"name":"wp","href":"https:\/\/api.w.org\/{rel}","templated":true}]}}