{"id":11007,"date":"2025-10-19T22:08:13","date_gmt":"2025-10-19T19:08:13","guid":{"rendered":"https:\/\/shop.bestudio.ee\/?post_type=product&#038;p=11007"},"modified":"2026-01-16T20:09:07","modified_gmt":"2026-01-16T18:09:07","slug":"matte-on-15ml-5oz","status":"publish","type":"product","link":"https:\/\/shop.bestudio.ee\/lv\/products\/matte-on-15ml-5oz\/","title":{"rendered":"MAT\u0112TS 15 ml\/.5 unces"},"content":{"rendered":"<p><strong>SAST\u0100VDA\u013bAS:<\/strong> BIS-HEMA POLINEOPENTILGLIKOLA ADIP\u0100TA\/IPDI KOPOLIM\u0112RS, BIS-HEMA POLI(1,4-BUT\u0100NDIOLS)-22\/IPDI KOPOLIM\u0112RS, PPG-3 GLICERILA \u0112TERA DIAKRIL\u0100TS\/ADIP\u0100TS, NEILONS-12, PPG-3 GLICERILA \u0112TERA TRIAKRIL\u0100TS, HIDRAT\u0112TS SIL\u012aCIJA DOK\u0160\u0136IDRS, ETILTRIMETILBENZOILFENILFOSFIN\u0100TS, HIDROKSICIKLOHEKSILFENILKETONS, SIL\u012aCIJA DOK\u0160\u0136IDRS, CINKA STEAR\u0100TS<\/p>\n<h3><strong>SVAR\u012aGA PIEZ\u012aME!<\/strong><\/h3>\n<p>Pirms lieto\u0161anas samais\u012bt.<\/p>\n<p><strong>Tikai profesion\u0101lai lieto\u0161anai.<br \/>\n15 ml\/0,5 unces<\/strong><\/p>","protected":false},"excerpt":{"rendered":"<p><strong>AKZENTZ MATTE-ON UV\/LED<\/strong><\/p>\n<p>Virsk\u0101rtas g\u0113ls, ko var uzkl\u0101t uz jebkura saciet\u0113ju\u0161a g\u0113la, lai pie\u0161\u0137irtu samtainu mat\u0113tu izskatu un saj\u016btu.<\/p>\n<div class=\"wpb_text_column wpb_content_element\">\n<div class=\"wpb_wrapper\">\n<div class=\"wpb_text_column wpb_content_element\">\n<div class=\"wpb_wrapper\">\n<p>T\u0101pat k\u0101 visi m\u016bsu \u017eelejas lakas, Matte-On ir 100% t\u012brs \u017eelejas lakas, bez TPO, bez \u0161\u0137\u012bdin\u0101t\u0101jiem un izgatavotas no augst\u0101k\u0101s kvalit\u0101tes Eiropas un Zieme\u013camerikas sast\u0101vda\u013c\u0101m.<\/p>\n<\/div>\n<\/div>\n<div class=\"vc_row wpb_row vc_inner vc_row-fluid vc_custom_1470351428937\">\n<div class=\"wpb_column vc_column_container vc_col-sm-6\">\n<div class=\"vc_column-inner\">\n<div class=\"wpb_wrapper\">\n<div class=\"wpb_text_column wpb_content_element\">\n<div class=\"wpb_wrapper\">\n<p>\u2022 Var uzkl\u0101t uz jebkura saciet\u0113ju\u0161a \u017eelejveida p\u0101rkl\u0101juma k\u0101 p\u0113d\u0113jo virsk\u0101rtu<\/p>\n<p>\u2022 Pie\u0161\u0137ir samtainu mat\u0113tu izskatu un saj\u016btu<\/p>\n<p>\u2022 T\u016bl\u012bt\u0113ja eso\u0161\u0101s \u017eelejas kolekcijas moderniz\u0101cija<\/p>\n<p>\u2022 30\u00a0sekundes LED saciet\u0113\u0161ana \/ 2\u00a0min\u016btes UV saciet\u0113\u0161ana<\/p>\n<\/div>\n<\/div>\n<\/div>\n<\/div>\n<\/div>\n<div class=\"wpb_column vc_column_container vc_col-sm-6\">\n<div class=\"vc_column-inner\">\n<div class=\"wpb_wrapper\">\n<div class=\"wpb_text_column wpb_content_element\">\n<div class=\"wpb_wrapper\">\n<p>\u2022 100% t\u012brs gels<\/p>\n<p>\u2022 Uzticama Akzentz kvalit\u0101te<\/p>\n<p>\u2022 Profesion\u0101ls produkts \u2013 nevis mazumtirdzniec\u012bbas produkts<\/p>\n<p>\u2022 Ra\u017eots Kan\u0101d\u0101 ar vair\u0101k nek\u0101 20 gadu pieredzi<\/p>\n<\/div>\n<\/div>\n<\/div>\n<\/div>\n<\/div>\n<\/div>\n<\/div>\n<\/div>","protected":false},"featured_media":11008,"template":"","meta":[],"product_brand":[],"product_cat":[267,273,287],"product_tag":[],"class_list":{"0":"post-11007","1":"product","2":"type-product","3":"status-publish","4":"has-post-thumbnail","6":"product_cat-akzentz","7":"product_cat-specialty-gels","8":"product_cat-matte-on","10":"first","11":"instock","12":"taxable","13":"shipping-taxable","14":"purchasable","15":"product-type-simple"},"jetpack_sharing_enabled":true,"_links":{"self":[{"href":"https:\/\/shop.bestudio.ee\/lv\/wp-json\/wp\/v2\/product\/11007","targetHints":{"allow":["GET"]}}],"collection":[{"href":"https:\/\/shop.bestudio.ee\/lv\/wp-json\/wp\/v2\/product"}],"about":[{"href":"https:\/\/shop.bestudio.ee\/lv\/wp-json\/wp\/v2\/types\/product"}],"wp:featuredmedia":[{"embeddable":true,"href":"https:\/\/shop.bestudio.ee\/lv\/wp-json\/wp\/v2\/media\/11008"}],"wp:attachment":[{"href":"https:\/\/shop.bestudio.ee\/lv\/wp-json\/wp\/v2\/media?parent=11007"}],"wp:term":[{"taxonomy":"product_brand","embeddable":true,"href":"https:\/\/shop.bestudio.ee\/lv\/wp-json\/wp\/v2\/product_brand?post=11007"},{"taxonomy":"product_cat","embeddable":true,"href":"https:\/\/shop.bestudio.ee\/lv\/wp-json\/wp\/v2\/product_cat?post=11007"},{"taxonomy":"product_tag","embeddable":true,"href":"https:\/\/shop.bestudio.ee\/lv\/wp-json\/wp\/v2\/product_tag?post=11007"}],"curies":[{"name":"wp","href":"https:\/\/api.w.org\/{rel}","templated":true}]}}