{"id":11009,"date":"2025-10-19T22:11:33","date_gmt":"2025-10-19T19:11:33","guid":{"rendered":"https:\/\/shop.bestudio.ee\/?post_type=product&#038;p=11009"},"modified":"2025-12-01T00:00:39","modified_gmt":"2025-11-30T22:00:39","slug":"luxio-gel-gloss-15ml-5oz","status":"publish","type":"product","link":"https:\/\/shop.bestudio.ee\/lv\/products\/luxio-gel-gloss-15ml-5oz\/","title":{"rendered":"LUXIO G\u0112LS \u2013 SP\u012aDUMS 15ml\/.5oz"},"content":{"rendered":"<div class=\"woocommerce-tabs wc-tabs-wrapper\">\n<div id=\"tab-description\" class=\"woocommerce-Tabs-panel woocommerce-Tabs-panel--description panel entry-content wc-tab\" role=\"tabpanel\" aria-labelledby=\"tab-title-description\">\n<h3><strong>IETEICAMAIS LIETO\u0160ANAS VEIDS:<\/strong><\/h3>\n<ol>\n<li>P\u0113c Luxio\u00ae g\u0113la p\u0101rkl\u0101juma (kr\u0101sas, b\u0101zes vai pamatnes) uzkl\u0101\u0161anas naga centr\u0101 bag\u0101t\u012bgi sp\u012bduma. Pab\u012bdiet oti\u0146u uz aug\u0161u, lai p\u0101rkl\u0101tu l\u012bdz kutikulai, bet tai nepieskaroties. Viegli uzkl\u0101jiet lieko sp\u012bdumu pa naga virsmu, vienm\u0113r\u012bgi p\u0101rkl\u0101jot visas zonas.<\/li>\n<li>\u017d\u0101v\u0113t 30 sekundes Akz\u00e9ntz LED lamp\u0101.<\/li>\n<li>Noslaukiet atlikumus, izmantojot Akz\u00e9ntz Prep &amp; Wipe, lai atkl\u0101tu izcili sp\u012bd\u012bgu virsmu.<\/li>\n<\/ol>\n<p><strong>Tikai profesion\u0101lai lieto\u0161anai.<br \/>\n15 ml\/0,5 unces<\/strong><\/p>\n<\/div>\n<\/div>","protected":false},"excerpt":{"rendered":"<p><strong>NOSM\u0112RC\u0112JAMS VIRSSP\u012aDS<\/strong><\/p>\n<p>Luxio Gloss ir klasiska virsk\u0101rtas izv\u0113le, lietojot Luxio\u00ae produktus, piem\u0113ram, Luxio Colour un Luxio Build. Luxio Gloss nodro\u0161ina izcilu notur\u012bbu un saglab\u0101 elast\u012bbu uz nagiem. Luxio Gloss saciet\u0113jot, izveidojas inhib\u012bcijas sl\u0101nis, ko var no\u0146emt ar Prep &amp; Wipe, lai atkl\u0101tu augsta sp\u012bduma efektu.<\/p>\n<h3><strong>PRODUKTA \u012aPA\u0160\u012aBAS:<\/strong><\/h3>\n<ul>\n<li>100% T\u012brs g\u0113ls<\/li>\n<li>Bez TPO, bez 10, bez \u0161\u0137\u012bdin\u0101t\u0101jiem, bez smar\u017eas<\/li>\n<li>Vid\u0113jas viskozit\u0101tes, pa\u0161izl\u012bdzino\u0161a formula<\/li>\n<li>Lieliski p\u0101rkl\u0101j nagus ar sp\u012bd\u012bgu un notur\u012bgu sp\u012bdumu.<\/li>\n<li>Var viegli nos\u016bkt, izmantojot Akz\u00e9ntz Soak-Off Solution.<\/li>\n<li>Ra\u017eots Kan\u0101d\u0101 (no Eiropas un Zieme\u013camerikas sast\u0101vda\u013c\u0101m)<\/li>\n<\/ul>","protected":false},"featured_media":11010,"template":"","meta":[],"product_brand":[],"product_cat":[267,268,279],"product_tag":[],"class_list":{"0":"post-11009","1":"product","2":"type-product","3":"status-publish","4":"has-post-thumbnail","6":"product_cat-akzentz","7":"product_cat-luxio","8":"product_cat-luxio-gloss","10":"first","11":"instock","12":"taxable","13":"shipping-taxable","14":"purchasable","15":"product-type-simple"},"jetpack_sharing_enabled":true,"_links":{"self":[{"href":"https:\/\/shop.bestudio.ee\/lv\/wp-json\/wp\/v2\/product\/11009","targetHints":{"allow":["GET"]}}],"collection":[{"href":"https:\/\/shop.bestudio.ee\/lv\/wp-json\/wp\/v2\/product"}],"about":[{"href":"https:\/\/shop.bestudio.ee\/lv\/wp-json\/wp\/v2\/types\/product"}],"wp:featuredmedia":[{"embeddable":true,"href":"https:\/\/shop.bestudio.ee\/lv\/wp-json\/wp\/v2\/media\/11010"}],"wp:attachment":[{"href":"https:\/\/shop.bestudio.ee\/lv\/wp-json\/wp\/v2\/media?parent=11009"}],"wp:term":[{"taxonomy":"product_brand","embeddable":true,"href":"https:\/\/shop.bestudio.ee\/lv\/wp-json\/wp\/v2\/product_brand?post=11009"},{"taxonomy":"product_cat","embeddable":true,"href":"https:\/\/shop.bestudio.ee\/lv\/wp-json\/wp\/v2\/product_cat?post=11009"},{"taxonomy":"product_tag","embeddable":true,"href":"https:\/\/shop.bestudio.ee\/lv\/wp-json\/wp\/v2\/product_tag?post=11009"}],"curies":[{"name":"wp","href":"https:\/\/api.w.org\/{rel}","templated":true}]}}