{"id":11011,"date":"2025-10-19T22:27:45","date_gmt":"2025-10-19T19:27:45","guid":{"rendered":"https:\/\/shop.bestudio.ee\/?post_type=product&#038;p=11011"},"modified":"2026-03-01T11:41:09","modified_gmt":"2026-03-01T09:41:09","slug":"uv-led-pro-formance-trinity-45g-1-6oz","status":"publish","type":"product","link":"https:\/\/shop.bestudio.ee\/lv\/products\/uv-led-pro-formance-trinity-45g-1-6oz\/","title":{"rendered":"UV\/LED PRO-FORMANCE TRINITY 45 g\/1,6 unces"},"content":{"rendered":"<p><strong>SAST\u0100VDA\u013bAS:<\/strong> BIS-HEMA PPG-7\/SMDI KOPOLIM\u0112RS, HEMA, BIS-HEMA POLI(1,4-BUT\u0100NDIOLS)-22\/IPDI KOPOLIM\u0112RS, PPG-3 GLICERILA \u0112TERA TRIAKRIL\u0100TS, ETILTRIMETILBENZOILFENILFOSFIN\u0100TS, HEMA MALE\u0100TS, MALE\u012aNSK\u0100BE, P-HIDROKSI\u0100NIZOLS, PENTAERITRITILTETRAMERKAPTOPROPION\u0100TS, SIL\u012aCIJA DIOKS\u012aDS, [+\/-: C|60725]<\/p>\n<h3><strong>SVAR\u012aGA PIEZ\u012aME!<\/strong><\/h3>\n<p>Pirms lieto\u0161anas samais\u012bt.<\/p>\n<h3><strong>IETEICAMAIS LIETO\u0160ANAS VEIDS:<\/strong><\/h3>\n<ol>\n<li>P\u0113c nagu sagatavo\u0161anas uzkl\u0101jiet formi\u0146as (ja nepiecie\u0161ams) un izv\u0113l\u0113to b\u0101zes \u017eeleju (liel\u0101kajai da\u013cai klientu ieteicams lietot Adhere). \u013baujiet no\u017e\u016bt 30 sekundes.<\/li>\n<li>Uzkl\u0101jiet sl\u012bdo\u0161o k\u0101rtu viegl\u0101kai uzkl\u0101\u0161anai, p\u0113c tam pievienojiet liel\u0101ku \u017eelejas daudzumu, lai izveidotu pieaudz\u0113to matu griezumu vai p\u0101rkl\u0101jumu. \u013baujiet \u017eelejai pa\u0161izl\u012bdzin\u0101ties un saciet\u0113t.<\/li>\n<li>Pie\u0161\u0137iriet nagu formu un nov\u012bl\u0113jiet tos p\u0113c v\u0113l\u0113\u0161an\u0101s, p\u0113c tam pabeidziet ar Ultra Gloss vai Shine-On, lai ieg\u016btu nevainojamu rezult\u0101tu.<\/li>\n<\/ol>\n<p><strong>Tikai profesion\u0101lai lieto\u0161anai.<\/strong><\/p>","protected":false},"excerpt":{"rendered":"<p data-start=\"80\" data-end=\"379\"><strong>PRO-FORMANCE TRINITY 3-IN-1 G\u0112LS<\/strong><\/p>\n<p data-start=\"80\" data-end=\"379\">M\u016bsu popul\u0101r\u0101kais celtniec\u012bbas g\u0113ls Trinity\u2122 attaisno savu nosaukumu ar unik\u0101lu <em>tr\u012bs<\/em>-komponentu formula, kas apvieno tr\u012bs g\u0113lu sp\u0113ku vien\u0101. Darbojas k\u0101\u00a0<strong data-start=\"267\" data-end=\"295\">B\u0101ze, celtnieks un sp\u012bdums<\/strong>Trinity vienk\u0101r\u0161o j\u016bsu pielietojumu, neapdraudot iztur\u012bbu vai skaistumu.<\/p>\n<p data-start=\"80\" data-end=\"379\">Pateicoties pl\u0101najai viskozit\u0101tei, Trinity pied\u0101v\u0101 vieglu pa\u0161izl\u012bdzin\u0101\u0161anos un kontroli, padarot to ide\u0101li piem\u0113rotu \u012bsu skulpt\u016bru veido\u0161anai, p\u0101rkl\u0101jumu nostiprin\u0101\u0161anai vai vienk\u0101r\u0161ai aizpild\u012b\u0161anai. Trinity ir rad\u012bts profesion\u0101\u013ciem, kuri nov\u0113rt\u0113 efektivit\u0101ti un piln\u012bbu, un nodro\u0161ina ilgsto\u0161u iztur\u012bbu ar nevainojamu, sp\u012bd\u012bgu apdari \u2014 viss vien\u0101 burci\u0146\u0101.<\/p>\n<p><strong>Pl\u0101ns viskozit\u0101tes veidot\u0101js<br \/>\n<b>Stiprums:\u00a0<\/b><\/strong>5\/5<strong><b><br \/>\nP\u0101rkl\u0101jums:\u00a0<\/b><\/strong>0\/5<strong><br \/>\n<b>Viskozit\u0101te:\u00a0<\/b><\/strong>1\/5<\/p>\n<h3><strong>PRODUKTA GALVENIE DA\u013bAS<\/strong><\/h3>\n<ul>\n<li data-end=\"765\" data-start=\"720\">\n<p data-end=\"765\" data-start=\"722\">3\u00a0vien\u0101\u00a0\u2014\u00a0b\u0101ze, veidot\u0101js un sp\u012bdums<\/p>\n<\/li>\n<li data-end=\"765\" data-start=\"720\">\n<p data-end=\"765\" data-start=\"722\">Plakan\u0101 viskozit\u0101te prec\u012bzai uzkl\u0101\u0161anai<\/p>\n<\/li>\n<li data-end=\"841\" data-start=\"809\">\n<p data-end=\"841\" data-start=\"811\">Augsta iztur\u012bba un ilgm\u016b\u017e\u012bba<\/p>\n<\/li>\n<li data-end=\"870\" data-start=\"842\">\n<p data-end=\"870\" data-start=\"844\">Spo\u017es, notur\u012bgs sp\u012bdums<\/p>\n<\/li>\n<li data-end=\"870\" data-start=\"842\">Skaists p\u0101rkl\u0101juma tonis<\/li>\n<\/ul>\n<h3><strong>FORMULAS INFORM\u0100CIJA<\/strong><\/h3>\n<ul>\n<li>100% T\u012brs g\u0113ls<\/li>\n<li>Bez TPO \/ Bez 10% \/ Nav test\u0113ts uz dz\u012bvniekiem \/ Veg\u0101ns<\/li>\n<li>Cietais gels (neizs\u016bcas)<\/li>\n<li>Neboj\u0101 un neiz\u017e\u0101v\u0113 klienta nagus<\/li>\n<li>Neizm\u0113\u0123in\u0101ts uz dz\u012bvniekiem un veg\u0101ns<\/li>\n<li>Izstr\u0101d\u0101ts un ra\u017eots 100% Kan\u0101d\u0101<\/li>\n<li>Ra\u017eots no lab\u0101kaj\u0101m sast\u0101vda\u013c\u0101m, kas ieg\u016btas tikai no Eiropas un Zieme\u013camerikas<\/li>\n<li>Tikai profesion\u0101\u013ciem<\/li>\n<\/ul>\n<h3><strong>DIMANTA STIPRUMA TEHNOLO\u0122IJA\u2122\u00a0 <\/strong><\/h3>\n<p>Akz\u00e9ntz ekskluz\u012bv\u0101 dimanta stipr\u012bbas tehnolo\u0123ija (DST) pied\u0101v\u0101 nozar\u0113 vado\u0161o molekul\u0101ro \u0161\u0137\u0113rssavienojumu, kas veido vissp\u0113c\u012bg\u0101k\u0101s un iztur\u012bg\u0101k\u0101s saites, k\u0101 rezult\u0101t\u0101 dimantam l\u012bdz\u012bga stingr\u012bba p\u0101rsp\u0113j citus veido\u0161anas \u017eelejas.<\/p>","protected":false},"featured_media":11016,"template":"","meta":[],"product_brand":[],"product_cat":[267,272,284],"product_tag":[],"class_list":{"0":"post-11011","1":"product","2":"type-product","3":"status-publish","4":"has-post-thumbnail","6":"product_cat-akzentz","7":"product_cat-pro-formance","8":"product_cat-trinity-3-in-1","10":"first","11":"outofstock","12":"sale","13":"taxable","14":"shipping-taxable","15":"purchasable","16":"product-type-simple"},"jetpack_sharing_enabled":true,"_links":{"self":[{"href":"https:\/\/shop.bestudio.ee\/lv\/wp-json\/wp\/v2\/product\/11011","targetHints":{"allow":["GET"]}}],"collection":[{"href":"https:\/\/shop.bestudio.ee\/lv\/wp-json\/wp\/v2\/product"}],"about":[{"href":"https:\/\/shop.bestudio.ee\/lv\/wp-json\/wp\/v2\/types\/product"}],"wp:featuredmedia":[{"embeddable":true,"href":"https:\/\/shop.bestudio.ee\/lv\/wp-json\/wp\/v2\/media\/11016"}],"wp:attachment":[{"href":"https:\/\/shop.bestudio.ee\/lv\/wp-json\/wp\/v2\/media?parent=11011"}],"wp:term":[{"taxonomy":"product_brand","embeddable":true,"href":"https:\/\/shop.bestudio.ee\/lv\/wp-json\/wp\/v2\/product_brand?post=11011"},{"taxonomy":"product_cat","embeddable":true,"href":"https:\/\/shop.bestudio.ee\/lv\/wp-json\/wp\/v2\/product_cat?post=11011"},{"taxonomy":"product_tag","embeddable":true,"href":"https:\/\/shop.bestudio.ee\/lv\/wp-json\/wp\/v2\/product_tag?post=11011"}],"curies":[{"name":"wp","href":"https:\/\/api.w.org\/{rel}","templated":true}]}}