{"id":11017,"date":"2025-10-19T22:32:41","date_gmt":"2025-10-19T19:32:41","guid":{"rendered":"https:\/\/shop.bestudio.ee\/?post_type=product&#038;p=11017"},"modified":"2025-12-18T16:16:57","modified_gmt":"2025-12-18T14:16:57","slug":"affixit-15ml-5oz","status":"publish","type":"product","link":"https:\/\/shop.bestudio.ee\/lv\/products\/affixit-15ml-5oz\/","title":{"rendered":"AFFIXIT 15ml\/.5oz"},"content":{"rendered":"<p><strong>Sast\u0101vda\u013cas:<\/strong> Etilacet\u0101ts, izopropilid\u0113ndifenilbisoksihidroksipropilmetakril\u0101ts, HEMA, P-hidroksianizols<\/p>","protected":false},"excerpt":{"rendered":"<p>Nesk\u0101bs, maigs, bet \u0101rk\u0101rt\u012bgi efekt\u012bvs produkts dabisko nagu grunt\u0113\u0161anai, lai nodro\u0161in\u0101tu maksim\u0101lu produkta sa\u0137eri.<\/p>\n<ul>\n<li>Bezsk\u0101bes grunts<\/li>\n<li>Atst\u0101j lip\u012bgu virsmu uz nagu pl\u0101ksnes<\/li>\n<li>Gaiss \u0101tri iz\u017e\u016bst<\/li>\n<li>Tikai profesion\u0101lai lieto\u0161anai<\/li>\n<li>Ra\u017eots Kan\u0101d\u0101<\/li>\n<\/ul>\n<p><strong>K\u0100 LIETOT:<\/strong><br \/>\nP\u0113c nagu noslauc\u012b\u0161anas ar Prep &amp; Wipe uzkl\u0101jiet pl\u0101nu, kontrol\u0113tu k\u0101rtu uz dab\u012bgajiem nagiem. Ne\u013caujiet gruntij sakr\u0101ties vai ies\u016bkties apk\u0101rt\u0113j\u0101 \u0101d\u0101 vai kutikul\u0101s. Neuzkl\u0101jiet grunti vair\u0101k k\u0101 vienu reizi un vienlaikus izmantojiet tikai viena veida grunti.<\/p>","protected":false},"featured_media":11018,"template":"","meta":[],"product_brand":[],"product_cat":[267,275,294],"product_tag":[],"class_list":{"0":"post-11017","1":"product","2":"type-product","3":"status-publish","4":"has-post-thumbnail","6":"product_cat-akzentz","7":"product_cat-basics","8":"product_cat-liquids","10":"first","11":"instock","12":"taxable","13":"shipping-taxable","14":"purchasable","15":"product-type-simple"},"jetpack_sharing_enabled":true,"_links":{"self":[{"href":"https:\/\/shop.bestudio.ee\/lv\/wp-json\/wp\/v2\/product\/11017","targetHints":{"allow":["GET"]}}],"collection":[{"href":"https:\/\/shop.bestudio.ee\/lv\/wp-json\/wp\/v2\/product"}],"about":[{"href":"https:\/\/shop.bestudio.ee\/lv\/wp-json\/wp\/v2\/types\/product"}],"wp:featuredmedia":[{"embeddable":true,"href":"https:\/\/shop.bestudio.ee\/lv\/wp-json\/wp\/v2\/media\/11018"}],"wp:attachment":[{"href":"https:\/\/shop.bestudio.ee\/lv\/wp-json\/wp\/v2\/media?parent=11017"}],"wp:term":[{"taxonomy":"product_brand","embeddable":true,"href":"https:\/\/shop.bestudio.ee\/lv\/wp-json\/wp\/v2\/product_brand?post=11017"},{"taxonomy":"product_cat","embeddable":true,"href":"https:\/\/shop.bestudio.ee\/lv\/wp-json\/wp\/v2\/product_cat?post=11017"},{"taxonomy":"product_tag","embeddable":true,"href":"https:\/\/shop.bestudio.ee\/lv\/wp-json\/wp\/v2\/product_tag?post=11017"}],"curies":[{"name":"wp","href":"https:\/\/api.w.org\/{rel}","templated":true}]}}