{"id":11019,"date":"2025-10-19T22:42:49","date_gmt":"2025-10-19T19:42:49","guid":{"rendered":"https:\/\/shop.bestudio.ee\/?post_type=product&#038;p=11019"},"modified":"2026-02-12T22:30:46","modified_gmt":"2026-02-12T20:30:46","slug":"sure-bond-bonding-agent-15ml-5oz","status":"publish","type":"product","link":"https:\/\/shop.bestudio.ee\/lv\/products\/sure-bond-bonding-agent-15ml-5oz\/","title":{"rendered":"SURE BOND saistviela 15 ml\/.5 unces"},"content":{"rendered":"<p><strong>Sast\u0101vda\u013cas:<\/strong> Izopropilspirts, butilmetakril\u0101ts, etilmetakril\u0101ts<\/p>","protected":false},"excerpt":{"rendered":"<p>SURE BOND att\u012bra, dezinfic\u0113 un dehidr\u0113 dabiskos nagus. Piem\u0113rots mitriem un taukainiem nagiem, nodro\u0161ina papildu attauko\u0161anu.<\/p>\n<ul>\n<li>Gaiss \u0101tri iz\u017e\u016bst<\/li>\n<li>\u013boti saudz\u012bgs pret dab\u012bgajiem nagiem<\/li>\n<li>Netoksisks<\/li>\n<li>Tikai profesion\u0101lai lieto\u0161anai<\/li>\n<li>Ra\u017eots Kan\u0101d\u0101<\/li>\n<\/ul>\n<p><strong>K\u0100 LIETOT:<\/strong><br \/>\nUzkl\u0101jiet pl\u0101nu k\u0101rtu uz dab\u012bgajiem nagiem p\u0113c nagu attauko\u0161anas un pirms gruntskr\u0101sas uzkl\u0101\u0161anas.<\/p>","protected":false},"featured_media":11020,"template":"","meta":[],"product_brand":[],"product_cat":[267,275,294],"product_tag":[],"class_list":{"0":"post-11019","1":"product","2":"type-product","3":"status-publish","4":"has-post-thumbnail","6":"product_cat-akzentz","7":"product_cat-basics","8":"product_cat-liquids","10":"first","11":"instock","12":"taxable","13":"shipping-taxable","14":"purchasable","15":"product-type-simple"},"jetpack_sharing_enabled":true,"_links":{"self":[{"href":"https:\/\/shop.bestudio.ee\/lv\/wp-json\/wp\/v2\/product\/11019","targetHints":{"allow":["GET"]}}],"collection":[{"href":"https:\/\/shop.bestudio.ee\/lv\/wp-json\/wp\/v2\/product"}],"about":[{"href":"https:\/\/shop.bestudio.ee\/lv\/wp-json\/wp\/v2\/types\/product"}],"wp:featuredmedia":[{"embeddable":true,"href":"https:\/\/shop.bestudio.ee\/lv\/wp-json\/wp\/v2\/media\/11020"}],"wp:attachment":[{"href":"https:\/\/shop.bestudio.ee\/lv\/wp-json\/wp\/v2\/media?parent=11019"}],"wp:term":[{"taxonomy":"product_brand","embeddable":true,"href":"https:\/\/shop.bestudio.ee\/lv\/wp-json\/wp\/v2\/product_brand?post=11019"},{"taxonomy":"product_cat","embeddable":true,"href":"https:\/\/shop.bestudio.ee\/lv\/wp-json\/wp\/v2\/product_cat?post=11019"},{"taxonomy":"product_tag","embeddable":true,"href":"https:\/\/shop.bestudio.ee\/lv\/wp-json\/wp\/v2\/product_tag?post=11019"}],"curies":[{"name":"wp","href":"https:\/\/api.w.org\/{rel}","templated":true}]}}