{"id":11052,"date":"2025-12-11T23:47:14","date_gmt":"2025-12-11T21:47:14","guid":{"rendered":"https:\/\/shop.bestudio.ee\/?post_type=product&#038;p=11052"},"modified":"2026-02-12T22:27:35","modified_gmt":"2026-02-12T20:27:35","slug":"uv-led-pro-formance-trinity-shades-sc1-45g-1-6oz","status":"publish","type":"product","link":"https:\/\/shop.bestudio.ee\/lv\/products\/uv-led-pro-formance-trinity-shades-sc1-45g-1-6oz\/","title":{"rendered":"UV\/LED PRO-FORMANCE TRINITY SHADES SC1 45 g\/1,6 unces"},"content":{"rendered":"<ul>\n<li>100% T\u012brs g\u0113ls<\/li>\n<li>Bez TPO \/ Bez HEMA \/ Bez 10% \/ Nav test\u0113ts uz dz\u012bvniekiem \/ Veg\u0101ns<\/li>\n<li>Cietais gels (neizs\u016bcas)<\/li>\n<li>Neboj\u0101 un neiz\u017e\u0101v\u0113 klienta nagus<\/li>\n<li>Neizm\u0113\u0123in\u0101ts uz dz\u012bvniekiem un veg\u0101ns<\/li>\n<li>Izstr\u0101d\u0101ts un ra\u017eots 100% Kan\u0101d\u0101<\/li>\n<li>Ra\u017eots no lab\u0101kaj\u0101m sast\u0101vda\u013c\u0101m, kas ieg\u016btas tikai no Eiropas un Zieme\u013camerikas<\/li>\n<li>Tikai profesion\u0101\u013ciem<\/li>\n<\/ul>\n<p>Akz\u00e9ntz ekskluz\u012bv\u0101 dimanta stipr\u012bbas tehnolo\u0123ija (DST) pied\u0101v\u0101 nozar\u0113 vado\u0161o molekul\u0101ro \u0161\u0137\u0113rssavienojumu, kas veido vissp\u0113c\u012bg\u0101k\u0101s un iztur\u012bg\u0101k\u0101s saites, k\u0101 rezult\u0101t\u0101 dimantam l\u012bdz\u012bga stingr\u012bba p\u0101rsp\u0113j citus veido\u0161anas \u017eelejas.<\/p>\n<ol>\n<li>P\u0113c nagu sagatavo\u0161anas uzkl\u0101jiet formi\u0146as (ja nepiecie\u0161ams) un izv\u0113l\u0113to b\u0101zes \u017eeleju (liel\u0101kajai da\u013cai klientu ieteicams lietot Adhere). \u013baujiet no\u017e\u016bt 30 sekundes.<\/li>\n<li>Uzkl\u0101jiet sl\u012bdo\u0161o k\u0101rtu viegl\u0101kai uzkl\u0101\u0161anai, p\u0113c tam pievienojiet liel\u0101ku \u017eelejas daudzumu, lai izveidotu pieaudz\u0113to matu griezumu vai p\u0101rkl\u0101jumu. \u013baujiet \u017eelejai pa\u0161izl\u012bdzin\u0101ties un saciet\u0113t.<\/li>\n<li>Pie\u0161\u0137iriet nagu formu un nov\u012bl\u0113jiet tos p\u0113c v\u0113l\u0113\u0161an\u0101s, p\u0113c tam pabeidziet ar Ultra Gloss vai Shine-On, lai ieg\u016btu nevainojamu rezult\u0101tu.<\/li>\n<\/ol>\n<p><strong>Tikai profesion\u0101lai lieto\u0161anai.<\/strong><\/p>","protected":false},"excerpt":{"rendered":"<p data-end=\"379\" data-start=\"80\">T\u0101 pati formula k\u0101 m\u016bsu popul\u0101r\u0101kajam veido\u0161anas \u017eelejam Trinity\u2122, bet da\u017e\u0101dos dabiska izskata p\u0101rkl\u0101juma to\u0146os. Trinity attaisno savu nosaukumu ar unik\u0101lu\u00a0<em>tr\u012bs<\/em>-komponentu formula, kas apvieno tr\u012bs g\u0113lu sp\u0113ku vien\u0101. Darbojas k\u0101 <strong data-end=\"295\" data-start=\"267\">B\u0101ze, celtnieks un sp\u012bdums<\/strong>Trinity vienk\u0101r\u0161o j\u016bsu pielietojumu, neapdraudot iztur\u012bbu vai skaistumu.<\/p>\n<p data-end=\"692\" data-start=\"381\">SC1 (Shades Cool N\u00ba1) ir \u013coti viegls, gandr\u012bz balti roz\u0101 p\u0101rkl\u0101juma gels ar v\u0113su apak\u0161toni.<\/p>\n<p><strong>Pl\u0101ns viskozit\u0101tes veidot\u0101js<br \/>\n<b>Stiprums: <\/b><\/strong>5\/5<strong><b><br \/>\nP\u0101rkl\u0101jums:\u00a0<\/b><\/strong>4\/5<strong><br \/>\n<b>Viskozit\u0101te:\u00a0<\/b><\/strong>1\/\/5<\/p>\n<p>&nbsp;<\/p>\n<ul>\n<li data-start=\"720\" data-end=\"765\">\n<p data-start=\"722\" data-end=\"765\">3\u00a0vien\u0101\u00a0\u2014\u00a0b\u0101ze, veidot\u0101js un sp\u012bdums<\/p>\n<\/li>\n<li data-start=\"720\" data-end=\"765\">\n<p data-start=\"722\" data-end=\"765\">Plakan\u0101 viskozit\u0101te prec\u012bzai uzkl\u0101\u0161anai<\/p>\n<\/li>\n<li data-start=\"809\" data-end=\"841\">\n<p data-start=\"811\" data-end=\"841\">Augsta iztur\u012bba un ilgm\u016b\u017e\u012bba<\/p>\n<\/li>\n<li data-start=\"842\" data-end=\"870\">\n<p data-start=\"844\" data-end=\"870\">Spo\u017es, notur\u012bgs sp\u012bdums<\/p>\n<\/li>\n<li data-start=\"842\" data-end=\"870\">Skaists p\u0101rkl\u0101juma tonis<\/li>\n<\/ul>","protected":false},"featured_media":11054,"template":"","meta":[],"product_brand":[],"product_cat":[267,272,284],"product_tag":[],"class_list":{"0":"post-11052","1":"product","2":"type-product","3":"status-publish","4":"has-post-thumbnail","6":"product_cat-akzentz","7":"product_cat-pro-formance","8":"product_cat-trinity-3-in-1","10":"first","11":"instock","12":"taxable","13":"shipping-taxable","14":"purchasable","15":"product-type-simple"},"jetpack_sharing_enabled":true,"_links":{"self":[{"href":"https:\/\/shop.bestudio.ee\/lv\/wp-json\/wp\/v2\/product\/11052","targetHints":{"allow":["GET"]}}],"collection":[{"href":"https:\/\/shop.bestudio.ee\/lv\/wp-json\/wp\/v2\/product"}],"about":[{"href":"https:\/\/shop.bestudio.ee\/lv\/wp-json\/wp\/v2\/types\/product"}],"wp:featuredmedia":[{"embeddable":true,"href":"https:\/\/shop.bestudio.ee\/lv\/wp-json\/wp\/v2\/media\/11054"}],"wp:attachment":[{"href":"https:\/\/shop.bestudio.ee\/lv\/wp-json\/wp\/v2\/media?parent=11052"}],"wp:term":[{"taxonomy":"product_brand","embeddable":true,"href":"https:\/\/shop.bestudio.ee\/lv\/wp-json\/wp\/v2\/product_brand?post=11052"},{"taxonomy":"product_cat","embeddable":true,"href":"https:\/\/shop.bestudio.ee\/lv\/wp-json\/wp\/v2\/product_cat?post=11052"},{"taxonomy":"product_tag","embeddable":true,"href":"https:\/\/shop.bestudio.ee\/lv\/wp-json\/wp\/v2\/product_tag?post=11052"}],"curies":[{"name":"wp","href":"https:\/\/api.w.org\/{rel}","templated":true}]}}