{"id":11060,"date":"2025-12-12T00:04:54","date_gmt":"2025-12-11T22:04:54","guid":{"rendered":"https:\/\/shop.bestudio.ee\/?post_type=product&#038;p=11060"},"modified":"2025-12-18T16:18:22","modified_gmt":"2025-12-18T14:18:22","slug":"prescription-base-super-bond-all-new","status":"publish","type":"product","link":"https:\/\/shop.bestudio.ee\/lv\/products\/prescription-base-super-bond-all-new\/","title":{"rendered":"PRESCRIPTION BASE\u2122 SUPER-BOND (PILN\u012aGI JAUNS)"},"content":{"rendered":"<ol>\n<li>P\u0113c sagatavo\u0161anas uzkl\u0101jiet pl\u0101nu, kontrol\u0113tu k\u0101rtu uz dab\u012bgajiem nagiem. Ne\u013caujiet Super-Bond nok\u013c\u016bt uz kutikul\u0101m vai apk\u0101rt\u0113j\u0101s \u0101das.<\/li>\n<li>\u017d\u0101v\u0113t 30 sekundes Akz\u00e9ntz LED lamp\u0101. P\u0113c saciet\u0113\u0161anas nenoslauc\u012bt.<\/li>\n<li>Turpiniet lietot \u017eelejas pakalpojumu k\u0101 parasti.<\/li>\n<\/ol>\n<p>No\u0146emt, vai nu uzman\u012bgi nov\u012bl\u0113jot, vai izmantojot Akz\u00e9ntz Soak-Off g\u0113la no\u0146\u0113m\u0113ju.<\/p>\n<ul>\n<li>100% T\u012brs g\u0113ls\u2122<\/li>\n<li>Bez TPO un HEMA, bez 10%*<\/li>\n<li>Bez \u0161\u0137\u012bdin\u0101t\u0101jiem (ne\u017e\u0101v\u0113jo\u0161s)<\/li>\n<li>Satur biolo\u0123iskas izcelsmes monom\u0113ru<\/li>\n<li>Piln\u012bb\u0101 bez as\u0101m smar\u017e\u0101m<\/li>\n<li>Neizm\u0113\u0123in\u0101ts uz dz\u012bvniekiem un veg\u0101ns<\/li>\n<li>Ra\u017eots no izejviel\u0101m, kas ieg\u016btas tikai no Eiropas un Zieme\u013camerikas<\/li>\n<\/ul>\n<p>10 bezmaksas l\u012bdzek\u013ci nesatur:<\/p>\n<p><em>Formaldeh\u012bds, tolu\u0113ns, parab\u0113ni, kampars, formaldeh\u012bda sve\u0137i, dibutilftal\u0101ts (DBP), ksilols, ftal\u0101ti, trifenilfosf\u0101ts (TPHP), terc-butilhidroperoks\u012bds (TBHP), etiltosilam\u012bds)\u00a0<\/em><\/p>\n<p>&nbsp;<\/p>","protected":false},"excerpt":{"rendered":"<p>Super-Bond ir izstr\u0101d\u0101ts, lai aizst\u0101tu j\u016bsu parasto b\u0101zes \u017eeleju (Luxio Base, Pro-Formance Adhere, Options Base vai Options Opti-Bond), lai pagarin\u0101tu notur\u012bbu klientiem, kuriem ir izteiktas notur\u012bbas probl\u0113mas, piem\u0113ram, nagu pacel\u0161an\u0101s un atdal\u012b\u0161an\u0101s. Super-Bond ir \u012bpa\u0161i noder\u012bgs klientiem ar mitr\u0101m vai &quot;taukain\u0101m&quot; nagu pl\u0101ksn\u0113m.<\/p>\n<p>Super-Bond satur r\u016bp\u012bgi p\u0101rdom\u0101tu koncentr\u0101ciju <strong>Akrilsk\u0101be<\/strong> lai palielin\u0101tu sa\u0137eri vissmag\u0101kajos pacel\u0161anas gad\u012bjumos un saglab\u0101tu dabisko nagu vesel\u012bbu. Izmantojot unik\u0101lu <strong>biolo\u0123iskas izcelsmes monom\u0113rs, kas ieg\u016bts no prie\u017eu komponentiem, <\/strong>Super-Bond l\u012bmei ir izteikta sve\u0137iem l\u012bdz\u012bga smar\u017ea \u2013 t\u0101 dabisk\u0101s izcelsmes nianse.<\/p>\n<p>15 ml \/ 0,5 unces<\/p>\n<ul>\n<li>Maksim\u0101la sa\u0137ere probl\u0113mu pacel\u0161anas\/notur\u0113\u0161anas gad\u012bjum\u0101<\/li>\n<li>Viegli lietojams, vid\u0113ja viskozit\u0101te (l\u012bdz\u012bgs Luxio Base)<\/li>\n<li>Pa\u0161izl\u012bdzino\u0161s gludai un l\u012bdzenai virsmai<\/li>\n<li>P\u0101rkl\u0101j dabiskos nagus, veidojot aizsargsl\u0101ni<\/li>\n<li>Stingrs, sp\u0113c\u012bgs sast\u0101vs<\/li>\n<li>Tikai profesion\u0101lai lieto\u0161anai<\/li>\n<li>Ra\u017eots Kan\u0101d\u0101<\/li>\n<\/ul>\n<p>Izmantojiet Prescription Base Super-Bond ar jebkuru Akz\u00e9ntz g\u0113lu standarta b\u0101zes k\u0101rtas viet\u0101, ja:<\/p>\n<ul>\n<li>Klients, kur\u0161 piedz\u012bvo ekstrem\u0101las pacel\u0161anas<\/li>\n<li>Klientam, kuram ir mitras vai \u201ctaukainas\u201d rokas\/nagu pl\u0101ksnes<\/li>\n<li>Klients piedz\u012bvo hiperhidrozi<\/li>\n<\/ul>\n<p>&nbsp;<\/p>","protected":false},"featured_media":11064,"template":"","meta":[],"product_brand":[],"product_cat":[267,302],"product_tag":[],"class_list":{"0":"post-11060","1":"product","2":"type-product","3":"status-publish","4":"has-post-thumbnail","6":"product_cat-akzentz","7":"product_cat-prescription-base","9":"first","10":"instock","11":"sale","12":"taxable","13":"shipping-taxable","14":"purchasable","15":"product-type-simple"},"jetpack_sharing_enabled":true,"_links":{"self":[{"href":"https:\/\/shop.bestudio.ee\/lv\/wp-json\/wp\/v2\/product\/11060","targetHints":{"allow":["GET"]}}],"collection":[{"href":"https:\/\/shop.bestudio.ee\/lv\/wp-json\/wp\/v2\/product"}],"about":[{"href":"https:\/\/shop.bestudio.ee\/lv\/wp-json\/wp\/v2\/types\/product"}],"wp:featuredmedia":[{"embeddable":true,"href":"https:\/\/shop.bestudio.ee\/lv\/wp-json\/wp\/v2\/media\/11064"}],"wp:attachment":[{"href":"https:\/\/shop.bestudio.ee\/lv\/wp-json\/wp\/v2\/media?parent=11060"}],"wp:term":[{"taxonomy":"product_brand","embeddable":true,"href":"https:\/\/shop.bestudio.ee\/lv\/wp-json\/wp\/v2\/product_brand?post=11060"},{"taxonomy":"product_cat","embeddable":true,"href":"https:\/\/shop.bestudio.ee\/lv\/wp-json\/wp\/v2\/product_cat?post=11060"},{"taxonomy":"product_tag","embeddable":true,"href":"https:\/\/shop.bestudio.ee\/lv\/wp-json\/wp\/v2\/product_tag?post=11060"}],"curies":[{"name":"wp","href":"https:\/\/api.w.org\/{rel}","templated":true}]}}