{"id":11074,"date":"2025-12-12T00:19:48","date_gmt":"2025-12-11T22:19:48","guid":{"rendered":"https:\/\/shop.bestudio.ee\/?post_type=product&#038;p=11074"},"modified":"2025-12-18T16:17:36","modified_gmt":"2025-12-18T14:17:36","slug":"luxio-nail-cuticle-oil","status":"publish","type":"product","link":"https:\/\/shop.bestudio.ee\/lv\/products\/luxio-nail-cuticle-oil\/","title":{"rendered":"LUXIO\u00ae NAGU + KUTIKULAS E\u013b\u013bA"},"content":{"rendered":"<ul>\n<li>Apriko\u017eu e\u013c\u013ca - izl\u012bdzina, atjauno un stiprina nagus<\/li>\n<li>Jojobas e\u013c\u013ca \u2013 l\u012bdz\u012bga \u0101das sebumam, dzi\u013ci mitrina \u0101du un nagus<\/li>\n<li>Inku inki e\u013c\u013ca \u2013 bag\u0101ta ar omega-3 tauksk\u0101b\u0113m un antioksidantiem<span class=\"Apple-converted-space\">\u00a0<\/span><\/li>\n<li><span class=\"Apple-converted-space\">Rozmar\u012bna ekstrakts \u2013 sp\u0113c\u012bgs antioksidants ar antiseptisk\u0101m un pretiekaisuma \u012bpa\u0161\u012bb\u0101m<\/span><\/li>\n<li><span class=\"Apple-converted-space\">Greipfr\u016btu \u0113terisk\u0101 e\u013c\u013ca \u2013 viegls un atsvaidzino\u0161s arom\u0101ts ar pretmikrobu \u012bpa\u0161\u012bb\u0101m\u00a0<\/span><\/li>\n<li>E vitam\u012bns \u2013 antioksidants, kas pal\u012bdz aizsarg\u0101t \u0161\u016bnas no oksidat\u012bviem boj\u0101jumiem<\/li>\n<\/ul>\n<p><span class=\"a_GcMg font-feature-liga-off font-feature-clig-off font-feature-calt-off text-decoration-none text-strikethrough-none\">Prunus Armeniaca (apriko\u017eu) kauli\u0146u e\u013c\u013ca, Simmondsia Chinensis (jojobas) s\u0113klu e\u013c\u013ca, Plukenetia <\/span><span class=\"a_GcMg font-feature-liga-off font-feature-clig-off font-feature-calt-off text-decoration-none text-strikethrough-none\">Volubilis s\u0113klu e\u013c\u013ca, Citrus Paradisi (roz\u0101 greipfr\u016bta) mizu e\u013c\u013ca, Helianthus Annuus (saulespu\u0137u) s\u0113klu e\u013c\u013ca, Olea Europaea (ol\u012bvu) aug\u013cu e\u013c\u013ca, Rosmarinus Officinalis (rozmar\u012bna) lapu ekstrakts, tokoferols, <\/span><span class=\"a_GcMg font-feature-liga-off font-feature-clig-off font-feature-calt-off text-decoration-none text-strikethrough-none\">Limon\u0113ns<\/span><\/p>","protected":false},"excerpt":{"rendered":"<p>Inovat\u012bvs dzi\u013ci barojo\u0161u e\u013c\u013cu \u2014 apriko\u017eu, jojobas, inku inku, saulespu\u0137u un ol\u012bvu aug\u013cu \u2014 mais\u012bjums harmonij\u0101 darbojas ar dabiski akt\u012bviem rozmar\u012bna lapu un greipfr\u016btu ekstraktiem. Katra sast\u0101vda\u013ca ir izv\u0113l\u0113ta, pateicoties t\u0101s pier\u0101d\u012btaj\u0101m kondicion\u0113jo\u0161aj\u0101m \u012bpa\u0161\u012bb\u0101m, un kop\u0101 t\u0101s rada vieglu, uzmundrino\u0161u arom\u0101tu. Luxio\u00ae Signature Spa arom\u0101ts ir akt\u012bvo augu valsts sast\u0101vda\u013cu dabisks rezult\u0101ts.<\/p>\n<p>Iepakots iztur\u012bg\u0101 It\u0101lij\u0101 ra\u017eot\u0101 stikla pudel\u0113 ar prec\u012bzu stikla pilin\u0101t\u0101ju elegantai un higi\u0113niskai lieto\u0161anai.<\/p>\n<p><strong>Izm\u0113rs:<\/strong> 50 ml \/ 1,7 unces<\/p>\n<p>&nbsp;<\/p>\n<ul>\n<li>100% Dab\u012bgas sast\u0101vda\u013cas \/ Veg\u0101ns \/ Nav test\u0113ts uz dz\u012bvniekiem<\/li>\n<li>\u0100tri uzs\u016bcas un neatst\u0101j taukainu saj\u016btu<\/li>\n<li>Pretiekaisuma l\u012bdzeklis<span class=\"Apple-converted-space\">\u00a0<\/span><\/li>\n<li>Atjauno epidermu<span class=\"Apple-converted-space\">\u00a0<\/span><\/li>\n<li>Saglab\u0101 \u0101das lip\u012bdu l\u012bdzsvaru<\/li>\n<li>M\u012bkstina un dzi\u013ci mitrina \u0101du<span class=\"Apple-converted-space\">\u00a0<\/span><\/li>\n<li>Ra\u017eots Kan\u0101d\u0101 (no Eiropas un Zieme\u013camerikas sast\u0101vda\u013c\u0101m)<\/li>\n<\/ul>","protected":false},"featured_media":11082,"template":"","meta":[],"product_brand":[],"product_cat":[267,303],"product_tag":[],"class_list":{"0":"post-11074","1":"product","2":"type-product","3":"status-publish","4":"has-post-thumbnail","6":"product_cat-akzentz","7":"product_cat-luxio-spa","9":"first","10":"instock","11":"sale","12":"taxable","13":"shipping-taxable","14":"purchasable","15":"product-type-simple"},"jetpack_sharing_enabled":true,"_links":{"self":[{"href":"https:\/\/shop.bestudio.ee\/lv\/wp-json\/wp\/v2\/product\/11074","targetHints":{"allow":["GET"]}}],"collection":[{"href":"https:\/\/shop.bestudio.ee\/lv\/wp-json\/wp\/v2\/product"}],"about":[{"href":"https:\/\/shop.bestudio.ee\/lv\/wp-json\/wp\/v2\/types\/product"}],"wp:featuredmedia":[{"embeddable":true,"href":"https:\/\/shop.bestudio.ee\/lv\/wp-json\/wp\/v2\/media\/11082"}],"wp:attachment":[{"href":"https:\/\/shop.bestudio.ee\/lv\/wp-json\/wp\/v2\/media?parent=11074"}],"wp:term":[{"taxonomy":"product_brand","embeddable":true,"href":"https:\/\/shop.bestudio.ee\/lv\/wp-json\/wp\/v2\/product_brand?post=11074"},{"taxonomy":"product_cat","embeddable":true,"href":"https:\/\/shop.bestudio.ee\/lv\/wp-json\/wp\/v2\/product_cat?post=11074"},{"taxonomy":"product_tag","embeddable":true,"href":"https:\/\/shop.bestudio.ee\/lv\/wp-json\/wp\/v2\/product_tag?post=11074"}],"curies":[{"name":"wp","href":"https:\/\/api.w.org\/{rel}","templated":true}]}}