{"id":11083,"date":"2025-12-12T00:28:39","date_gmt":"2025-12-11T22:28:39","guid":{"rendered":"https:\/\/shop.bestudio.ee\/?post_type=product&#038;p=11083"},"modified":"2025-12-18T16:18:37","modified_gmt":"2025-12-18T14:18:37","slug":"prescription-base-x-bond-for-compromised-nails","status":"publish","type":"product","link":"https:\/\/shop.bestudio.ee\/lv\/products\/prescription-base-x-bond-for-compromised-nails\/","title":{"rendered":"PRESCRIPTION BASE\u2122 X-BOND (BOJ\u0100TIEM NAGIEM)"},"content":{"rendered":"<ol>\n<li>P\u0113c sagatavo\u0161anas uzkl\u0101jiet pl\u0101nu, kontrol\u0113tu k\u0101rtu uz dab\u012bgajiem nagiem. Ne\u013caujiet X-Bond nok\u013c\u016bt uz kutikul\u0101m vai apk\u0101rt\u0113j\u0101s \u0101das.<\/li>\n<li>\u017d\u0101v\u0113t 30 sekundes Akz\u00e9ntz LED lamp\u0101. P\u0113c saciet\u0113\u0161anas nenoslauc\u012bt.<\/li>\n<li>Turpiniet lietot \u017eelejas pakalpojumu k\u0101 parasti.<\/li>\n<\/ol>\n<p>No\u0146emt, vai nu uzman\u012bgi nov\u012bl\u0113jot, vai izmantojot Akz\u00e9ntz Soak-Off g\u0113la no\u0146\u0113m\u0113ju.<\/p>\n<ul>\n<li>100% T\u012brs g\u0113ls\u2122<\/li>\n<li>Bez TPO un HEMA, bez 10%*<\/li>\n<li>Bez \u0161\u0137\u012bdin\u0101t\u0101jiem (ne\u017e\u0101v\u0113jo\u0161s)<\/li>\n<li>Piln\u012bb\u0101 bez as\u0101m smar\u017e\u0101m<\/li>\n<li>Neizm\u0113\u0123in\u0101ts uz dz\u012bvniekiem un veg\u0101ns<\/li>\n<li>Ra\u017eots no izejviel\u0101m, kas ieg\u016btas tikai no Eiropas un Zieme\u013camerikas<\/li>\n<\/ul>\n<p>10 bezmaksas l\u012bdzek\u013ci nesatur:<\/p>\n<p><em>Formaldeh\u012bds, tolu\u0113ns, parab\u0113ni, kampars, formaldeh\u012bda sve\u0137i, dibutilftal\u0101ts (DBP), ksilols, ftal\u0101ti, trifenilfosf\u0101ts (TPHP), terc-butilhidroperoks\u012bds (TBHP), etiltosilam\u012bds)\u00a0<\/em><\/p>","protected":false},"excerpt":{"rendered":"<p>X-Bond ir izstr\u0101d\u0101ts, lai aizst\u0101tu j\u016bsu parasto b\u0101zes \u017eeleju (Luxio Base, Pro-Formance Adhere, Options Base vai Options Opti-Bond), lai pagarin\u0101tu t\u0101s notur\u012bbu klientiem, kuriem rodas probl\u0113mas ar naga notur\u012bbu, piem\u0113ram, pacel\u0161an\u0101s. X-Bond ir \u012bpa\u0161i noder\u012bgs klientiem ar pl\u0101niem, p\u0101r\u0101k piepild\u012btiem vai boj\u0101tiem nagiem (p\u0101r\u0101k pask\u0101bin\u0101tiem).\u00a0<strong><\/p>\n<p><\/strong>Prescription Base X-Bond ir atjaunin\u0101ta X-Bond versija ar jaunu, svaigu izskatu, tagad bez TPO un HEMA.<\/p>\n<p>15 ml \/ 0,5 unces<\/p>\n<ul>\n<li>Maksim\u0101la sa\u0137ere pl\u0101niem\/boj\u0101tiem nagiem<\/li>\n<li>\u0160\u0137idrumam l\u012bdz\u012bga viskozit\u0101te, paredz\u0113ta uzkl\u0101\u0161anai vien\u0101 \u013coti pl\u0101n\u0101 k\u0101rt\u0101<\/li>\n<li>Satur specifiskus adh\u0113zijas veicin\u0101t\u0101jus, kas saist\u0101s ar \u0161\u0137elto kerat\u012bnu<\/li>\n<li>Elast\u012bgs sast\u0101vs<\/li>\n<li>Tikai profesion\u0101lai lieto\u0161anai<\/li>\n<li>Ra\u017eots Kan\u0101d\u0101<\/li>\n<\/ul>\n<p>Izmantojiet Prescription Base X-Bond ar jebkuru Akz\u00e9ntz g\u0113lu standarta b\u0101zes k\u0101rtas viet\u0101 \u0161\u0101dos gad\u012bjumos:<\/p>\n<ul>\n<li>Klients, kur\u0161 piedz\u012bvo cel\u0161anas vingrin\u0101jumus<\/li>\n<li>Klienta nagi ir pl\u0101ni\/elast\u012bgi<\/li>\n<li>Klients, kura nagi ir p\u0101rlakoti un\/vai p\u0101r\u0101k pask\u0101bin\u0101ti<\/li>\n<li>Klients, kura nagiem ir balti plankumi<\/li>\n<\/ul>","protected":false},"featured_media":11087,"template":"","meta":[],"product_brand":[],"product_cat":[267,302],"product_tag":[],"class_list":{"0":"post-11083","1":"product","2":"type-product","3":"status-publish","4":"has-post-thumbnail","6":"product_cat-akzentz","7":"product_cat-prescription-base","9":"first","10":"instock","11":"sale","12":"taxable","13":"shipping-taxable","14":"purchasable","15":"product-type-simple"},"jetpack_sharing_enabled":true,"_links":{"self":[{"href":"https:\/\/shop.bestudio.ee\/lv\/wp-json\/wp\/v2\/product\/11083","targetHints":{"allow":["GET"]}}],"collection":[{"href":"https:\/\/shop.bestudio.ee\/lv\/wp-json\/wp\/v2\/product"}],"about":[{"href":"https:\/\/shop.bestudio.ee\/lv\/wp-json\/wp\/v2\/types\/product"}],"wp:featuredmedia":[{"embeddable":true,"href":"https:\/\/shop.bestudio.ee\/lv\/wp-json\/wp\/v2\/media\/11087"}],"wp:attachment":[{"href":"https:\/\/shop.bestudio.ee\/lv\/wp-json\/wp\/v2\/media?parent=11083"}],"wp:term":[{"taxonomy":"product_brand","embeddable":true,"href":"https:\/\/shop.bestudio.ee\/lv\/wp-json\/wp\/v2\/product_brand?post=11083"},{"taxonomy":"product_cat","embeddable":true,"href":"https:\/\/shop.bestudio.ee\/lv\/wp-json\/wp\/v2\/product_cat?post=11083"},{"taxonomy":"product_tag","embeddable":true,"href":"https:\/\/shop.bestudio.ee\/lv\/wp-json\/wp\/v2\/product_tag?post=11083"}],"curies":[{"name":"wp","href":"https:\/\/api.w.org\/{rel}","templated":true}]}}