{"id":11088,"date":"2025-12-12T00:55:53","date_gmt":"2025-12-11T22:55:53","guid":{"rendered":"https:\/\/shop.bestudio.ee\/?post_type=product&#038;p=11088"},"modified":"2025-12-18T00:21:33","modified_gmt":"2025-12-17T22:21:33","slug":"vanilla-shimmer-lotion","status":"publish","type":"product","link":"https:\/\/shop.bestudio.ee\/lv\/products\/vanilla-shimmer-lotion\/","title":{"rendered":"Dadi vani\u013cas mirdzuma losjons, 236ml"},"content":{"rendered":"<p><span class=\"s1\"><strong>Iev\u0113rojamas sast\u0101vda\u013cas:<\/strong><b><br \/>\n<\/b><\/span><span class=\"s1\">Dab\u012bgs vani\u013cas arom\u0101ts<br \/>\n<\/span><span class=\"s1\">Hialuronsk\u0101be<br \/>\n<\/span><span class=\"s1\">Allontoin<br \/>\n<\/span><span class=\"s1\">Pantenols<br \/>\n<\/span><span class=\"s1\">Tokoferols (dab\u012bgais E vitam\u012bns)<\/span><\/p>\n<p><span class=\"s1\"><strong>Nor\u0101d\u012bjumi:<\/strong><b><br \/>\n<\/b><\/span><span class=\"s1\">Uzkl\u0101jiet uz rok\u0101m un \u0137erme\u0146a p\u0113c v\u0113l\u0113\u0161an\u0101s, lai ieg\u016btu gludu \u0101du, saglab\u0101tu mitrumu un mirdzo\u0161u mirdzumu ar vani\u013cas akcentu.<\/span><\/p>\n<h4><strong><span class=\"im\">Vani\u013cas mirdzuma losjons nesatur sulf\u0101tus, parab\u0113nus un m\u0101ksl\u012bg\u0101s kr\u0101svielas!<\/span><\/strong><\/h4>\n<p><span class=\"im\"><strong>Izm\u0113ri<\/strong><b><br \/>\n<\/b><\/span>236 ml \/ 8 \u0161\u0137idr\u0101s unces<\/p>","protected":false},"excerpt":{"rendered":"<p><strong>Kas ir vani\u013cas mirdzuma losjons?<br \/>\n<\/strong><span class=\"s1\">\u0100tri ies\u016bcas, netaukains, mitrino\u0161s roku un \u0137erme\u0146a losjons, kura pamat\u0101 ir godalgotais Luxury Dad&#039; Lotion ar zelta mirdzumu.<br \/>\nvani\u013cas akcents perfektam sv\u0113tku mirdzumam. <\/span><\/p>\n<p><strong>Pielietojums?<br \/>\n<\/strong><span class=\"s1\">Lai pie\u0161\u0137irtu savai \u0101dai mirdzumu un pievienotu sv\u0113tku noska\u0146ai jautr\u012bbu.<\/span><\/p>","protected":false},"featured_media":11089,"template":"","meta":[],"product_brand":[],"product_cat":[52,56],"product_tag":[],"class_list":{"0":"post-11088","1":"product","2":"type-product","3":"status-publish","4":"has-post-thumbnail","6":"product_cat-famous-names","7":"product_cat-dadi-lotion","9":"first","10":"instock","11":"taxable","12":"shipping-taxable","13":"purchasable","14":"product-type-simple"},"jetpack_sharing_enabled":true,"_links":{"self":[{"href":"https:\/\/shop.bestudio.ee\/lv\/wp-json\/wp\/v2\/product\/11088","targetHints":{"allow":["GET"]}}],"collection":[{"href":"https:\/\/shop.bestudio.ee\/lv\/wp-json\/wp\/v2\/product"}],"about":[{"href":"https:\/\/shop.bestudio.ee\/lv\/wp-json\/wp\/v2\/types\/product"}],"wp:featuredmedia":[{"embeddable":true,"href":"https:\/\/shop.bestudio.ee\/lv\/wp-json\/wp\/v2\/media\/11089"}],"wp:attachment":[{"href":"https:\/\/shop.bestudio.ee\/lv\/wp-json\/wp\/v2\/media?parent=11088"}],"wp:term":[{"taxonomy":"product_brand","embeddable":true,"href":"https:\/\/shop.bestudio.ee\/lv\/wp-json\/wp\/v2\/product_brand?post=11088"},{"taxonomy":"product_cat","embeddable":true,"href":"https:\/\/shop.bestudio.ee\/lv\/wp-json\/wp\/v2\/product_cat?post=11088"},{"taxonomy":"product_tag","embeddable":true,"href":"https:\/\/shop.bestudio.ee\/lv\/wp-json\/wp\/v2\/product_tag?post=11088"}],"curies":[{"name":"wp","href":"https:\/\/api.w.org\/{rel}","templated":true}]}}