{"id":11090,"date":"2025-12-12T00:59:11","date_gmt":"2025-12-11T22:59:11","guid":{"rendered":"https:\/\/shop.bestudio.ee\/?post_type=product&#038;p=11090"},"modified":"2025-12-18T00:18:57","modified_gmt":"2025-12-17T22:18:57","slug":"dadi-scrub-935g","status":"publish","type":"product","link":"https:\/\/shop.bestudio.ee\/lv\/products\/dadi-scrub-935g\/","title":{"rendered":"T\u0113ta skrubis 935g"},"content":{"rendered":"<p><strong>Iev\u0113rojamas sast\u0101vda\u013cas<\/strong><br \/>\nS\u0101ls<br \/>\nCukurs<br \/>\nPemza p\u012blings<br \/>\nKokosriekstu e\u013c\u013ca<br \/>\nSaflora e\u013c\u013ca<br \/>\nE\u013c\u013cas no Dadi e\u013c\u013cas<\/p>\n<p><strong>Nor\u0101des<\/strong><b><br \/>\n<\/b>Uzkl\u0101jiet Dadi&#039; skrubi uz mitr\u0101m rok\u0101m, k\u0101j\u0101m vai \u0137erme\u0146a. Iemas\u0113jiet. P\u0113c div\u0101m p\u012blinga k\u0101rt\u0101m (ar cukuru, p\u0113c tam ar s\u0101li) noskalojiet ar siltu \u016bdeni. Pabeidziet proced\u016bru ar godalgoto Dadi&#039; e\u013c\u013cu un\/vai Luxury Dadi losjonu.<\/p>\n<p><b><\/b>Dadi skrubis nesatur sulf\u0101tus, parab\u0113nus vai m\u0101ksl\u012bg\u0101s kr\u0101svielas.<\/p>\n<p><strong>Izm\u0113ri<br \/>\n<\/strong>935 g \/ 33 unces<\/p>","protected":false},"excerpt":{"rendered":"<p><strong>Kas ir Dadi skrubis?<\/strong><b><br \/>\n<\/b>Maigs un grezns p\u012blinga un kondicion\u0113jo\u0161s roku, p\u0113du un \u0137erme\u0146a skrubis ar t\u0101du pa\u0161u arom\u0101tu k\u0101 godalgotajai Dadi&#039; e\u013c\u013cai.<\/p>\n<p><strong>Ko tas dara?<\/strong><b><br \/>\n<\/b>M\u012bkstina, att\u012bra un kondicion\u0113 rokas, k\u0101jas un \u0101du, padarot to maigu, mitrin\u0101tu un atjaunotu.<\/p>","protected":false},"featured_media":11091,"template":"","meta":[],"product_brand":[],"product_cat":[52,63],"product_tag":[],"class_list":{"0":"post-11090","1":"product","2":"type-product","3":"status-publish","4":"has-post-thumbnail","6":"product_cat-famous-names","7":"product_cat-dadi-scrub","9":"first","10":"instock","11":"taxable","12":"shipping-taxable","13":"purchasable","14":"product-type-simple"},"jetpack_sharing_enabled":true,"_links":{"self":[{"href":"https:\/\/shop.bestudio.ee\/lv\/wp-json\/wp\/v2\/product\/11090","targetHints":{"allow":["GET"]}}],"collection":[{"href":"https:\/\/shop.bestudio.ee\/lv\/wp-json\/wp\/v2\/product"}],"about":[{"href":"https:\/\/shop.bestudio.ee\/lv\/wp-json\/wp\/v2\/types\/product"}],"wp:featuredmedia":[{"embeddable":true,"href":"https:\/\/shop.bestudio.ee\/lv\/wp-json\/wp\/v2\/media\/11091"}],"wp:attachment":[{"href":"https:\/\/shop.bestudio.ee\/lv\/wp-json\/wp\/v2\/media?parent=11090"}],"wp:term":[{"taxonomy":"product_brand","embeddable":true,"href":"https:\/\/shop.bestudio.ee\/lv\/wp-json\/wp\/v2\/product_brand?post=11090"},{"taxonomy":"product_cat","embeddable":true,"href":"https:\/\/shop.bestudio.ee\/lv\/wp-json\/wp\/v2\/product_cat?post=11090"},{"taxonomy":"product_tag","embeddable":true,"href":"https:\/\/shop.bestudio.ee\/lv\/wp-json\/wp\/v2\/product_tag?post=11090"}],"curies":[{"name":"wp","href":"https:\/\/api.w.org\/{rel}","templated":true}]}}