{"id":11093,"date":"2025-12-18T00:50:10","date_gmt":"2025-12-17T22:50:10","guid":{"rendered":"https:\/\/shop.bestudio.ee\/?post_type=product&#038;p=11093"},"modified":"2026-01-18T18:10:04","modified_gmt":"2026-01-18T16:10:04","slug":"uv-led-pro-formance-adhere-7g-25oz","status":"publish","type":"product","link":"https:\/\/shop.bestudio.ee\/lv\/products\/uv-led-pro-formance-adhere-7g-25oz\/","title":{"rendered":"UV\/LED PRO-FORMANCE ADHERE 7g\/.25oz"},"content":{"rendered":"<p>P\u0113c nagu sagatavo\u0161anas un grunts uzkl\u0101\u0161anas (ja nepiecie\u0161ams) uz dab\u012bgajiem nagiem uzkl\u0101j pl\u0101nu, kontrol\u0113tu k\u0101rtu. \u017d\u0101v\u0113 Akz\u00e9ntz LED lamp\u0101 30 sekundes.<\/p>\n<p>Tikai profesion\u0101lai lieto\u0161anai.<br \/>\n7 g\/0,25 unces<\/p>","protected":false},"excerpt":{"rendered":"<p><span class=\"OYPEnA font-feature-liga-off font-feature-clig-off font-feature-calt-off text-decoration-none text-strikethrough-none\">Adhere ir revolucion\u0101ra l\u012bm\u0113\u0161ana<\/span><span class=\"OYPEnA font-feature-liga-off font-feature-clig-off font-feature-calt-off text-decoration-none text-strikethrough-none\"> gels \u2013 t\u0101 ir cieta gela formula, ko var uzkl\u0101t \u0101rk\u0101rt\u012bgi pl\u0101n\u0101 sl\u0101n\u012b, lai ieg\u016btu skaistus, pl\u0101nus uzlabojumus. Adhere nodro\u0161ina lielisku sa\u0137eri, str\u0101d\u0101jot ar citiem cietajiem geliem, un atst\u0101j perfekti gludu virsmu jebkura uzkl\u0101\u0161anai. <\/span><span class=\"OYPEnA font-feature-liga-off font-feature-clig-off font-feature-calt-off text-decoration-none text-strikethrough-none\">Pro-Formance\u2122 celtniec\u012bbas g\u0113ls. Str\u0101d\u0101jot ar jebkuru Pro-Formance\u2122 s\u0113rijas g\u0113lu, ieteicam\u0101 b\u0101zes kr\u0101sa ir Adhere.<\/span><\/p>\n<ul>\n<li><span class=\"OYPEnA font-feature-liga-off font-feature-clig-off font-feature-calt-off text-decoration-none text-strikethrough-none\">\u013boti iztur\u012bgs<\/span><\/li>\n<li><span class=\"OYPEnA font-feature-liga-off font-feature-clig-off font-feature-calt-off text-decoration-none text-strikethrough-none\">Ciet\u0101 gela formula \u2013 <em>neies\u016bcas nost<\/em><\/span><\/li>\n<li><span class=\"OYPEnA font-feature-liga-off font-feature-clig-off font-feature-calt-off text-decoration-none text-strikethrough-none\">Viegli kontrol\u0113jama lietojumprogramma<\/span><\/li>\n<li><span class=\"OYPEnA font-feature-liga-off font-feature-clig-off font-feature-calt-off text-decoration-none text-strikethrough-none\">Sp\u0113c\u012bga sa\u0137ere<\/span><\/li>\n<li><span class=\"OYPEnA font-feature-liga-off font-feature-clig-off font-feature-calt-off text-decoration-none text-strikethrough-none\">\u012apa\u0161i izstr\u0101d\u0101ts lieto\u0161anai ar Pro-Formance\u2122 g\u0113liem<\/span><\/li>\n<li><span class=\"OYPEnA\">Neizn\u012bcin\u0101ms pret \u0161\u0137\u012bdin\u0101t\u0101jiem<\/span><\/li>\n<li><span class=\"OYPEnA\">Bez TPO, bez HEMA, bez 10, bez \u0161\u0137\u012bdin\u0101t\u0101jiem, bez smar\u017eas<\/span><\/li>\n<\/ul>","protected":false},"featured_media":11096,"template":"","meta":[],"product_brand":[],"product_cat":[267,272,285],"product_tag":[],"class_list":{"0":"post-11093","1":"product","2":"type-product","3":"status-publish","4":"has-post-thumbnail","6":"product_cat-akzentz","7":"product_cat-pro-formance","8":"product_cat-base-gloss","10":"first","11":"outofstock","12":"taxable","13":"shipping-taxable","14":"purchasable","15":"product-type-simple"},"jetpack_sharing_enabled":true,"_links":{"self":[{"href":"https:\/\/shop.bestudio.ee\/lv\/wp-json\/wp\/v2\/product\/11093","targetHints":{"allow":["GET"]}}],"collection":[{"href":"https:\/\/shop.bestudio.ee\/lv\/wp-json\/wp\/v2\/product"}],"about":[{"href":"https:\/\/shop.bestudio.ee\/lv\/wp-json\/wp\/v2\/types\/product"}],"wp:featuredmedia":[{"embeddable":true,"href":"https:\/\/shop.bestudio.ee\/lv\/wp-json\/wp\/v2\/media\/11096"}],"wp:attachment":[{"href":"https:\/\/shop.bestudio.ee\/lv\/wp-json\/wp\/v2\/media?parent=11093"}],"wp:term":[{"taxonomy":"product_brand","embeddable":true,"href":"https:\/\/shop.bestudio.ee\/lv\/wp-json\/wp\/v2\/product_brand?post=11093"},{"taxonomy":"product_cat","embeddable":true,"href":"https:\/\/shop.bestudio.ee\/lv\/wp-json\/wp\/v2\/product_cat?post=11093"},{"taxonomy":"product_tag","embeddable":true,"href":"https:\/\/shop.bestudio.ee\/lv\/wp-json\/wp\/v2\/product_tag?post=11093"}],"curies":[{"name":"wp","href":"https:\/\/api.w.org\/{rel}","templated":true}]}}