{"id":11149,"date":"2026-01-16T23:18:57","date_gmt":"2026-01-16T21:18:57","guid":{"rendered":"https:\/\/shop.bestudio.ee\/?post_type=product&#038;p=11149"},"modified":"2026-01-16T23:18:57","modified_gmt":"2026-01-16T21:18:57","slug":"luxio-savour-15ml-5oz","status":"publish","type":"product","link":"https:\/\/shop.bestudio.ee\/lv\/products\/luxio-savour-15ml-5oz\/","title":{"rendered":"LUXIO \u2013 IZBAUDI 15ml\/.5oz"},"content":{"rendered":"<ul>\n<li>100% T\u012brs g\u0113ls<\/li>\n<li>Bez TPO, bez HEMA, bez 10, bez \u0161\u0137\u012bdin\u0101t\u0101jiem, bez smar\u017eas<\/li>\n<li>Pa\u0161izl\u012bdzino\u0161a formula<\/li>\n<li>Vienk\u0101r\u0161a uzkl\u0101\u0161ana<\/li>\n<li>Nesar\u016bko\u0161s<\/li>\n<li>Kr\u0101sas ar izcilu, vienm\u0113r\u012bgu p\u0101rkl\u0101jumu<\/li>\n<li>\u012apa\u0161i iztur\u012bgi un ilgsto\u0161i rezult\u0101ti<\/li>\n<li>Ne\u0161\u0137embas, nelob\u0101s un neplais\u0101<\/li>\n<li>Var viegli nos\u016bkt, izmantojot Akz\u00e9ntz Soak-Off Solution.<\/li>\n<li>Ra\u017eots Kan\u0101d\u0101 (no Eiropas un Zieme\u013camerikas sast\u0101vda\u013c\u0101m)<\/li>\n<\/ul>\n<p><strong>1. darb\u012bba: Nagu sagatavo\u0161ana<\/strong><br \/>\nS\u0101ciet ar r\u016bp\u012bgu dabisko nagu sagatavo\u0161anu: not\u012briet tos ar Akz\u00e9ntz Prep &amp; Wipe, atb\u012bdiet vai no\u0146emiet kutikulas un nopul\u0113jiet naga pl\u0101ksni, no\u0146emot visu sp\u012bdumu. Iesak\u0101m 180 graudu v\u012bli.<\/p>\n<p><strong>2.\u00a0solis: pamatlieto\u0161ana<\/strong><br \/>\nUzkl\u0101jiet pl\u0101nu, vienm\u0113r\u012bgu Luxio\u00ae Base k\u0101rtu naga centr\u0101, uzman\u012bgi spie\u017eot oti\u0146u uz aug\u0161u pret kutikulu, tai nepieskaroties. Ar vieglu roku izl\u012bdziniet pamatni uz leju, virzot to uz br\u012bvo malu, nodro\u0161inot piln\u012bgu naga pl\u0101ksnes p\u0101rkl\u0101jumu. \u017d\u0101v\u0113jiet 30 sekundes.<\/p>\n<p><strong>3.\u00a0solis: kr\u0101sas uzkl\u0101\u0161ana<\/strong><br \/>\nIzv\u0113lieties v\u0113lamo Luxio\u00ae kr\u0101su. Izmantojot to pa\u0161u tehniku, uzkl\u0101jiet kr\u0101su, spie\u017eot oti\u0146u uz aug\u0161u pret kutikulu un vienm\u0113r\u012bgi velkot to uz leju p\u0101ri nagam. \u017d\u0101v\u0113jiet 30 sekundes.<\/p>\n<p><strong>4.\u00a0solis: Otrais kr\u0101su sl\u0101nis<\/strong><br \/>\nAtk\u0101rtojiet kr\u0101sas uzkl\u0101\u0161anas procesu, lai uzkl\u0101tu otro k\u0101rtu. Pieredz\u0113ju\u0161iem nagu m\u0101ksliniekiem iesak\u0101m izmantot smalku kont\u016brz\u012bmu oti\u0146u, lai uzkl\u0101tu kr\u0101su p\u0113c iesp\u0113jas tuv\u0101k kutikulai, nepieskaroties tai, lai ieg\u016btu perfektu izskatu. \u017d\u0101v\u0113jiet 30 sekundes.<\/p>\n<p><strong>5.\u00a0solis: Pabeigt<\/strong><br \/>\nPabeidziet pakalpojumu, uzkl\u0101jot Luxio\u00ae Gloss, lai ieg\u016btu ilgsto\u0161i notur\u012bgu sp\u012bd\u012bgu apdari. \u013baujiet no\u017e\u016bt 30 sekundes, p\u0113c tam no\u0146emiet lip\u012bgo sl\u0101ni ar Akz\u00e9ntz Prep &amp; Wipe. Ja v\u0113laties nel\u012bpo\u0161u virsmu ar sp\u012bdumu, izmantojiet Akz\u00e9ntz Shine-On. Mat\u0113tu efektu var pan\u0101kt ar\u012b ar Akz\u00e9ntz Matte-On.<\/p>\n<p>&nbsp;<\/p>\n<p><strong>Ide\u0101li piem\u0113rots<br \/>\n<\/strong>Norm\u0101li, elast\u012bgi vai boj\u0101ti dab\u012bgie nagi. Visi Luxio\u00ae g\u0113la pakalpojumi, \u012bpa\u0161i, ja pl\u0101nota lakas no\u0146em\u0161ana.<\/p>\n<p><strong>Tikai profesion\u0101lai lieto\u0161anai.<br \/>\n15 ml\/0,5 unces<\/strong><\/p>","protected":false},"excerpt":{"rendered":"<p>Luxio\u00ae By Akzentz ir t\u012bra grezn\u012bba pudel\u012bt\u0113. M\u016bsu rakstur\u012bg\u0101, kr\u0113m\u012bg\u0101 un bag\u0101t\u012bgi pigment\u0113t\u0101 formula nodro\u0161ina vienm\u0113r\u012bgu p\u0101rkl\u0101jumu katru reizi. Luxio\u00ae ir t\u012bra g\u0113la formula, kas nodro\u0161ina \u0113rtu uzkl\u0101\u0161anu un nep\u0101rsp\u0113jamu notur\u012bbu, vienlaikus saglab\u0101jot un atbalstot dabisko nagu vesel\u012bbu. Luxio\u00ae sniedz visgrezn\u0101ko pieredzi ne tikai nagu m\u0101ksliniekiem, bet ar\u012b vispras\u012bg\u0101kajiem klientiem.<\/p>\n<p>Izbaudi, bag\u0101t\u012bgu Bordo toni.<\/p>","protected":false},"featured_media":11153,"template":"","meta":[],"product_brand":[],"product_cat":[267,268,269],"product_tag":[],"class_list":{"0":"post-11149","1":"product","2":"type-product","3":"status-publish","4":"has-post-thumbnail","6":"product_cat-akzentz","7":"product_cat-luxio","8":"product_cat-luxio-colour","10":"first","11":"instock","12":"taxable","13":"shipping-taxable","14":"purchasable","15":"product-type-simple"},"jetpack_sharing_enabled":true,"_links":{"self":[{"href":"https:\/\/shop.bestudio.ee\/lv\/wp-json\/wp\/v2\/product\/11149","targetHints":{"allow":["GET"]}}],"collection":[{"href":"https:\/\/shop.bestudio.ee\/lv\/wp-json\/wp\/v2\/product"}],"about":[{"href":"https:\/\/shop.bestudio.ee\/lv\/wp-json\/wp\/v2\/types\/product"}],"wp:featuredmedia":[{"embeddable":true,"href":"https:\/\/shop.bestudio.ee\/lv\/wp-json\/wp\/v2\/media\/11153"}],"wp:attachment":[{"href":"https:\/\/shop.bestudio.ee\/lv\/wp-json\/wp\/v2\/media?parent=11149"}],"wp:term":[{"taxonomy":"product_brand","embeddable":true,"href":"https:\/\/shop.bestudio.ee\/lv\/wp-json\/wp\/v2\/product_brand?post=11149"},{"taxonomy":"product_cat","embeddable":true,"href":"https:\/\/shop.bestudio.ee\/lv\/wp-json\/wp\/v2\/product_cat?post=11149"},{"taxonomy":"product_tag","embeddable":true,"href":"https:\/\/shop.bestudio.ee\/lv\/wp-json\/wp\/v2\/product_tag?post=11149"}],"curies":[{"name":"wp","href":"https:\/\/api.w.org\/{rel}","templated":true}]}}