{"id":11154,"date":"2026-01-16T23:37:06","date_gmt":"2026-01-16T21:37:06","guid":{"rendered":"https:\/\/shop.bestudio.ee\/?post_type=product&#038;p=11154"},"modified":"2026-01-16T23:37:06","modified_gmt":"2026-01-16T21:37:06","slug":"premium-oval-brush-111","status":"publish","type":"product","link":"https:\/\/shop.bestudio.ee\/lv\/products\/premium-oval-brush-111\/","title":{"rendered":"PREMIUM OV\u0100L\u0100 BIRSTE #111"},"content":{"rendered":"","protected":false},"excerpt":{"rendered":"<p><strong>111. birste<br \/>\n<\/strong><\/p>\n<p>Luksusa dab\u012bgo saru ota ar konusveida ov\u0101lu formu. Nodro\u0161ina stingru, bet elast\u012bgu kontroli, ide\u0101li piem\u0113rota lieto\u0161anai ap kutikul\u0101m un s\u0101nu sieni\u0146\u0101m. T\u0101s pl\u0101n\u0101, plakan\u0101 forma ir lieliski piem\u0113rota maksim\u0101lai kontrolei, veidojot kont\u016bras un uzkl\u0101jot kr\u0101su \u017eeleju. Met\u0101la korpuss un v\u0101ci\u0146\u0161.<\/p>\n<p>11 mm birste. V\u0101ci\u0146\u0161 iek\u013cauts.<\/p>","protected":false},"featured_media":11157,"template":"","meta":[],"product_brand":[],"product_cat":[267,275,295],"product_tag":[],"class_list":{"0":"post-11154","1":"product","2":"type-product","3":"status-publish","4":"has-post-thumbnail","6":"product_cat-akzentz","7":"product_cat-basics","8":"product_cat-brushes","10":"first","11":"instock","12":"taxable","13":"shipping-taxable","14":"purchasable","15":"product-type-simple"},"jetpack_sharing_enabled":true,"_links":{"self":[{"href":"https:\/\/shop.bestudio.ee\/lv\/wp-json\/wp\/v2\/product\/11154","targetHints":{"allow":["GET"]}}],"collection":[{"href":"https:\/\/shop.bestudio.ee\/lv\/wp-json\/wp\/v2\/product"}],"about":[{"href":"https:\/\/shop.bestudio.ee\/lv\/wp-json\/wp\/v2\/types\/product"}],"wp:featuredmedia":[{"embeddable":true,"href":"https:\/\/shop.bestudio.ee\/lv\/wp-json\/wp\/v2\/media\/11157"}],"wp:attachment":[{"href":"https:\/\/shop.bestudio.ee\/lv\/wp-json\/wp\/v2\/media?parent=11154"}],"wp:term":[{"taxonomy":"product_brand","embeddable":true,"href":"https:\/\/shop.bestudio.ee\/lv\/wp-json\/wp\/v2\/product_brand?post=11154"},{"taxonomy":"product_cat","embeddable":true,"href":"https:\/\/shop.bestudio.ee\/lv\/wp-json\/wp\/v2\/product_cat?post=11154"},{"taxonomy":"product_tag","embeddable":true,"href":"https:\/\/shop.bestudio.ee\/lv\/wp-json\/wp\/v2\/product_tag?post=11154"}],"curies":[{"name":"wp","href":"https:\/\/api.w.org\/{rel}","templated":true}]}}