{"id":11158,"date":"2026-01-16T23:40:28","date_gmt":"2026-01-16T21:40:28","guid":{"rendered":"https:\/\/shop.bestudio.ee\/?post_type=product&#038;p=11158"},"modified":"2026-01-16T23:40:28","modified_gmt":"2026-01-16T21:40:28","slug":"spatula-double-sides","status":"publish","type":"product","link":"https:\/\/shop.bestudio.ee\/lv\/products\/spatula-double-sides\/","title":{"rendered":"L\u0100PST\u012aTE divpus\u0113ji"},"content":{"rendered":"","protected":false},"excerpt":{"rendered":"<p><strong>Akz\u00e9ntz z\u012bmola produktu l\u0101psti\u0146a\u00a0<\/strong><\/p>\n<p>Divgalu l\u0101psti\u0146a Akz\u00e9ntz \u017eeleju sajauk\u0161anai. Plats gals Pro-Formance, Options\u00ae un Gel Play burci\u0146\u0101m, bet \u0161aurs gals, lai perfekti ievietotu Luxio\u00ae pudel\u012bt\u0113.<\/p>\n<p>Ner\u016bs\u0113jo\u0161ais t\u0113rauds.<\/p>","protected":false},"featured_media":11159,"template":"","meta":[],"product_brand":[],"product_cat":[267,275,295],"product_tag":[],"class_list":{"0":"post-11158","1":"product","2":"type-product","3":"status-publish","4":"has-post-thumbnail","6":"product_cat-akzentz","7":"product_cat-basics","8":"product_cat-brushes","10":"first","11":"instock","12":"taxable","13":"shipping-taxable","14":"purchasable","15":"product-type-simple"},"jetpack_sharing_enabled":true,"_links":{"self":[{"href":"https:\/\/shop.bestudio.ee\/lv\/wp-json\/wp\/v2\/product\/11158","targetHints":{"allow":["GET"]}}],"collection":[{"href":"https:\/\/shop.bestudio.ee\/lv\/wp-json\/wp\/v2\/product"}],"about":[{"href":"https:\/\/shop.bestudio.ee\/lv\/wp-json\/wp\/v2\/types\/product"}],"wp:featuredmedia":[{"embeddable":true,"href":"https:\/\/shop.bestudio.ee\/lv\/wp-json\/wp\/v2\/media\/11159"}],"wp:attachment":[{"href":"https:\/\/shop.bestudio.ee\/lv\/wp-json\/wp\/v2\/media?parent=11158"}],"wp:term":[{"taxonomy":"product_brand","embeddable":true,"href":"https:\/\/shop.bestudio.ee\/lv\/wp-json\/wp\/v2\/product_brand?post=11158"},{"taxonomy":"product_cat","embeddable":true,"href":"https:\/\/shop.bestudio.ee\/lv\/wp-json\/wp\/v2\/product_cat?post=11158"},{"taxonomy":"product_tag","embeddable":true,"href":"https:\/\/shop.bestudio.ee\/lv\/wp-json\/wp\/v2\/product_tag?post=11158"}],"curies":[{"name":"wp","href":"https:\/\/api.w.org\/{rel}","templated":true}]}}