{"id":11184,"date":"2026-02-01T18:51:12","date_gmt":"2026-02-01T16:51:12","guid":{"rendered":"https:\/\/shop.bestudio.ee\/?post_type=product&#038;p=11184"},"modified":"2026-02-01T19:27:25","modified_gmt":"2026-02-01T17:27:25","slug":"899-uv-gel-polish-makear-8ml","status":"publish","type":"product","link":"https:\/\/shop.bestudio.ee\/lv\/products\/899-uv-gel-polish-makear-8ml\/","title":{"rendered":"899 UV g\u0113la lakas ra\u017eot\u0101js, 8ml"},"content":{"rendered":"<div class=\"longdescription__tab__content --use --active\" data-name=\"Features &amp; specifications\">\n<h3><strong>Funkcijas un specifik\u0101cijas<\/strong><\/h3>\n<ul>\n<li><strong>Konsekvence:<\/strong> vid\u0113ji biezs<\/li>\n<li><strong>Apdare:<\/strong> \u201cZibspuldzes\u201d\/\u201cm\u0113nessgaismas\u201d da\u013ci\u0146as (pastiprin\u0101ts sp\u012bdums sp\u0113c\u012bg\u0101 apgaismojum\u0101)<\/li>\n<li><strong>Dro\u0161\u012bba:<\/strong> HEMA bezmaksas<\/li>\n<li><strong>Formula:<\/strong> veg\u0101ns<\/li>\n<li><strong>Iepakojums:<\/strong> kartona, biolo\u0123iski no\u0101rd\u0101ma kaste<\/li>\n<li><strong>Saciet\u0113\u0161anas laiks:<\/strong> 30\/60 sekundes 48\u00a0W LED lamp\u0101<\/li>\n<li><strong>Apjoms:<\/strong> 8 ml<\/li>\n<\/ul>\n<div class=\"longdescription__tab__content --use --active\" data-name=\"How to use\">\n<h3><strong>K\u0101 lietot<\/strong><\/h3>\n<ol>\n<li>Uzkl\u0101jiet hibr\u012bda b\u0101zi, piem. <a href=\"https:\/\/makear.pl\/pl\/products\/kera-base-wzmacniajaca-baza-keratynowa-hemafree-1238.html\" target=\"_blank\" rel=\"noopener\"><strong>Kera b\u0101ze<\/strong><\/a> vai <a href=\"https:\/\/makear.pl\/pl\/products\/rubber-base-clear-137.html\" target=\"_blank\" rel=\"noopener\"><strong>Gumijas pamatne<\/strong><\/a>, uz sagatavotas un dehidr\u0113tas naga pl\u0101ksnes.<\/li>\n<li>Uzkl\u0101jiet pl\u0101nu Makear g\u0113la lakas k\u0101rtu uz saciet\u0113ju\u0161\u0101s pamatnes. Lai ieg\u016btu piln\u012bgu efektu, uzkl\u0101jiet divas pl\u0101nas k\u0101rtas, katru no t\u0101m saciet\u0113jot 48 W LED lamp\u0101 30\u201360 sekundes.<\/li>\n<li>Pabeidziet friz\u016bru ar hibr\u012bda virsk\u0101rtu, piem. <a href=\"https:\/\/makear.pl\/pl\/products\/top-no-wipe-hard-glass-8ml-964.html\" target=\"_blank\" rel=\"noopener\"><strong>Aug\u0161\u0113jais cietais stikls bez t\u012br\u012b\u0161anas<\/strong><\/a>, un iz\u0101rst\u0113t.<\/li>\n<\/ol>\n<div class=\"longdescription__tab__content --use --active\" data-name=\"Ingredients (INCI)\">\n<h3><strong>Sast\u0101vda\u013cas (INCI)<\/strong><\/h3>\n<p>Akril\u0101tu kopolim\u0113rs \u2013 25133-97-5, 2-(2-hidroksietoksi)etilakril\u0101ts \u2013 13533-05-6, etil(2,4,6-trimetilbenzoil)fenilfosfin\u0101ts \u2013 84434-11-7, 1-hidroksicikloheksilfenilketons \u2013 947-19-3, sil\u012bcija dimetilsilil\u0101ts \u2013 68611-44-9<\/p>\n<div class=\"longdescription__tab__content --use --active\" data-name=\"Precautions\">\n<h3><strong>Piesardz\u012bbas pas\u0101kumi<\/strong><\/h3>\n<p>Produkts paredz\u0113ts tikai profesion\u0101lai lieto\u0161anai. Izvair\u012bties no saskares ar \u0101du un ac\u012bm. Pirms lieto\u0161anas uzman\u012bgi izlasiet nor\u0101d\u012bjumus. Var izrais\u012bt aler\u0123isku reakciju. Sarg\u0101t no b\u0113rniem. P\u0101rtrauciet lieto\u0161anu, ja rodas kairin\u0101jums, un konsult\u0113jieties ar \u0101rstu.<\/p>\n<\/div>\n<\/div>\n<\/div>\n<\/div>","protected":false},"excerpt":{"rendered":"<div class=\"longdescription__tab__content --description --active\" data-name=\"Description &amp; application\">\n<h2><strong>Makear g\u0113la lakas \u2013 notur\u012bgas kr\u0101sas, vienk\u0101r\u0161a uzkl\u0101\u0161ana un p\u0101rbaud\u012bta formula<\/strong><\/h2>\n<p>Makear g\u0113la lakas ir ide\u0101la izv\u0113le tiem, kas mekl\u0113 iztur\u012bbu, sp\u0113c\u012bgu p\u0101rkl\u0101jumu un \u0113rtu uzkl\u0101\u0161anu. Pateicoties vid\u0113ji biezai konsistencei, uzkl\u0101\u0161ana ir vienk\u0101r\u0161a; laka nenotek uz kutikul\u0101m un vienm\u0113r\u012bgi izl\u012bdzin\u0101s.<\/p>\n<p>Visas Makear g\u0113la lakas ir <strong>HEMA BEZ MAKSAS<\/strong>, kas noz\u012bm\u0113, ka tie nesatur sast\u0101vda\u013cas, kas visbie\u017e\u0101k saist\u012btas ar aler\u0123ij\u0101m. Makear pied\u0101v\u0101jumi <strong>vair\u0101k nek\u0101 300 to\u0146u<\/strong> g\u0113la lakas, kas rad\u012btas, sadarbojoties ar stilistiem un klientiem, kuri augstu v\u0113rt\u0113 kvalit\u0101ti un dro\u0161\u012bbu.<\/p>\n<p>The <strong>Makear g\u0113la laka ar m\u0113nessgaismas (zibspuldzes) efektu<\/strong> ir kr\u0101sas un mirdzo\u0161a sp\u012bduma kombin\u0101cija. Miljoniem da\u013ci\u0146u, kas suspend\u0113tas lak\u0101, smalki atstaro gaismu, radot maiga mirdzuma efektu ar katru rokas kust\u012bbu. Dienasgaism\u0101 t\u0101 izskat\u0101s smalka, bet m\u0101ksl\u012bg\u0101 apgaismojum\u0101 vai zibspuldz\u0113 atkl\u0101j intens\u012bvu mirdzumu.<\/p>\n<p>\u0160\u012b ir ide\u0101la izv\u0113le, ja v\u0113laties savam stilam pie\u0161\u0137irt modernu raksturu un svaigumu, vienlaikus saglab\u0101jot smalku un elegantu izskatu. Zibspuldzes efekts padara manik\u012bru vieglu, tom\u0113r uzman\u012bbu piesaisto\u0161u.<\/p>\n<h3><strong>K\u0101p\u0113c stilisti izv\u0113las Makear g\u0113la lakas?<\/strong><\/h3>\n<ul>\n<li><strong>Manik\u012bra iztur\u012bba<\/strong> vair\u0101kas ned\u0113\u013cas bez \u0161\u0137emb\u0101m<\/li>\n<li><strong>Augsta pigment\u0101cija<\/strong> \u2013 laba segtsp\u0113ja jau no pirm\u0101s k\u0101rtas<\/li>\n<li><strong>HEMA nesaturo\u0161a formula<\/strong> \u2013 piem\u0113rots ar\u012b jut\u012bgai \u0101dai<\/li>\n<li><strong>Veg\u0101nu sast\u0101vs<\/strong><\/li>\n<li><strong>Vienk\u0101r\u0161a uzkl\u0101\u0161ana<\/strong> \u2013 neaizsedz kutikulas, vienm\u0113r\u012bgi izl\u012bdzin\u0101s<\/li>\n<li><strong>Vair\u0101k nek\u0101 300 kr\u0101su<\/strong> pied\u0101v\u0101jum\u0101<\/li>\n<li><strong>Prec\u012bzijas birste<\/strong> lai apstr\u0101d\u0101tu kutikulas<\/li>\n<\/ul>\n<\/div>","protected":false},"featured_media":11188,"template":"","meta":[],"product_brand":[],"product_cat":[116,131,304,218,305],"product_tag":[],"class_list":{"0":"post-11184","1":"product","2":"type-product","3":"status-publish","4":"has-post-thumbnail","6":"product_cat-makear","7":"product_cat-gel-polishes-makear","8":"product_cat-moonlight","9":"product_cat-nail-gel-polishes","10":"product_cat-moonlight-nail-gel-polishes","12":"first","13":"instock","14":"taxable","15":"shipping-taxable","16":"purchasable","17":"product-type-simple"},"jetpack_sharing_enabled":true,"_links":{"self":[{"href":"https:\/\/shop.bestudio.ee\/lv\/wp-json\/wp\/v2\/product\/11184","targetHints":{"allow":["GET"]}}],"collection":[{"href":"https:\/\/shop.bestudio.ee\/lv\/wp-json\/wp\/v2\/product"}],"about":[{"href":"https:\/\/shop.bestudio.ee\/lv\/wp-json\/wp\/v2\/types\/product"}],"wp:featuredmedia":[{"embeddable":true,"href":"https:\/\/shop.bestudio.ee\/lv\/wp-json\/wp\/v2\/media\/11188"}],"wp:attachment":[{"href":"https:\/\/shop.bestudio.ee\/lv\/wp-json\/wp\/v2\/media?parent=11184"}],"wp:term":[{"taxonomy":"product_brand","embeddable":true,"href":"https:\/\/shop.bestudio.ee\/lv\/wp-json\/wp\/v2\/product_brand?post=11184"},{"taxonomy":"product_cat","embeddable":true,"href":"https:\/\/shop.bestudio.ee\/lv\/wp-json\/wp\/v2\/product_cat?post=11184"},{"taxonomy":"product_tag","embeddable":true,"href":"https:\/\/shop.bestudio.ee\/lv\/wp-json\/wp\/v2\/product_tag?post=11184"}],"curies":[{"name":"wp","href":"https:\/\/api.w.org\/{rel}","templated":true}]}}