{"id":11189,"date":"2026-02-01T19:42:03","date_gmt":"2026-02-01T17:42:03","guid":{"rendered":"https:\/\/shop.bestudio.ee\/?post_type=product&#038;p=11189"},"modified":"2026-02-01T19:42:03","modified_gmt":"2026-02-01T17:42:03","slug":"liquid-effect-dust-hailey-white-bh01-5ml","status":"publish","type":"product","link":"https:\/\/shop.bestudio.ee\/lv\/products\/liquid-effect-dust-hailey-white-bh01-5ml\/","title":{"rendered":"\u0160\u0137idr\u0101s kr\u0101sas efekta putek\u013ci Hailey White BH01, 5ml"},"content":{"rendered":"<div class=\"tab --active\" data-name=\"How to use\">K\u0101 lietot<\/div>\n<div class=\"longdescription__tab__content --use --active\" data-name=\"How to use\">\n<ol>\n<li>Pieteikties <strong>Aug\u0161da\u013cas bez noslauk\u0161anas MAKEAR<\/strong> uz g\u0113la lakas vai g\u0113la un saciet\u0113 <strong>30 sekundes<\/strong>. <em>(P\u016bderis vislab\u0101k darbojas uz siltas virsmas.)<\/em><\/li>\n<li>Pieteikties <strong>SFX \u0161\u0137idrais p\u016bderis Hailey MAKEAR<\/strong> tie\u0161i no pudeles, izmantojot oti\u0146u.<\/li>\n<li>Ier\u012bv\u0113jiet ar pirkstu vai aplikatoru, l\u012bdz tiek sasniegts v\u0113lamais efekts.<\/li>\n<li>Aizz\u012bmogojiet ar <strong>Aug\u0161da\u013cas bez noslauk\u0161anas MAKEAR<\/strong> un atkal iz\u0101rst\u0113t <strong>LED\/UV lampa, vismaz 48 W<\/strong>.<\/li>\n<\/ol>\n<div class=\"tab --active\" data-name=\"Properties\">\u012apa\u0161umi<\/div>\n<div class=\"longdescription__tab__content --use --active\" data-name=\"Properties\">\n<ul>\n<li>Forma: \u0161\u0137idrs pulveris<\/li>\n<li>Efekts: stikls, perlamutrs, sp\u012bdums<\/li>\n<li>P\u0101rkl\u0101jums: da\u013c\u0113ji caursp\u012bd\u012bgs<\/li>\n<li>Apdare: sp\u012bd\u012bga<\/li>\n<li>Lieto\u0161ana: ier\u012bv\u0113t <strong>Bez noslauk\u0161anas<\/strong> aug\u0161pus\u0113<\/li>\n<li>Ieteicamais tops: <strong>Aug\u0161da\u013cas bez noslauk\u0161anas MAKEAR<\/strong><\/li>\n<li>Formula: <strong>HEMA BEZ MAKSAS<\/strong><\/li>\n<li>Ietilp\u012bba: <strong>5 ml<\/strong><\/li>\n<li>Piez\u012bme: p\u0113c lieto\u0161anas cie\u0161i aizveriet \u2013 ja produkts paliek atv\u0113rts, tas var iztvaikot<\/li>\n<\/ul>\n<div class=\"tab --active\" data-name=\"Ingredients\">Sast\u0101vda\u013cas<\/div>\n<div class=\"longdescription__tab__content --use --active\" data-name=\"Ingredients\">\n<p>HEKSAFLUORPROP\u0112NA TRIMERS, SIL\u012aCIJA DZ\u0112RIENS, CI 77891<\/p>\n<div class=\"tab --active\" data-name=\"Ingredients\">\n<div class=\"tab --active\" data-name=\"Precautions\">Piesardz\u012bbas pas\u0101kumi<\/div>\n<div class=\"longdescription__tab__content --use --active\" data-name=\"Precautions\">\n<p>Tikai profesion\u0101lai lieto\u0161anai. Izvair\u012bties no saskares ar \u0101du un ac\u012bm. Pirms lieto\u0161anas uzman\u012bgi izlasiet nor\u0101d\u012bjumus. Var izrais\u012bt aler\u0123iskas reakcijas. Sarg\u0101t no b\u0113rniem. P\u0101rtrauciet lieto\u0161anu, ja rodas kairin\u0101jums.<\/p>\n<\/div>\n<\/div>\n<\/div>\n<\/div>\n<\/div>","protected":false},"excerpt":{"rendered":"<div class=\"longdescription__tab__content --description --active\" data-name=\"Description &amp; Use\">\n<h2><strong>SFX \u0161\u0137idrais p\u016bderis Hailey MAKEAR 5 ml \u2013 moderns stikla un p\u0113r\u013cu efekts<\/strong><\/h2>\n<p><strong>SFX \u0161\u0137idrais p\u016bderis Hailey no MAKEAR<\/strong> ir moderna alternat\u012bva tradicion\u0101lajiem birsto\u0161ajiem p\u016bderiem, kas lieliski atbilst m\u016bsdienu nagu tendenc\u0113m. Pateicoties \u0161\u0137idrajai konsistencei un uzkl\u0101\u0161anai ar oti\u0146u, t\u0101 \u013cauj sasniegt <strong>stiklam l\u012bdz\u012bga virsma, smalks perlamutra mirdzums un intens\u012bvs sp\u012bdums<\/strong> \u2013 bez putek\u013ciem, nek\u0101rt\u012bbas vai produktu atkritumiem.<\/p>\n<p>The <strong>Heilija kolekcija<\/strong> ietver tr\u012bs delik\u0101tus to\u0146us, kas pie\u0161\u0137ir nagiem maigu, klasisku mirdzumu ar vienkr\u0101sainu sp\u012bdumu. Efekts vislab\u0101k izskat\u0101s uz <strong>gai\u0161as un paste\u013ckr\u0101sas b\u0101zes<\/strong>, skaisti atstarojot gaismu un uzlabojot pamatkr\u0101su.<\/p>\n<p>MAKEAR \u0161\u0137idrais p\u016bderis piln\u012bb\u0101 maina hroma efektu uzkl\u0101\u0161anas veidu \u2013 padarot manik\u012bru neaizmirstamu. <strong>\u0101tr\u0101k, t\u012br\u0101k un prec\u012bz\u0101k<\/strong>. Tas ir ide\u0101ls risin\u0101jums nagu stilistiem, kuri nov\u0113rt\u0113 komfortu un sak\u0101rtotu darba vietu.<\/p>\n<h3>Kas padara Hailey \u0161\u0137idro p\u016bderi \u012bpa\u0161u?<\/h3>\n<ul>\n<li><strong>Heilija efekts<\/strong> \u2013 moderna p\u0113r\u013cu stikla apdare<\/li>\n<li><strong>Nav putek\u013cu<\/strong> \u2013 t\u012bra lietojumprogramma<\/li>\n<li><strong>Prec\u012bza uzkl\u0101\u0161ana ar otu<\/strong><\/li>\n<li><strong>Augsta efektivit\u0101te<\/strong> \u2013 nav produktu atkritumu<\/li>\n<li><strong>Puscaursp\u012bd\u012bga, sp\u012bd\u012bga apdare<\/strong><\/li>\n<\/ul>\n<h3>Pieteikums<\/h3>\n<ul>\n<li>Hailey efekts \/ p\u0113r\u013cu stikla nagi<\/li>\n<li>Stikla un perlamutra nagu dizains<\/li>\n<li>G\u0113la laka un g\u0113la manik\u012brs (uzkl\u0101ts uz virsmas bez noslauk\u0161anas)<\/li>\n<\/ul>\n<div class=\"longdescription__tab__content --use --active\" data-name=\"FAQ\">\n<h3>Bie\u017ei uzdotie jaut\u0101jumi \u2014 Google m\u0101ksl\u012bg\u0101 intelekta p\u0101rskati (jaut\u0101jumi un atbildes)<\/h3>\n<p><strong>Kas ir \u0161\u0137idrais nagu pulveris?<\/strong><br \/>\n\u0160\u0137idrais pulveris ir moderns hroma produkts, ko uzkl\u0101j ar otu, nodro\u0161inot stikla un sp\u012bduma efektu bez putek\u013ciem.<\/p>\n<p><strong>K\u0101 pan\u0101kt Heilija efektu?<\/strong><br \/>\nIeberz\u0113jiet \u0161\u0137idro pulveri <strong>Bez noslauk\u0161anas<\/strong> virspusi, v\u0113lams, kam\u0113r t\u0101 p\u0113c saciet\u0113\u0161anas v\u0113l ir silta.<\/p>\n<p><strong>Kuras pamatkr\u0101sas vislab\u0101k izskat\u0101s?<\/strong><br \/>\nGai\u0161i un paste\u013cto\u0146i sniedz visredzam\u0101ko p\u0113r\u013cu stikla efektu.<\/p>\n<p><strong>Vai \u0161\u0137idrs pulveris rada putek\u013cus?<\/strong><br \/>\nN\u0113, tas ir bez putek\u013ciem un uztur darba vietu t\u012bru.<\/p>\n<p><strong>Vai man ir j\u0101p\u0101rkl\u0101j dizains ar virs\u0113jo p\u0101rkl\u0101jumu?<\/strong><br \/>\nJ\u0101, nosl\u0113dziet ar virsmu bez noslauk\u0161anas un v\u0113lreiz saciet\u0113jiet iztur\u012bbas nodro\u0161in\u0101\u0161anai.<\/p>\n<\/div>\n<\/div>","protected":false},"featured_media":11193,"template":"","meta":[],"product_brand":[],"product_cat":[116,135,229],"product_tag":[],"class_list":{"0":"post-11189","1":"product","2":"type-product","3":"status-publish","4":"has-post-thumbnail","6":"product_cat-makear","7":"product_cat-makeart","8":"product_cat-nail-art","10":"first","11":"instock","12":"taxable","13":"shipping-taxable","14":"purchasable","15":"product-type-simple"},"jetpack_sharing_enabled":true,"_links":{"self":[{"href":"https:\/\/shop.bestudio.ee\/lv\/wp-json\/wp\/v2\/product\/11189","targetHints":{"allow":["GET"]}}],"collection":[{"href":"https:\/\/shop.bestudio.ee\/lv\/wp-json\/wp\/v2\/product"}],"about":[{"href":"https:\/\/shop.bestudio.ee\/lv\/wp-json\/wp\/v2\/types\/product"}],"wp:featuredmedia":[{"embeddable":true,"href":"https:\/\/shop.bestudio.ee\/lv\/wp-json\/wp\/v2\/media\/11193"}],"wp:attachment":[{"href":"https:\/\/shop.bestudio.ee\/lv\/wp-json\/wp\/v2\/media?parent=11189"}],"wp:term":[{"taxonomy":"product_brand","embeddable":true,"href":"https:\/\/shop.bestudio.ee\/lv\/wp-json\/wp\/v2\/product_brand?post=11189"},{"taxonomy":"product_cat","embeddable":true,"href":"https:\/\/shop.bestudio.ee\/lv\/wp-json\/wp\/v2\/product_cat?post=11189"},{"taxonomy":"product_tag","embeddable":true,"href":"https:\/\/shop.bestudio.ee\/lv\/wp-json\/wp\/v2\/product_tag?post=11189"}],"curies":[{"name":"wp","href":"https:\/\/api.w.org\/{rel}","templated":true}]}}