{"id":11234,"date":"2026-03-29T12:58:24","date_gmt":"2026-03-29T09:58:24","guid":{"rendered":"https:\/\/shop.bestudio.ee\/?post_type=product&#038;p=11234"},"modified":"2026-03-29T12:58:24","modified_gmt":"2026-03-29T09:58:24","slug":"rebuild-natural-14ml","status":"publish","type":"product","link":"https:\/\/shop.bestudio.ee\/lv\/products\/rebuild-natural-14ml\/","title":{"rendered":"ReBuild Natural, 14ml"},"content":{"rendered":"<h4 class=\"seGZY9w oKkksZn---typography-11-runningText oKkksZn---priority-7-primary _HOcyB x4nptw sxbtulv ftb6e2\" aria-hidden=\"false\" data-hook=\"info-section-title\">Akt\u012bv\u0101s sast\u0101vda\u013cas:<\/h4>\n<div class=\"aecizt ciGGdC QfrfFD cell\" data-hook=\"collapse-info-minus-icon\">Nagu pl\u0101ksnes mitrin\u0101\u0161ana: Hibisks ir bag\u0101ts ar augu izcelsmes g\u013cotviel\u0101m, kas saglab\u0101 mitrumu un pal\u012bdz nov\u0113rst sausumu un trauslumu.<\/div>\n<div class=\"rah-static rah-static--height-auto\" aria-hidden=\"false\">\n<div class=\"ulKuLk QfrfFD cell\">\n<div class=\"zp8uy2\" data-hook=\"info-section-description\">\n<p>Ziedsk\u0101bes stimul\u0113 kerat\u012bna sl\u0101\u0146a atjauno\u0161anos, padarot nagus bl\u012bv\u0101kus un iztur\u012bg\u0101kus pret \u0161\u0137el\u0161anos.<\/p>\n<p>Dab\u012bg\u0101s sk\u0101bes maigi izl\u012bdzina nagu mikroreljefu un m\u012bkstina rievojumu izskatu. T\u0101m piem\u012bt viegla balino\u0161a iedarb\u012bba, kas pal\u012bdz nov\u0113rst nagu dzelt\u0113\u0161anu pigmentu vai \u0101r\u0113jo faktoru ietekm\u0113.<\/p>\n<p>Augsts antioksidantu saturs aizsarg\u0101 nagus no oksidat\u012bv\u0101 stresa un agres\u012bvas vides ietekmes.<\/p>\n<\/div>\n<\/div>\n<\/div>\n<h4 class=\"seGZY9w oKkksZn---typography-11-runningText oKkksZn---priority-7-primary _HOcyB x4nptw sxbtulv ftb6e2\" aria-hidden=\"false\" data-hook=\"info-section-title\"><strong>Lieto\u0161ana:<\/strong><\/h4>\n<div class=\"rah-static rah-static--height-auto\" aria-hidden=\"false\">\n<div>\n<div class=\"ulKuLk QfrfFD cell\">\n<div class=\"zp8uy2\" data-hook=\"info-section-description\">\n<div>\n<p>K\u0101 b\u0101ze: 1 k\u0101rta zem nagu lakas<\/p>\n<p>K\u0101 kop\u0161anas rut\u012bna: 2 reizes ned\u0113\u013c\u0101 \u2013 2 k\u0101rtas \u2013 no\u0146em\u0161ana starp katru reizi \u2013 lietot 2 vai 3 ned\u0113\u013cu laik\u0101<\/p>\n<p>K\u0101 perfekts kr\u0101sas un izpludin\u0101\u0161anas efekts: 2 k\u0101rtas<\/p>\n<\/div>\n<\/div>\n<\/div>\n<\/div>\n<\/div>\n<h4 class=\"seGZY9w oKkksZn---typography-11-runningText oKkksZn---priority-7-primary _HOcyB x4nptw sxbtulv ftb6e2\" aria-hidden=\"false\" data-hook=\"info-section-title\"><strong>Apjoms:<\/strong><\/h4>\n<div class=\"rah-static rah-static--height-auto\" aria-hidden=\"false\">\n<div>\n<div class=\"ulKuLk QfrfFD cell\">\n<div class=\"zp8uy2\" data-hook=\"info-section-description\">\n<p>14 ml<\/p>\n<\/div>\n<\/div>\n<\/div>\n<\/div>","protected":false},"excerpt":{"rendered":"<p>\u0160is ir ide\u0101ls nagu kop\u0161anas l\u012bdzek\u013ca, b\u0101zes p\u0101rkl\u0101juma un neitr\u0101la korektora sajaukums ar izpludin\u0101\u0161anas efektu.<\/p>\n<div>\n<p>Biolo\u0123iski akt\u012bv\u0101 atjaunojo\u0161\u0101 formula ir veidota, pateicoties unik\u0101lam nagu vesel\u012bbai labv\u0113l\u012bgu fito\u0137\u012bmisko vielu, antioksidantu un vesel\u012bgu ziedu sk\u0101bju kompleksam, kas fundament\u0101li uzlabo nagu strukt\u016bru. Nutri-PLEX komplekss veicina vesel\u012bgu aug\u0161anu, padarot nagus m\u012bkstus un l\u0113ni augo\u0161us. T\u0101 gaismu atstarojo\u0161\u0101, talku nesaturo\u0161\u0101 formula acumirkl\u012b izl\u012bdzina nel\u012bdzenumus un nevienm\u0113r\u012bgu toni, radot gludu, filtr\u0113tu virsmu, ko var lietot atsevi\u0161\u0137i vai zem nagu lakas.<\/p>\n<div>\n<p>100% BEZ TALC. Gudra formula, kas atstaro gaismu, acumirkl\u012b mask\u0113 nepiln\u012bbas un rada gludu p\u0101rkl\u0101jumu uz j\u016bsu nagiem.<\/p>\n<ul>\n<li>Produkts nav test\u0113ts uz dz\u012bvniekiem<\/li>\n<li>Veg\u0101ns<\/li>\n<li>Ra\u017eots It\u0101lij\u0101<\/li>\n<\/ul>\n<\/div>\n<\/div>","protected":false},"featured_media":11235,"template":"","meta":[],"product_brand":[],"product_cat":[99,97,98],"product_tag":[],"class_list":{"0":"post-11234","1":"product","2":"type-product","3":"status-publish","4":"has-post-thumbnail","6":"product_cat-straderm","7":"product_cat-personal-use","8":"product_cat-professional-use","10":"first","11":"instock","12":"taxable","13":"shipping-taxable","14":"purchasable","15":"product-type-simple"},"jetpack_sharing_enabled":true,"_links":{"self":[{"href":"https:\/\/shop.bestudio.ee\/lv\/wp-json\/wp\/v2\/product\/11234","targetHints":{"allow":["GET"]}}],"collection":[{"href":"https:\/\/shop.bestudio.ee\/lv\/wp-json\/wp\/v2\/product"}],"about":[{"href":"https:\/\/shop.bestudio.ee\/lv\/wp-json\/wp\/v2\/types\/product"}],"wp:featuredmedia":[{"embeddable":true,"href":"https:\/\/shop.bestudio.ee\/lv\/wp-json\/wp\/v2\/media\/11235"}],"wp:attachment":[{"href":"https:\/\/shop.bestudio.ee\/lv\/wp-json\/wp\/v2\/media?parent=11234"}],"wp:term":[{"taxonomy":"product_brand","embeddable":true,"href":"https:\/\/shop.bestudio.ee\/lv\/wp-json\/wp\/v2\/product_brand?post=11234"},{"taxonomy":"product_cat","embeddable":true,"href":"https:\/\/shop.bestudio.ee\/lv\/wp-json\/wp\/v2\/product_cat?post=11234"},{"taxonomy":"product_tag","embeddable":true,"href":"https:\/\/shop.bestudio.ee\/lv\/wp-json\/wp\/v2\/product_tag?post=11234"}],"curies":[{"name":"wp","href":"https:\/\/api.w.org\/{rel}","templated":true}]}}