{"id":11244,"date":"2026-03-29T13:36:40","date_gmt":"2026-03-29T10:36:40","guid":{"rendered":"https:\/\/shop.bestudio.ee\/?post_type=product&#038;p=11244"},"modified":"2026-03-29T13:36:40","modified_gmt":"2026-03-29T10:36:40","slug":"luxio-almost-tpo-free","status":"publish","type":"product","link":"https:\/\/shop.bestudio.ee\/lv\/products\/luxio-almost-tpo-free\/","title":{"rendered":"LUXIO\u00ae Gandr\u012bz (bez TPO)"},"content":{"rendered":"<h3 class=\"station-tabs-tabtitle\"><span id=\"station-tabs-tab_ht-i0-t31\" class=\"station-tabs-tab is-active\" tabindex=\"0\" role=\"button\" aria-controls=\"station-tabs-tabpanel_ht-i0-t31\" data-slug=\"application\" aria-expanded=\"true\"><span class=\"station-tabs-tabtext\">Pielietojums:<\/span><\/span><\/h3>\n<div id=\"station-tabs-tabpanel_ht-i0-t31\" class=\"station-tabs-tabpanel is-active\" role=\"region\" aria-labelledby=\"station-tabs-tab_ht-i0-t31\" aria-hidden=\"false\">\n<div class=\"station-tabs-tabcontent\">\n<p><strong>1. darb\u012bba: Nagu sagatavo\u0161ana<\/strong><br \/>\nS\u0101ciet ar r\u016bp\u012bgu dabisko nagu sagatavo\u0161anu: not\u012briet tos ar Akz\u00e9ntz Prep &amp; Wipe, atb\u012bdiet vai no\u0146emiet kutikulas un nopul\u0113jiet naga pl\u0101ksni, no\u0146emot visu sp\u012bdumu. Iesak\u0101m 180 graudu v\u012bli.<\/p>\n<p><strong>2.\u00a0solis: pamatlieto\u0161ana<\/strong><br \/>\nUzkl\u0101jiet pl\u0101nu, vienm\u0113r\u012bgu Luxio\u00ae Base k\u0101rtu naga centr\u0101, uzman\u012bgi spie\u017eot oti\u0146u uz aug\u0161u pret kutikulu, tai nepieskaroties. Ar vieglu roku izl\u012bdziniet pamatni uz leju, virzot to uz br\u012bvo malu, nodro\u0161inot piln\u012bgu naga pl\u0101ksnes p\u0101rkl\u0101jumu. \u017d\u0101v\u0113jiet 30 sekundes.<\/p>\n<p><strong>3.\u00a0solis: kr\u0101sas uzkl\u0101\u0161ana<\/strong><br \/>\nIzv\u0113lieties v\u0113lamo Luxio\u00ae kr\u0101su. Izmantojot to pa\u0161u tehniku, uzkl\u0101jiet kr\u0101su, spie\u017eot oti\u0146u uz aug\u0161u pret kutikulu un vienm\u0113r\u012bgi velkot to uz leju p\u0101ri nagam. \u017d\u0101v\u0113jiet 30 sekundes.<\/p>\n<p><strong>4.\u00a0solis: Otrais kr\u0101su sl\u0101nis<\/strong><br \/>\nAtk\u0101rtojiet kr\u0101sas uzkl\u0101\u0161anas procesu, lai uzkl\u0101tu otro k\u0101rtu. Pieredz\u0113ju\u0161iem nagu m\u0101ksliniekiem iesak\u0101m izmantot smalku kont\u016brz\u012bmu oti\u0146u, lai uzkl\u0101tu kr\u0101su p\u0113c iesp\u0113jas tuv\u0101k kutikulai, nepieskaroties tai, lai ieg\u016btu perfektu izskatu. \u017d\u0101v\u0113jiet 30 sekundes.<\/p>\n<p><strong>5.\u00a0solis: Pabeigt<\/strong><br \/>\nPabeidziet pakalpojumu, uzkl\u0101jot Luxio\u00ae Gloss, lai ieg\u016btu ilgsto\u0161i notur\u012bgu sp\u012bd\u012bgu apdari. \u013baujiet no\u017e\u016bt 30 sekundes, p\u0113c tam no\u0146emiet lip\u012bgo sl\u0101ni ar Akz\u00e9ntz Prep &amp; Wipe. Ja v\u0113laties nel\u012bpo\u0161u virsmu ar sp\u012bdumu, izmantojiet Akz\u00e9ntz Shine-On. Mat\u0113tu efektu var pan\u0101kt ar\u012b ar Akz\u00e9ntz Matte-On.<\/p>\n<\/div>\n<\/div>\n<h3 class=\"station-tabs-tabtitle\"><span id=\"station-tabs-tab_ht-i0-t35\" class=\"station-tabs-tab is-active\" tabindex=\"0\" role=\"button\" aria-controls=\"station-tabs-tabpanel_ht-i0-t35\" data-slug=\"removal\" aria-expanded=\"true\"><span class=\"station-tabs-tabtext\">No\u0146em\u0161ana:<\/span><\/span><\/h3>\n<div id=\"station-tabs-tabpanel_ht-i0-t35\" class=\"station-tabs-tabpanel is-active\" role=\"region\" aria-labelledby=\"station-tabs-tab_ht-i0-t35\" aria-hidden=\"false\">\n<div class=\"station-tabs-tabcontent\">\n<p>No\u0146emt, vai nu uzman\u012bgi nov\u012bl\u0113jot, vai izmantojot Akz\u00e9ntz Soak-Off g\u0113la no\u0146\u0113m\u0113ju.<\/p>\n<\/div>\n<h3 class=\"station-tabs-tabtitle\"><span id=\"station-tabs-tab_ht-i0-t39\" class=\"station-tabs-tab is-active\" tabindex=\"0\" role=\"button\" aria-controls=\"station-tabs-tabpanel_ht-i0-t39\" data-slug=\"formula-information\" aria-expanded=\"true\"><span class=\"station-tabs-tabtext\">Formulas inform\u0101cija:<\/span><\/span><\/h3>\n<div id=\"station-tabs-tabpanel_ht-i0-t39\" class=\"station-tabs-tabpanel is-active\" role=\"region\" aria-labelledby=\"station-tabs-tab_ht-i0-t39\" aria-hidden=\"false\">\n<div class=\"station-tabs-tabcontent\">\n<ul>\n<li>100% T\u012brs g\u0113ls\u2122<\/li>\n<li>Bez TPO, bez HEMA, bez 10, bez \u0161\u0137\u012bdin\u0101t\u0101jiem, bez smar\u017eas<\/li>\n<li>Neizm\u0113\u0123in\u0101ts uz dz\u012bvniekiem un veg\u0101ns<\/li>\n<li>Ra\u017eots no izejviel\u0101m, kas ieg\u016btas tikai no Eiropas un Zieme\u013camerikas<\/li>\n<\/ul>\n<\/div>\n<\/div>\n<\/div>","protected":false},"excerpt":{"rendered":"<h3 class=\"station-tabs-tabtitle\"><span id=\"station-tabs-tab_ht-i0-t19\" class=\"station-tabs-tab is-active\" tabindex=\"0\" role=\"button\" aria-controls=\"station-tabs-tabpanel_ht-i0-t19\" data-slug=\"about-luxio%C2%AE\" aria-expanded=\"true\"><span class=\"station-tabs-tabtext\">Par Luxio\u00ae\u00a0<\/span><\/span><\/h3>\n<div id=\"station-tabs-tabpanel_ht-i0-t19\" class=\"station-tabs-tabpanel is-active\" role=\"region\" aria-labelledby=\"station-tabs-tab_ht-i0-t19\" aria-hidden=\"false\">\n<div class=\"station-tabs-tabcontent\">\n<p><em>T\u012bra grezn\u012bba.<\/em> Rad\u012bts vispras\u012bg\u0101kajiem profesion\u0101\u013ciem, Luxio pied\u0101v\u0101 perfekti kontrol\u0113tu uzkl\u0101\u0161anu \u2013 t\u0101 kr\u0113m\u012bg\u0101 tekst\u016bra ar minim\u0101lu piep\u016bli nos\u0113\u017eas glud\u0101, l\u012bdzen\u0101 virsm\u0101.<\/p>\n<p>T\u0101 pamat\u0101 ir m\u016bsu 100% Pure Gel\u2122 tehnolo\u0123ija. T\u0101 nesatur sp\u0113c\u012bgus \u0161\u0137\u012bdin\u0101t\u0101jus un ir izgatavota no r\u016bp\u012bgi atlas\u012bt\u0101m izejviel\u0101m no Eiropas un Zieme\u013camerikas, t\u0101 pied\u0101v\u0101 iztur\u012bbu bez stingr\u012bbas, elast\u012bbu bez kompromisiem un ilgsto\u0161u nodilumiztur\u012bbu (3+ ned\u0113\u013cas), kas respekt\u0113 dabisko nagu vesel\u012bbu un skaistumu.<\/p>\n<p>Pigmenti (ES apstiprin\u0101ti un r\u016bp\u012bgi izv\u0113l\u0113ti) nodro\u0161ina kr\u0101sas t\u012br\u012bbu un necaursp\u012bd\u012bgumu, kas \u0161\u0137iet gan apzin\u0101ts, gan nepiespiests \u2013 neatkar\u012bgi no t\u0101, vai tonis ir caursp\u012bd\u012bgs vai piln\u012bb\u0101 necaursp\u012bd\u012bgs. Rezult\u0101ts ir ilgsto\u0161s, \u0113rts p\u0101rkl\u0101jums, kas atbalsta nagu.<\/p>\n<p>Luxio\u00ae ir sist\u0113ma, kas paredz\u0113ta profesion\u0101\u013ciem, kuri nov\u0113rt\u0113 konsekvenci, izsmalcin\u0101t\u012bbu un kontroli.<\/p>\n<\/div>\n<h3 class=\"station-tabs-tabtitle\"><span id=\"station-tabs-tab_ht-i0-t13\" class=\"station-tabs-tab is-active\" tabindex=\"0\" role=\"button\" aria-controls=\"station-tabs-tabpanel_ht-i0-t13\" data-slug=\"product-highlights\" aria-expanded=\"true\"><span class=\"station-tabs-tabtext\">Produkta galven\u0101s iez\u012bmes:\u00a0<\/span><\/span><\/h3>\n<div id=\"station-tabs-tabpanel_ht-i0-t13\" class=\"station-tabs-tabpanel is-active\" role=\"region\" aria-labelledby=\"station-tabs-tab_ht-i0-t13\" aria-hidden=\"false\">\n<div class=\"station-tabs-tabcontent\">\n<ul>\n<li>Viegli lietojams<\/li>\n<li>Nesar\u016bko\u0161s<\/li>\n<li>Pa\u0161izl\u012bdzino\u0161s gludai un l\u012bdzenai virsmai<\/li>\n<li>Vienm\u0113r\u012bgs p\u0101rkl\u0101jums<\/li>\n<li>P\u0101rkl\u0101j dabiskos nagus, veidojot aizsargsl\u0101ni<\/li>\n<li>Elast\u012bgs sast\u0101vs<\/li>\n<li>Piln\u012bgi bez smar\u017eas<\/li>\n<li>Tikai profesion\u0101lai lieto\u0161anai<\/li>\n<li>Ra\u017eots Kan\u0101d\u0101<\/li>\n<\/ul>\n<p><b>Apdare: <\/b>Necaursp\u012bd\u012bgs<br \/>\n<b>P\u0101rkl\u0101jums:\u00a0<\/b>5\/5<\/p>\n<p>Luxio\u00ae Gandr\u012bz, roz\u0101 \u010duksts, ko maigina r\u012bta gaisma. Elegants, gais\u012bgs un tikko redzams \u2013 k\u0101 pamo\u0161an\u0101s pirms piln\u012bb\u0101 uzausto\u0161a saule. Neitr\u0101ls tonis, kas balans\u0113 starp baltu un roz\u0101, nekad piln\u012bb\u0101 neap\u0146emoties ne uz vienu, ne otru.<\/p>\n<\/div>\n<\/div>\n<\/div>","protected":false},"featured_media":11250,"template":"","meta":[],"product_brand":[],"product_cat":[307,267],"product_tag":[],"class_list":{"0":"post-11244","1":"product","2":"type-product","3":"status-publish","4":"has-post-thumbnail","6":"product_cat-luxio-s-s-26-late-checkout","7":"product_cat-akzentz","9":"first","10":"instock","11":"taxable","12":"shipping-taxable","13":"purchasable","14":"product-type-simple"},"jetpack_sharing_enabled":true,"_links":{"self":[{"href":"https:\/\/shop.bestudio.ee\/lv\/wp-json\/wp\/v2\/product\/11244","targetHints":{"allow":["GET"]}}],"collection":[{"href":"https:\/\/shop.bestudio.ee\/lv\/wp-json\/wp\/v2\/product"}],"about":[{"href":"https:\/\/shop.bestudio.ee\/lv\/wp-json\/wp\/v2\/types\/product"}],"wp:featuredmedia":[{"embeddable":true,"href":"https:\/\/shop.bestudio.ee\/lv\/wp-json\/wp\/v2\/media\/11250"}],"wp:attachment":[{"href":"https:\/\/shop.bestudio.ee\/lv\/wp-json\/wp\/v2\/media?parent=11244"}],"wp:term":[{"taxonomy":"product_brand","embeddable":true,"href":"https:\/\/shop.bestudio.ee\/lv\/wp-json\/wp\/v2\/product_brand?post=11244"},{"taxonomy":"product_cat","embeddable":true,"href":"https:\/\/shop.bestudio.ee\/lv\/wp-json\/wp\/v2\/product_cat?post=11244"},{"taxonomy":"product_tag","embeddable":true,"href":"https:\/\/shop.bestudio.ee\/lv\/wp-json\/wp\/v2\/product_tag?post=11244"}],"curies":[{"name":"wp","href":"https:\/\/api.w.org\/{rel}","templated":true}]}}