{"id":1427,"date":"2019-02-11T13:08:23","date_gmt":"2019-02-11T13:08:23","guid":{"rendered":"https:\/\/pood.desolbeauty.ee\/?post_type=product&#038;p=1427"},"modified":"2023-11-01T17:08:40","modified_gmt":"2023-11-01T17:08:40","slug":"provocater-noen-1-stardust-glitterpulber","status":"publish","type":"product","link":"https:\/\/shop.bestudio.ee\/lv\/products\/provocater-noen-1-stardust-glitterpulber\/","title":{"rendered":"Provocater Neon 1 Stardust mirdzo\u0161ais pulveris"},"content":{"rendered":"<p>3g,<\/p>\n<p>1066,66 \u20ac\/1KG<\/p>\n<p>SALD\u0112JUMU IZGATAVO\u0160ANA \u2013 VIENK\u0100R\u0160I EFEKTA MANIK\u012aRA KUST\u012aBA<\/p>\n<p>Nagu mirdzo\u0161ie p\u016bderi ir skaista un \u0101rk\u0101rt\u012bgi efekt\u012bva mirdzo\u0161u rota. To galven\u0101 priek\u0161roc\u012bba ir t\u0101, ka tos ir \u013coti viegli lietot pat. Viss, kas jums j\u0101dara, ir r\u016bp\u012bgi izsmidziniet mirdzo\u0161o pulveri ar ziedputek\u0161\u0146iem un p\u0113c tam ier\u012bv\u0113jiet to uz nagu virsmas. At\u0161\u0137ir\u012bb\u0101 no kr\u0101sotiem rakstiem, kas ne vienm\u0113r ir veiksm\u012bgi, Provocateur nagu lakas ir lieliski piem\u0113rotas vieglai uzkl\u0101\u0161anai un \u0113rtam izskatam uz da\u017eiem mirk\u013ciem. Nagu m\u0101kslas ziedputek\u0161\u0146i ir univers\u0101ls ornaments, kas darbojas uz gandr\u012bz jebkuras nagu lakas un uz katras sievietes izskat\u0101s piln\u012bgi sav\u0101d\u0101k.<\/p>\n<p>K\u0100 MIRDZ\u012aGU PULVERIS BOJ\u0100T?<\/p>\n<p>M\u016bsu mirdzo\u0161os pulverus var berz\u0113t vai apkais\u012bt k\u0101 saciet\u0113ju\u0161u hibr\u012bda kr\u0101su (dispersiju). P\u0113c tam ar m\u012bkstu oti\u0146u no\u0146emat liekos putek\u0161\u0146us un visbeidzot tas nokl\u0101j visu virsu un gatavs! J\u016bsu nagi jau ir ori\u0123in\u0101li un vienreiz\u0113ji. Nagu sp\u012bduma p\u016bderi Provocater nagi iepriecin\u0101s j\u016bsu draugus un piesaist\u012bs v\u012brie\u0161u uzman\u012bbu.<\/p>\n<p>Mirdzumu pulveris = IEROBE\u017dOTAS IESP\u0112JAS<\/p>\n<p>Nagu efekti, ko varat izveidot ar m\u016bsu ziedputek\u0161\u0146iem, ir patiesi bezgal\u012bgi. J\u016bs varat apvienot da\u017e\u0101dus ziedputek\u0161\u0146us un izveidot savu unik\u0101lo un ori\u0123in\u0101lo kombin\u0101ciju, pateicoties kurai j\u016bs vienm\u0113r varat izcelties ar saviem skaistajiem hibr\u012bdiem.<\/p>\n<p>PAPILDU AP\u0160AUDZIN\u0100\u0160ANA IR J\u0100NAGLO<\/p>\n<p>K\u0101 parast\u0101s kr\u0101sas lakai padar\u012bt \u012bpa\u0161u sp\u012bdumu? \u0160im nol\u016bkam izmantojiet k\u0101du no m\u016bsu ziedputek\u0161\u0146iem. Pasakaini efekti, punkti\u0146i, skaisti atspogu\u013co gaismu. M\u016bsu pied\u0101v\u0101jum\u0101 j\u016bs, cita starp\u0101, atrad\u012bsiet efektus uz zeltu un daudzkr\u0101sain\u0101m kr\u0101s\u0101m. Vai tu dod priek\u0161roku zvaig\u017e\u0146ot\u0101m debes\u012bm? M\u0113s pied\u0101v\u0101jam jums statisku efektu tr\u012bs modernos to\u0146os: dimants (balts), galaxy (spilgti zils) un roz\u0101 (roz\u0101). J\u016bsu nagi izskat\u0101s k\u0101 putek\u013ci, kas nosm\u0113r\u0113ti ar zvaig\u017e\u0146u putek\u013ciem.<\/p>\n<p>Izsmalcin\u0101t\u0101s elegances cien\u012bt\u0101jiem esam sagatavoju\u0161i zelta ziedputek\u0161\u0146u Golden Gloss, kas pie\u0161\u0137ir jebkurai stiliz\u0101cijai grezn\u012bbu. \u0160os ziedputek\u0161\u0146us var izmantot da\u017e\u0101d\u0101s pamatkr\u0101s\u0101s un pie\u0161\u0137irt tiem zeltainu mirdzumu. Ja zelts nav j\u016bsu kr\u0101sa, ielieciet spogu\u013catt\u0113lu. \u0160osezon mod\u0113 naglu spogu\u013ci, kurus veidojat, izmantojot Metal Glass efektu.<\/p>\n<p>Vai j\u016bs esat goda karaliene? Noteikti izm\u0113\u0123iniet divus m\u016bsu ziedputek\u0161\u0146us: Holo efektu jeb hologrammas nagus un Op\u0101la pulvera efektu, kas maina toni k\u0101 hameleons. Hologr\u0101fiskos efektus uz nagiem var main\u012bt p\u0113c v\u0113l\u0113\u0161an\u0101s. Neliels holo akcents vai piln\u012bgs p\u0101rkl\u0101jums.<\/p>\n<p>Izv\u0113lieties efektu un izveidojiet savu stiliz\u0101ciju!<\/p>","protected":false},"excerpt":{"rendered":"<p>STARDUST l\u012bnija ir p\u0101rsteidzo\u0161i ziedputek\u0161\u0146i, pateicoties kuriem j\u016bs ieg\u016bstat skaistu un past\u0101v\u012bgu efektu uz lapas. Lietojot Diamond Stardust efektu, j\u016bsu nagi mirdz\u0113s ar miljoniem mazu sudraba punktu, kas atstaro gaismu. Efekts nekad nav bijis tik pies\u0101tin\u0101ts un elegants. \u013baujiet sevi k\u0101rdin\u0101t.<\/p>\n<p>Pie\u0161\u0137iriet saviem nagiem unik\u0101lu raksturu!<\/p>","protected":false},"featured_media":1428,"template":"","meta":[],"product_brand":[],"product_cat":[229,74],"product_tag":[215,214],"class_list":{"0":"post-1427","1":"product","2":"type-product","3":"status-publish","4":"has-post-thumbnail","6":"product_cat-nail-art","7":"product_cat-pearl-and-glitter-powders","8":"product_tag-kuunte-kunsti-pulber","9":"product_tag-nail-art-powder","11":"first","12":"instock","13":"sale","14":"taxable","15":"shipping-taxable","16":"purchasable","17":"product-type-simple"},"jetpack_sharing_enabled":true,"_links":{"self":[{"href":"https:\/\/shop.bestudio.ee\/lv\/wp-json\/wp\/v2\/product\/1427","targetHints":{"allow":["GET"]}}],"collection":[{"href":"https:\/\/shop.bestudio.ee\/lv\/wp-json\/wp\/v2\/product"}],"about":[{"href":"https:\/\/shop.bestudio.ee\/lv\/wp-json\/wp\/v2\/types\/product"}],"wp:featuredmedia":[{"embeddable":true,"href":"https:\/\/shop.bestudio.ee\/lv\/wp-json\/wp\/v2\/media\/1428"}],"wp:attachment":[{"href":"https:\/\/shop.bestudio.ee\/lv\/wp-json\/wp\/v2\/media?parent=1427"}],"wp:term":[{"taxonomy":"product_brand","embeddable":true,"href":"https:\/\/shop.bestudio.ee\/lv\/wp-json\/wp\/v2\/product_brand?post=1427"},{"taxonomy":"product_cat","embeddable":true,"href":"https:\/\/shop.bestudio.ee\/lv\/wp-json\/wp\/v2\/product_cat?post=1427"},{"taxonomy":"product_tag","embeddable":true,"href":"https:\/\/shop.bestudio.ee\/lv\/wp-json\/wp\/v2\/product_tag?post=1427"}],"curies":[{"name":"wp","href":"https:\/\/api.w.org\/{rel}","templated":true}]}}