{"id":467,"date":"2017-02-19T15:15:34","date_gmt":"2017-02-19T15:15:34","guid":{"rendered":"http:\/\/pood.desolbeauty.ee\/?post_type=product&#038;p=467"},"modified":"2026-03-05T11:07:59","modified_gmt":"2026-03-05T09:07:59","slug":"dadi-oil-kuunehooldusoli-72ml","status":"publish","type":"product","link":"https:\/\/shop.bestudio.ee\/lv\/products\/dadi-oil-kuunehooldusoli-72ml\/","title":{"rendered":"DADI OIL nagu kop\u0161anas e\u013c\u013ca, 72ml"},"content":{"rendered":"<p>72 ml<\/p>","protected":false},"excerpt":{"rendered":"<p>UZMAN\u012aBU NO PROFESION\u0100L\u0100M CEN\u0100M \u2013 L\u016aDZU, PIEEJATIES!<\/p>\n<p>DADI&#039; OIL\u2122 NAGU KOP\u0160ANAS E\u013b\u013bA IR 95% ORGANISK\u0100<br \/>\nDadi&#039; Oil\u2122 ir sertific\u0113tu organisko e\u013c\u013cu mais\u012bjums, kas padara nagu pl\u0101ksni elast\u012bgu, iztur\u012bgu un pie\u0161\u0137ir tai dabisku, vesel\u012bgu sp\u012bdumu. Dadi&#039; Oil\u2122 \u0101tri ies\u016bcas un neatst\u0101j nagu pl\u0101ksnes virsmu taukainu, turkl\u0101t produktam ir neticami pat\u012bkama smar\u017ea.<br \/>\nLiel\u0101k\u0101s priek\u0161roc\u012bbas<br \/>\n\u2013 Mais\u012bjums sast\u0101v no 21 dab\u012bgas \u0113terisk\u0101s e\u013c\u013cas, tai skait\u0101 da\u017e\u0101du citrusaug\u013cu, vani\u013cas, bergamotes, rozmar\u012bna, citronz\u0101les, avokado, lavandas, jojobas u.c.<br \/>\n\u2013 Uzlabo nagu notur\u012bbu, elast\u012bbu, dabisko sp\u012bdumu, ne\u013cauj tiem l\u016bst un veicina \u0101das un kutikulas mitrin\u0101\u0161anu.<br \/>\n\u2013 Ilgs glab\u0101\u0161anas laiks, kas vienlaikus neboj\u0101 produkta der\u012bg\u0101s \u012bpa\u0161\u012bbas \u2013 kalpo l\u012bdz p\u0113d\u0113jam pilienam!<br \/>\nInteresanti fakti<br \/>\n\u2013 Presti\u017eais amerik\u0101\u0146u profesion\u0101lais \u017eurn\u0101ls Nail Pro Magazine Dadi&#039; Oil\u2122 e\u013c\u013cu atzina par 2012. gada lab\u0101ko jauno produktu un lab\u0101ko kutikulas kop\u0161anas l\u012bdzekli.<br \/>\n\u2013 Dadi&#039; Oil\u2122 nagu e\u013c\u013cas rad\u012bt\u0101js ir D\u017eims Nordstroms, kura vad\u012bb\u0101 CND tika rad\u012bta ar\u012b slaven\u0101 Solar Oil\u2122. Slavenais produkta nosaukums Dadi&#039; Oil\u2122 ir D\u017eima meitas Nikijas Nordstromas autors.<br \/>\n\u2013 Atliku\u0161ie 5% produkta sast\u0101v\u0101 ir dab\u012bgais E vitam\u012bns (tokoferols).<br \/>\n\u2013 Burtu kombin\u0101cija IMOSSN uz iepakojuma sast\u0101v no fr\u0101zes In Memory Of Stuart S. Nordstrom pirmajiem burtiem. Stjuarts Nordstroms bija D\u017eima t\u0113vs, Creative Nail Design (tagad CND) dibin\u0101t\u0101js. Dadi&#039; Oil\u2122 izstr\u0101d\u0101ja D\u017eims Nordstroms. Vi\u0146\u0161 ir ar\u012b slaven\u0101s Solar Oil\u2122 rad\u012bt\u0101js nagu un kutikulas kop\u0161anai. P\u0113c aizie\u0161anas no CND D\u017eims nodibin\u0101ja savu uz\u0146\u0113mumu Famous Names, kas laida klaj\u0101 jaunas paaudzes nagu kop\u0161anas l\u012bdzek\u013cu l\u012bniju. Slaven\u0101k\u0101s no t\u0101m ir Dadi&#039; Oil\u2122 e\u013c\u013ca un revolucion\u0101r\u0101 nagu stiprin\u0101\u0161anas sist\u0113ma IBX.<\/p>","protected":false},"featured_media":9369,"template":"","meta":[],"product_brand":[],"product_cat":[52,54,234,235,244,246],"product_tag":[199,201,200,198],"class_list":{"0":"post-467","1":"product","2":"type-product","3":"status-publish","4":"has-post-thumbnail","6":"product_cat-famous-names","7":"product_cat-dadi-oil","8":"product_cat-homecare-products","9":"product_cat-nail-oil","10":"product_cat-pedicure","11":"product_cat-homecare-products-pedicure","12":"product_tag-kuuntele","13":"product_tag-nails","14":"product_tag-oil-for-cuticles","15":"product_tag-oli-kuunenahale","17":"first","18":"instock","19":"taxable","20":"shipping-taxable","21":"purchasable","22":"product-type-simple"},"jetpack_sharing_enabled":true,"_links":{"self":[{"href":"https:\/\/shop.bestudio.ee\/lv\/wp-json\/wp\/v2\/product\/467","targetHints":{"allow":["GET"]}}],"collection":[{"href":"https:\/\/shop.bestudio.ee\/lv\/wp-json\/wp\/v2\/product"}],"about":[{"href":"https:\/\/shop.bestudio.ee\/lv\/wp-json\/wp\/v2\/types\/product"}],"wp:featuredmedia":[{"embeddable":true,"href":"https:\/\/shop.bestudio.ee\/lv\/wp-json\/wp\/v2\/media\/9369"}],"wp:attachment":[{"href":"https:\/\/shop.bestudio.ee\/lv\/wp-json\/wp\/v2\/media?parent=467"}],"wp:term":[{"taxonomy":"product_brand","embeddable":true,"href":"https:\/\/shop.bestudio.ee\/lv\/wp-json\/wp\/v2\/product_brand?post=467"},{"taxonomy":"product_cat","embeddable":true,"href":"https:\/\/shop.bestudio.ee\/lv\/wp-json\/wp\/v2\/product_cat?post=467"},{"taxonomy":"product_tag","embeddable":true,"href":"https:\/\/shop.bestudio.ee\/lv\/wp-json\/wp\/v2\/product_tag?post=467"}],"curies":[{"name":"wp","href":"https:\/\/api.w.org\/{rel}","templated":true}]}}